{"id":2183,"date":"2023-10-12T10:26:43","date_gmt":"2023-10-12T08:26:43","guid":{"rendered":"https:\/\/esterhabas-traduction.eu\/temoignages\/"},"modified":"2024-09-20T11:18:01","modified_gmt":"2024-09-20T09:18:01","slug":"temoignages","status":"publish","type":"page","link":"https:\/\/esterhabas-traduction.eu\/it\/temoignages\/","title":{"rendered":"Testimonianze"},"content":{"rendered":"<p>[et_pb_section fb_built=&#8221;1&#8243; _builder_version=&#8221;4.22.2&#8243; _module_preset=&#8221;default&#8221; background_color=&#8221;#000000&#8243; background_image=&#8221;https:\/\/esterhabas-traduction.eu\/wp-content\/uploads\/2023\/10\/f6.png&#8221; background_repeat=&#8221;repeat&#8221; custom_margin=&#8221;1px||60px||false|false&#8221; custom_margin_tablet=&#8221;||30px||false|false&#8221; custom_margin_phone=&#8221;||30px||false|false&#8221; custom_margin_last_edited=&#8221;on|phone&#8221; custom_padding=&#8221;0px||0px||true|false&#8221; border_width_top=&#8221;1px&#8221; border_width_bottom=&#8221;1px&#8221; global_colors_info=&#8221;{}&#8221;][et_pb_row column_structure=&#8221;3_5,2_5&#8243; make_equal=&#8221;on&#8221; _builder_version=&#8221;4.22.2&#8243; _module_preset=&#8221;default&#8221; custom_margin=&#8221;0px||0px||false|false&#8221; custom_padding=&#8221;0px||0px||false|false&#8221; global_colors_info=&#8221;{}&#8221;][et_pb_column type=&#8221;3_5&#8243; module_class=&#8221;centrer-verticalement&#8221; _builder_version=&#8221;4.22.2&#8243; _module_preset=&#8221;default&#8221; global_colors_info=&#8221;{}&#8221;][et_pb_text module_class=&#8221;titreback&#8221; _builder_version=&#8221;4.22.2&#8243; _module_preset=&#8221;default&#8221; header_text_color=&#8221;#FFFFFF&#8221; header_font_size=&#8221;41px&#8221; custom_margin=&#8221;100px||100px||true|false&#8221; custom_margin_tablet=&#8221;40px||40px||true|false&#8221; custom_margin_phone=&#8221;15px||15px||true|false&#8221; custom_margin_last_edited=&#8221;on|phone&#8221; custom_padding=&#8221;15px||||false|false&#8221; header_font_size_tablet=&#8221;30px&#8221; header_font_size_phone=&#8221;30px&#8221; header_font_size_last_edited=&#8221;on|phone&#8221; global_colors_info=&#8221;{}&#8221;]<\/p>\n<h1><span>Testimonianze<\/span><\/h1>\n<p>[\/et_pb_text][\/et_pb_column][et_pb_column type=&#8221;2_5&#8243; _builder_version=&#8221;4.22.2&#8243; _module_preset=&#8221;default&#8221; background_color=&#8221;#000000&#8243; background_image=&#8221;https:\/\/esterhabas-traduction.eu\/wp-content\/uploads\/2023\/10\/Temoignages.png&#8221; global_colors_info=&#8221;{}&#8221;][\/et_pb_column][\/et_pb_row][\/et_pb_section][et_pb_section fb_built=&#8221;1&#8243; _builder_version=&#8221;4.22.2&#8243; _module_preset=&#8221;default&#8221; background_color=&#8221;#FFFFFF&#8221; background_enable_image=&#8221;off&#8221; parallax=&#8221;on&#8221; parallax_method=&#8221;off&#8221; custom_margin=&#8221;|40px||40px|false|true&#8221; custom_margin_tablet=&#8221;50px|10px||10px|false|true&#8221; custom_margin_phone=&#8221;0px|10px|0px|10px|true|true&#8221; custom_margin_last_edited=&#8221;on|phone&#8221; custom_padding=&#8221;||||true|false&#8221; background_last_edited=&#8221;on|phone&#8221; background_enable_image_phone=&#8221;off&#8221; global_colors_info=&#8221;{}&#8221;][et_pb_row column_structure=&#8221;1_3,1_3,1_3&#8243; _builder_version=&#8221;4.22.2&#8243; _module_preset=&#8221;default&#8221; max_width=&#8221;1811px&#8221; global_colors_info=&#8221;{}&#8221;][et_pb_column type=&#8221;1_3&#8243; _builder_version=&#8221;4.22.2&#8243; _module_preset=&#8221;default&#8221; global_colors_info=&#8221;{}&#8221;][et_pb_testimonial author=&#8221;Johan L&#8217;Ecluse | ABESIM | www.abesim.com&#8221; job_title=&#8221;societ\u00e0 di ingegneria specializzata in terreni inquinati&#8221; portrait_url=&#8221;https:\/\/esterhabas-traduction.eu\/wp-content\/uploads\/2023\/12\/abesim.jpg&#8221; quote_icon_color=&#8221;#C11D1B&#8221; quote_icon_background_color=&#8221;RGBA(255,255,255,0)&#8221; portrait_width=&#8221;167px&#8221; portrait_height=&#8221;91px&#8221; use_icon_font_size=&#8221;on&#8221; icon_font_size=&#8221;36px&#8221; _builder_version=&#8221;4.27.0&#8243; _module_preset=&#8221;default&#8221; author_text_align=&#8221;left&#8221; text_orientation=&#8221;justified&#8221; custom_padding=&#8221;||||false|false&#8221; author_text_align_tablet=&#8221;left&#8221; author_text_align_phone=&#8221;left&#8221; author_text_align_last_edited=&#8221;on|phone&#8221; text_orientation_tablet=&#8221;justified&#8221; text_orientation_phone=&#8221;left&#8221; text_orientation_last_edited=&#8221;on|desktop&#8221; border_radii_portrait=&#8221;on|0px|0px|0px|0px&#8221; global_colors_info=&#8221;{}&#8221;]<\/p>\n<p><em>&#8220;Lavoriamo con lei per la sua rapidit\u00e0 di risposta, il suo entusiasmo e il suo lavoro corretto e professionale.&#8221;<\/em><\/p>\n<p>[\/et_pb_testimonial][et_pb_testimonial author=&#8221;Bruno Vargas | Docente di storia e civilt\u00e0 spagnola contemporanea | Universit\u00e0 di Tolosa, INU Champollion, Laboratorio FRAMESPA-CNRS&#8221; portrait_url=&#8221;https:\/\/esterhabas-traduction.eu\/wp-content\/uploads\/2023\/12\/Framespa.jpg&#8221; quote_icon_color=&#8221;#C11D1B&#8221; quote_icon_background_color=&#8221;RGBA(255,255,255,0)&#8221; portrait_width=&#8221;167px&#8221; portrait_height=&#8221;91px&#8221; use_icon_font_size=&#8221;on&#8221; icon_font_size=&#8221;36px&#8221; _builder_version=&#8221;4.27.0&#8243; _module_preset=&#8221;default&#8221; author_text_align=&#8221;left&#8221; text_orientation=&#8221;justified&#8221; custom_padding=&#8221;||||false|false&#8221; author_text_align_tablet=&#8221;left&#8221; author_text_align_phone=&#8221;left&#8221; author_text_align_last_edited=&#8221;on|phone&#8221; text_orientation_tablet=&#8221;justified&#8221; text_orientation_phone=&#8221;left&#8221; text_orientation_last_edited=&#8221;on|desktop&#8221; border_radii_portrait=&#8221;on|0px|0px|0px|0px&#8221; global_colors_info=&#8221;{}&#8221;]<\/p>\n<p><em>&#8220;Conosco Ester Habas da oltre dieci anni, grazie al suo lavoro di traduttrice alle Journ\u00e9es internationales Manuel Aza\u00f1a di Montauban. La qualit\u00e0 di queste traduzioni simultanee, a volte senza la preventiva conoscenza del testo dell&#8217;oratore, \u00e8 notevole. Finora abbiamo ricevuto solo elogi per il lavoro di Ester da un pubblico spesso esigente. E naturalmente, grazie alla sua professionalit\u00e0, al suo rigore e alla sua capacit\u00e0 di destreggiarsi da un argomento all&#8217;altro senza compromettere la qualit\u00e0 del suo lavoro, le ho chiesto di tradurre diverse conferenze universitarie sulla storia contemporanea della Spagna organizzate dall&#8217;INU Champollion e dall&#8217;Universit\u00e9 Toulouse Jean Jaur\u00e8s. Pi\u00f9 recentemente, non ho esitato a raccomandarla al M\u00e9morial du Camp de Rivesaltes per la traduzione di un incontro franco-spagnolo a cui ha partecipato il Segretario di Stato per la Memoria Democratica, Fernando Mart\u00ednez. Una prova, se ce ne fosse bisogno, della nostra totale fiducia nelle qualit\u00e0 umane e professionali di Ester.&#8221;<\/em><\/p>\n<p>[\/et_pb_testimonial][\/et_pb_column][et_pb_column type=&#8221;1_3&#8243; _builder_version=&#8221;4.22.2&#8243; _module_preset=&#8221;default&#8221; global_colors_info=&#8221;{}&#8221;][et_pb_testimonial author=&#8221;Ian Margo | Amministratore delegato | di Coup de Puce Expansion SARL&#8221; portrait_url=&#8221;https:\/\/esterhabas-traduction.eu\/wp-content\/uploads\/2023\/12\/coup-de-puce.jpg&#8221; quote_icon_color=&#8221;#C11D1B&#8221; quote_icon_background_color=&#8221;RGBA(255,255,255,0)&#8221; portrait_width=&#8221;167px&#8221; portrait_height=&#8221;91px&#8221; use_icon_font_size=&#8221;on&#8221; icon_font_size=&#8221;36px&#8221; _builder_version=&#8221;4.27.0&#8243; _module_preset=&#8221;default&#8221; author_text_align=&#8221;left&#8221; text_orientation=&#8221;justified&#8221; custom_padding=&#8221;||||false|false&#8221; author_text_align_tablet=&#8221;left&#8221; author_text_align_phone=&#8221;left&#8221; author_text_align_last_edited=&#8221;on|phone&#8221; text_orientation_tablet=&#8221;justified&#8221; text_orientation_phone=&#8221;left&#8221; text_orientation_last_edited=&#8221;on|desktop&#8221; border_radii_portrait=&#8221;on|0px|0px|0px|0px&#8221; global_colors_info=&#8221;{}&#8221;]<\/p>\n<p><em>&#8220;Ci siamo spesso rivolti a Ester Habas Castro, sicuri che avrebbe consegnato un lavoro di qualit\u00e0, secondo gli standard pi\u00f9 elevati e nei tempi previsti. Ci fornisce anche servizi di interpretazione di cui i nostri clienti sono pienamente soddisfatti.&#8221;<\/em><\/p>\n<p>[\/et_pb_testimonial][et_pb_testimonial author=&#8221;Sara Freitas-Maltavernes | Sfm traduzioni&#8221; portrait_url=&#8221;https:\/\/esterhabas-traduction.eu\/wp-content\/uploads\/2023\/12\/SFM-Traduction-Conseil.jpg&#8221; quote_icon_color=&#8221;#C11D1B&#8221; quote_icon_background_color=&#8221;RGBA(255,255,255,0)&#8221; portrait_width=&#8221;167px&#8221; portrait_height=&#8221;91px&#8221; use_icon_font_size=&#8221;on&#8221; icon_font_size=&#8221;36px&#8221; _builder_version=&#8221;4.27.0&#8243; _module_preset=&#8221;default&#8221; author_text_align=&#8221;left&#8221; text_orientation=&#8221;justified&#8221; custom_padding=&#8221;||||false|false&#8221; author_text_align_tablet=&#8221;left&#8221; author_text_align_phone=&#8221;left&#8221; author_text_align_last_edited=&#8221;on|phone&#8221; text_orientation_tablet=&#8221;justified&#8221; text_orientation_phone=&#8221;left&#8221; text_orientation_last_edited=&#8221;on|desktop&#8221; border_radii_portrait=&#8221;on|0px|0px|0px|0px&#8221; global_colors_info=&#8221;{}&#8221;]<\/p>\n<p><em>&#8220;Ester ha riletto per me una traduzione dal francese allo spagnolo. Ho apprezzato la sua attenzione ai dettagli e alle differenze tipografiche da una lingua all&#8217;altra. Ha anche armonizzato la struttura delle diverse frasi in elenchi puntati per dare un senso al tutto. Non esiterei a rivolgermi di nuovo a Ester per progetti in lingua spagnola.&#8221;<\/em><\/p>\n<p>[\/et_pb_testimonial][\/et_pb_column][et_pb_column type=&#8221;1_3&#8243; _builder_version=&#8221;4.22.2&#8243; _module_preset=&#8221;default&#8221; global_colors_info=&#8221;{}&#8221;][et_pb_testimonial author=&#8221;Evelyne Demey | Edizioni du Huiti\u00e8me Jour, huitiemejour-editions.fr&#8221; portrait_url=&#8221;https:\/\/esterhabas-traduction.eu\/wp-content\/uploads\/2023\/12\/huitieme-jour.jpg&#8221; quote_icon_color=&#8221;#C11D1B&#8221; quote_icon_background_color=&#8221;RGBA(255,255,255,0)&#8221; portrait_width=&#8221;167px&#8221; portrait_height=&#8221;91px&#8221; use_icon_font_size=&#8221;on&#8221; icon_font_size=&#8221;36px&#8221; _builder_version=&#8221;4.27.0&#8243; _module_preset=&#8221;default&#8221; author_text_align=&#8221;left&#8221; text_orientation=&#8221;justified&#8221; custom_padding=&#8221;||||false|false&#8221; author_text_align_tablet=&#8221;left&#8221; author_text_align_phone=&#8221;left&#8221; author_text_align_last_edited=&#8221;on|phone&#8221; text_orientation_tablet=&#8221;justified&#8221; text_orientation_phone=&#8221;left&#8221; text_orientation_last_edited=&#8221;on|desktop&#8221; border_radii_portrait=&#8221;on|0px|0px|0px|0px&#8221; global_colors_info=&#8221;{}&#8221;]<\/p>\n<p><em>&#8220;Ecco i motivi per cui siamo rimasti cos\u00ec soddisfatti del lavoro di Ester Habas:<br \/>\u2022 l&#8217;affidabilit\u00e0 della traduzione<br \/>\u2022 la puntualit\u00e0<br \/>\u2022 la reattivit\u00e0&#8221;<\/em><\/p>\n<p>[\/et_pb_testimonial][\/et_pb_column][\/et_pb_row][\/et_pb_section]<\/p>\n","protected":false},"excerpt":{"rendered":"<p>Lavoriamo con lei per la sua rapidit\u00e0 di risposta, il suo entusiasmo e il suo lavoro corretto e professionale.<\/p>\n","protected":false},"author":1,"featured_media":1408,"parent":0,"menu_order":0,"comment_status":"closed","ping_status":"closed","template":"","meta":{"_et_pb_use_builder":"on","_et_pb_old_content":"","_et_gb_content_width":"","footnotes":""},"class_list":["post-2183","page","type-page","status-publish","has-post-thumbnail","hentry"],"yoast_head":"<!-- This site is optimized with the Yoast SEO plugin v26.6 - https:\/\/yoast.com\/wordpress\/plugins\/seo\/ -->\n<title>Testimonianze - Ester Habas Traduction<\/title>\n<meta name=\"description\" content=\"Lavoriamo con lei per la sua rapidit\u00e0 di risposta, il suo entusiasmo e il suo lavoro corretto e professionale.\" \/>\n<meta name=\"robots\" content=\"index, follow, max-snippet:-1, max-image-preview:large, max-video-preview:-1\" \/>\n<link rel=\"canonical\" href=\"https:\/\/esterhabas-traduction.eu\/it\/temoignages\/\" \/>\n<meta property=\"og:locale\" content=\"it_IT\" \/>\n<meta property=\"og:type\" content=\"article\" \/>\n<meta property=\"og:title\" content=\"Testimonianze - Ester Habas Traduction\" \/>\n<meta property=\"og:description\" content=\"Lavoriamo con lei per la sua rapidit\u00e0 di risposta, il suo entusiasmo e il suo lavoro corretto e professionale.\" \/>\n<meta property=\"og:url\" content=\"https:\/\/esterhabas-traduction.eu\/it\/temoignages\/\" \/>\n<meta property=\"og:site_name\" content=\"Ester Habas Traduction\" \/>\n<meta property=\"article:modified_time\" content=\"2024-09-20T09:18:01+00:00\" \/>\n<meta property=\"og:image\" content=\"https:\/\/esterhabas-traduction.eu\/wp-content\/uploads\/2023\/10\/Temoignages.png\" \/>\n\t<meta property=\"og:image:width\" content=\"550\" \/>\n\t<meta property=\"og:image:height\" content=\"367\" \/>\n\t<meta property=\"og:image:type\" content=\"image\/png\" \/>\n<meta name=\"twitter:card\" content=\"summary_large_image\" \/>\n<meta name=\"twitter:label1\" content=\"Tempo di lettura stimato\" \/>\n\t<meta name=\"twitter:data1\" content=\"6 minuti\" \/>\n<script type=\"application\/ld+json\" class=\"yoast-schema-graph\">{\"@context\":\"https:\/\/schema.org\",\"@graph\":[{\"@type\":\"WebPage\",\"@id\":\"https:\/\/esterhabas-traduction.eu\/it\/temoignages\/\",\"url\":\"https:\/\/esterhabas-traduction.eu\/it\/temoignages\/\",\"name\":\"Testimonianze - Ester Habas Traduction\",\"isPartOf\":{\"@id\":\"https:\/\/esterhabas-traduction.eu\/it\/#website\"},\"primaryImageOfPage\":{\"@id\":\"https:\/\/esterhabas-traduction.eu\/it\/temoignages\/#primaryimage\"},\"image\":{\"@id\":\"https:\/\/esterhabas-traduction.eu\/it\/temoignages\/#primaryimage\"},\"thumbnailUrl\":\"https:\/\/esterhabas-traduction.eu\/wp-content\/uploads\/2023\/10\/Temoignages.png\",\"datePublished\":\"2023-10-12T08:26:43+00:00\",\"dateModified\":\"2024-09-20T09:18:01+00:00\",\"description\":\"Lavoriamo con lei per la sua rapidit\u00e0 di risposta, il suo entusiasmo e il suo lavoro corretto e professionale.\",\"breadcrumb\":{\"@id\":\"https:\/\/esterhabas-traduction.eu\/it\/temoignages\/#breadcrumb\"},\"inLanguage\":\"it-IT\",\"potentialAction\":[{\"@type\":\"ReadAction\",\"target\":[\"https:\/\/esterhabas-traduction.eu\/it\/temoignages\/\"]}]},{\"@type\":\"ImageObject\",\"inLanguage\":\"it-IT\",\"@id\":\"https:\/\/esterhabas-traduction.eu\/it\/temoignages\/#primaryimage\",\"url\":\"https:\/\/esterhabas-traduction.eu\/wp-content\/uploads\/2023\/10\/Temoignages.png\",\"contentUrl\":\"https:\/\/esterhabas-traduction.eu\/wp-content\/uploads\/2023\/10\/Temoignages.png\",\"width\":550,\"height\":367},{\"@type\":\"BreadcrumbList\",\"@id\":\"https:\/\/esterhabas-traduction.eu\/it\/temoignages\/#breadcrumb\",\"itemListElement\":[{\"@type\":\"ListItem\",\"position\":1,\"name\":\"Accueil\",\"item\":\"https:\/\/esterhabas-traduction.eu\/it\/\"},{\"@type\":\"ListItem\",\"position\":2,\"name\":\"Testimonianze\"}]},{\"@type\":\"WebSite\",\"@id\":\"https:\/\/esterhabas-traduction.eu\/it\/#website\",\"url\":\"https:\/\/esterhabas-traduction.eu\/it\/\",\"name\":\"Ester Habas Traduction\",\"description\":\"Interpr\u00e9tation de conf\u00e9rence, cons\u00e9cutive, de liaison, \u00e0 distance et chuchotage\u00a0; traduction fran\u00e7ais, italien, anglais et espagnol\u00a0; voix off et formation espagnol.\",\"publisher\":{\"@id\":\"https:\/\/esterhabas-traduction.eu\/it\/#organization\"},\"potentialAction\":[{\"@type\":\"SearchAction\",\"target\":{\"@type\":\"EntryPoint\",\"urlTemplate\":\"https:\/\/esterhabas-traduction.eu\/it\/?s={search_term_string}\"},\"query-input\":{\"@type\":\"PropertyValueSpecification\",\"valueRequired\":true,\"valueName\":\"search_term_string\"}}],\"inLanguage\":\"it-IT\"},{\"@type\":\"Organization\",\"@id\":\"https:\/\/esterhabas-traduction.eu\/it\/#organization\",\"name\":\"Ester Habas\",\"url\":\"https:\/\/esterhabas-traduction.eu\/it\/\",\"logo\":{\"@type\":\"ImageObject\",\"inLanguage\":\"it-IT\",\"@id\":\"https:\/\/esterhabas-traduction.eu\/it\/#\/schema\/logo\/image\/\",\"url\":\"https:\/\/esterhabas-traduction.eu\/wp-content\/uploads\/2023\/10\/logo-ester-habas-1.png\",\"contentUrl\":\"https:\/\/esterhabas-traduction.eu\/wp-content\/uploads\/2023\/10\/logo-ester-habas-1.png\",\"width\":800,\"height\":172,\"caption\":\"Ester Habas\"},\"image\":{\"@id\":\"https:\/\/esterhabas-traduction.eu\/it\/#\/schema\/logo\/image\/\"}}]}<\/script>\n<!-- \/ Yoast SEO plugin. -->","yoast_head_json":{"title":"Testimonianze - Ester Habas Traduction","description":"Lavoriamo con lei per la sua rapidit\u00e0 di risposta, il suo entusiasmo e il suo lavoro corretto e professionale.","robots":{"index":"index","follow":"follow","max-snippet":"max-snippet:-1","max-image-preview":"max-image-preview:large","max-video-preview":"max-video-preview:-1"},"canonical":"https:\/\/esterhabas-traduction.eu\/it\/temoignages\/","og_locale":"it_IT","og_type":"article","og_title":"Testimonianze - Ester Habas Traduction","og_description":"Lavoriamo con lei per la sua rapidit\u00e0 di risposta, il suo entusiasmo e il suo lavoro corretto e professionale.","og_url":"https:\/\/esterhabas-traduction.eu\/it\/temoignages\/","og_site_name":"Ester Habas Traduction","article_modified_time":"2024-09-20T09:18:01+00:00","og_image":[{"width":550,"height":367,"url":"https:\/\/esterhabas-traduction.eu\/wp-content\/uploads\/2023\/10\/Temoignages.png","type":"image\/png"}],"twitter_card":"summary_large_image","twitter_misc":{"Tempo di lettura stimato":"6 minuti"},"schema":{"@context":"https:\/\/schema.org","@graph":[{"@type":"WebPage","@id":"https:\/\/esterhabas-traduction.eu\/it\/temoignages\/","url":"https:\/\/esterhabas-traduction.eu\/it\/temoignages\/","name":"Testimonianze - Ester Habas Traduction","isPartOf":{"@id":"https:\/\/esterhabas-traduction.eu\/it\/#website"},"primaryImageOfPage":{"@id":"https:\/\/esterhabas-traduction.eu\/it\/temoignages\/#primaryimage"},"image":{"@id":"https:\/\/esterhabas-traduction.eu\/it\/temoignages\/#primaryimage"},"thumbnailUrl":"https:\/\/esterhabas-traduction.eu\/wp-content\/uploads\/2023\/10\/Temoignages.png","datePublished":"2023-10-12T08:26:43+00:00","dateModified":"2024-09-20T09:18:01+00:00","description":"Lavoriamo con lei per la sua rapidit\u00e0 di risposta, il suo entusiasmo e il suo lavoro corretto e professionale.","breadcrumb":{"@id":"https:\/\/esterhabas-traduction.eu\/it\/temoignages\/#breadcrumb"},"inLanguage":"it-IT","potentialAction":[{"@type":"ReadAction","target":["https:\/\/esterhabas-traduction.eu\/it\/temoignages\/"]}]},{"@type":"ImageObject","inLanguage":"it-IT","@id":"https:\/\/esterhabas-traduction.eu\/it\/temoignages\/#primaryimage","url":"https:\/\/esterhabas-traduction.eu\/wp-content\/uploads\/2023\/10\/Temoignages.png","contentUrl":"https:\/\/esterhabas-traduction.eu\/wp-content\/uploads\/2023\/10\/Temoignages.png","width":550,"height":367},{"@type":"BreadcrumbList","@id":"https:\/\/esterhabas-traduction.eu\/it\/temoignages\/#breadcrumb","itemListElement":[{"@type":"ListItem","position":1,"name":"Accueil","item":"https:\/\/esterhabas-traduction.eu\/it\/"},{"@type":"ListItem","position":2,"name":"Testimonianze"}]},{"@type":"WebSite","@id":"https:\/\/esterhabas-traduction.eu\/it\/#website","url":"https:\/\/esterhabas-traduction.eu\/it\/","name":"Ester Habas Traduction","description":"Interpr\u00e9tation de conf\u00e9rence, cons\u00e9cutive, de liaison, \u00e0 distance et chuchotage\u00a0; traduction fran\u00e7ais, italien, anglais et espagnol\u00a0; voix off et formation espagnol.","publisher":{"@id":"https:\/\/esterhabas-traduction.eu\/it\/#organization"},"potentialAction":[{"@type":"SearchAction","target":{"@type":"EntryPoint","urlTemplate":"https:\/\/esterhabas-traduction.eu\/it\/?s={search_term_string}"},"query-input":{"@type":"PropertyValueSpecification","valueRequired":true,"valueName":"search_term_string"}}],"inLanguage":"it-IT"},{"@type":"Organization","@id":"https:\/\/esterhabas-traduction.eu\/it\/#organization","name":"Ester Habas","url":"https:\/\/esterhabas-traduction.eu\/it\/","logo":{"@type":"ImageObject","inLanguage":"it-IT","@id":"https:\/\/esterhabas-traduction.eu\/it\/#\/schema\/logo\/image\/","url":"https:\/\/esterhabas-traduction.eu\/wp-content\/uploads\/2023\/10\/logo-ester-habas-1.png","contentUrl":"https:\/\/esterhabas-traduction.eu\/wp-content\/uploads\/2023\/10\/logo-ester-habas-1.png","width":800,"height":172,"caption":"Ester Habas"},"image":{"@id":"https:\/\/esterhabas-traduction.eu\/it\/#\/schema\/logo\/image\/"}}]}},"_links":{"self":[{"href":"https:\/\/esterhabas-traduction.eu\/it\/wp-json\/wp\/v2\/pages\/2183","targetHints":{"allow":["GET"]}}],"collection":[{"href":"https:\/\/esterhabas-traduction.eu\/it\/wp-json\/wp\/v2\/pages"}],"about":[{"href":"https:\/\/esterhabas-traduction.eu\/it\/wp-json\/wp\/v2\/types\/page"}],"author":[{"embeddable":true,"href":"https:\/\/esterhabas-traduction.eu\/it\/wp-json\/wp\/v2\/users\/1"}],"replies":[{"embeddable":true,"href":"https:\/\/esterhabas-traduction.eu\/it\/wp-json\/wp\/v2\/comments?post=2183"}],"version-history":[{"count":12,"href":"https:\/\/esterhabas-traduction.eu\/it\/wp-json\/wp\/v2\/pages\/2183\/revisions"}],"predecessor-version":[{"id":2565,"href":"https:\/\/esterhabas-traduction.eu\/it\/wp-json\/wp\/v2\/pages\/2183\/revisions\/2565"}],"wp:featuredmedia":[{"embeddable":true,"href":"https:\/\/esterhabas-traduction.eu\/it\/wp-json\/wp\/v2\/media\/1408"}],"wp:attachment":[{"href":"https:\/\/esterhabas-traduction.eu\/it\/wp-json\/wp\/v2\/media?parent=2183"}],"curies":[{"name":"wp","href":"https:\/\/api.w.org\/{rel}","templated":true}]}}