{"id":2140,"date":"2023-10-12T10:26:43","date_gmt":"2023-10-12T08:26:43","guid":{"rendered":"https:\/\/esterhabas-traduction.eu\/voix-off\/"},"modified":"2024-09-20T11:16:30","modified_gmt":"2024-09-20T09:16:30","slug":"voix-off","status":"publish","type":"page","link":"https:\/\/esterhabas-traduction.eu\/it\/voix-off\/","title":{"rendered":"Speakeraggio"},"content":{"rendered":"<p>[et_pb_section fb_built=&#8221;1&#8243; _builder_version=&#8221;4.22.2&#8243; _module_preset=&#8221;default&#8221; background_color=&#8221;#000000&#8243; background_image=&#8221;https:\/\/esterhabas-traduction.eu\/wp-content\/uploads\/2023\/10\/f6.png&#8221; background_repeat=&#8221;repeat&#8221; custom_margin=&#8221;1px||60px||false|false&#8221; custom_margin_tablet=&#8221;||30px||false|false&#8221; custom_margin_phone=&#8221;||30px||false|false&#8221; custom_margin_last_edited=&#8221;on|phone&#8221; custom_padding=&#8221;0px||0px||true|false&#8221; border_width_top=&#8221;1px&#8221; border_width_bottom=&#8221;1px&#8221; global_colors_info=&#8221;{}&#8221;][et_pb_row column_structure=&#8221;3_5,2_5&#8243; make_equal=&#8221;on&#8221; _builder_version=&#8221;4.22.2&#8243; _module_preset=&#8221;default&#8221; custom_margin=&#8221;0px||0px||false|false&#8221; custom_padding=&#8221;0px||0px||false|false&#8221; global_colors_info=&#8221;{}&#8221;][et_pb_column type=&#8221;3_5&#8243; module_class=&#8221;centrer-verticalement&#8221; _builder_version=&#8221;4.22.2&#8243; _module_preset=&#8221;default&#8221; global_colors_info=&#8221;{}&#8221;][et_pb_text module_class=&#8221;titreback&#8221; _builder_version=&#8221;4.22.2&#8243; _module_preset=&#8221;default&#8221; header_text_color=&#8221;#FFFFFF&#8221; header_font_size=&#8221;41px&#8221; custom_margin=&#8221;100px||100px||true|false&#8221; custom_margin_tablet=&#8221;40px||40px||true|false&#8221; custom_margin_phone=&#8221;15px||15px||true|false&#8221; custom_margin_last_edited=&#8221;on|phone&#8221; custom_padding=&#8221;15px||||false|false&#8221; header_font_size_tablet=&#8221;30px&#8221; header_font_size_phone=&#8221;30px&#8221; header_font_size_last_edited=&#8221;on|phone&#8221; global_colors_info=&#8221;{}&#8221;]<\/p>\n<h1><span>Speakeraggio<\/span><\/h1>\n<p>[\/et_pb_text][\/et_pb_column][et_pb_column type=&#8221;2_5&#8243; _builder_version=&#8221;4.22.2&#8243; _module_preset=&#8221;default&#8221; background_color=&#8221;#000000&#8243; background_image=&#8221;https:\/\/esterhabas-traduction.eu\/wp-content\/uploads\/2023\/10\/Voix-off.png&#8221; global_colors_info=&#8221;{}&#8221;][\/et_pb_column][\/et_pb_row][\/et_pb_section][et_pb_section fb_built=&#8221;1&#8243; _builder_version=&#8221;4.22.2&#8243; _module_preset=&#8221;default&#8221; custom_margin=&#8221;0px||||false|false&#8221; custom_padding=&#8221;0px||||false|false&#8221; global_colors_info=&#8221;{}&#8221;][et_pb_row column_structure=&#8221;3_4,1_4&#8243; make_equal=&#8221;on&#8221; _builder_version=&#8221;4.22.2&#8243; _module_preset=&#8221;default&#8221; global_colors_info=&#8221;{}&#8221;][et_pb_column type=&#8221;3_4&#8243; _builder_version=&#8221;4.22.2&#8243; _module_preset=&#8221;default&#8221; global_colors_info=&#8221;{}&#8221;][et_pb_text disabled_on=&#8221;off|off|off&#8221; _builder_version=&#8221;4.22.2&#8243; _module_preset=&#8221;default&#8221; text_font_size=&#8221;16px&#8221; header_2_text_color=&#8221;#000000&#8243; header_2_line_height=&#8221;1.3em&#8221; global_colors_info=&#8221;{}&#8221;]<\/p>\n<h2>Registrazioni sonore <br \/><span style=\"color: #c11d1b;\">e adattamento di testi in spagnolo<\/span><\/h2>\n<p>[\/et_pb_text][et_pb_image src=&#8221;https:\/\/esterhabas-traduction.eu\/wp-content\/uploads\/2023\/10\/Voix-off-4.jpg&#8221; title_text=&#8221;Speakeraggio&#8221; disabled_on=&#8221;off|off|on&#8221; _builder_version=&#8221;4.22.2&#8243; _module_preset=&#8221;default&#8221; global_colors_info=&#8221;{}&#8221;][\/et_pb_image][et_pb_text _builder_version=&#8221;4.27.0&#8243; _module_preset=&#8221;default&#8221; text_font_size=&#8221;16px&#8221; header_2_text_color=&#8221;#000000&#8243; header_2_line_height=&#8221;1.3em&#8221; header_3_text_align=&#8221;left&#8221; text_orientation=&#8221;justified&#8221; custom_margin=&#8221;||13px|||&#8221; text_orientation_tablet=&#8221;left&#8221; text_orientation_phone=&#8221;left&#8221; text_orientation_last_edited=&#8221;on|tablet&#8221; global_colors_info=&#8221;{}&#8221;]<\/p>\n<p>Offro registrazioni sonore e servizi &#8220;chiavi in mano&#8221; per l&#8217;adattamento di testi in spagnolo, seguiti da una registrazione di voci fuori campo nello studio di vostra scelta o in uno studio di fiducia che posso consigliarvi.<br \/>Ho partecipato al progetto Qantara presso l&#8217;Institut du Monde Arabe di Parigi.<\/p>\n<p>La mia voce si adatta a tutti i toni e registri, posso registrare in spagnolo le vostre audioguide, video storici, filmati aziendali e pubblicit\u00e0.<\/p>\n<p>Chiedetemi un campione della mia voce e sar\u00f2 lieta di aiutarvi.<\/p>\n<p>Nell&#8217;ambito della mia formazione continua, ho completato un corso intitolato &#8220;<span>Traduzione di filmati aziendali&#8221;<\/span>. Ho acquisito le tecniche pi\u00f9 recenti in questo campo e posso quindi fornirvi un servizio di alta qualit\u00e0.<\/p>\n<p>[\/et_pb_text][\/et_pb_column][et_pb_column type=&#8221;1_4&#8243; _builder_version=&#8221;4.22.2&#8243; _module_preset=&#8221;default&#8221; background_enable_color=&#8221;off&#8221; global_colors_info=&#8221;{}&#8221;][et_pb_audio audio=&#8221;https:\/\/esterhabas-traduction.eu\/wp-content\/uploads\/2023\/10\/ESTHER_ceramique_lustree.mp3&#8243; title=&#8221;Esempio di voce fuori campo&#8221; artist_name=&#8221;Ester Habas&#8221; _builder_version=&#8221;4.22.2&#8243; _module_preset=&#8221;default&#8221; title_font_size=&#8221;24px&#8221; background_color=&#8221;#a8a8a8&#8243; custom_margin=&#8221;110px||||false|false&#8221; custom_margin_tablet=&#8221;0px||||false|false&#8221; custom_margin_phone=&#8221;0px||||false|false&#8221; custom_margin_last_edited=&#8221;on|phone&#8221; global_colors_info=&#8221;{}&#8221;][\/et_pb_audio][et_pb_image src=&#8221;https:\/\/esterhabas-traduction.eu\/wp-content\/uploads\/2023\/10\/Fichier-19voix-off.png&#8221; title_text=&#8221;Speakeraggio&#8221; align=&#8221;center&#8221; _builder_version=&#8221;4.22.2&#8243; _module_preset=&#8221;default&#8221; max_width=&#8221;54%&#8221; global_colors_info=&#8221;{}&#8221;][\/et_pb_image][\/et_pb_column][\/et_pb_row][et_pb_row _builder_version=&#8221;4.22.2&#8243; _module_preset=&#8221;default&#8221; global_colors_info=&#8221;{}&#8221;][et_pb_column type=&#8221;4_4&#8243; _builder_version=&#8221;4.22.2&#8243; _module_preset=&#8221;default&#8221; global_colors_info=&#8221;{}&#8221;][et_pb_button button_url=&#8221;https:\/\/esterhabas-traduction.eu\/it\/contact\/&#8221; button_text=&#8221;Contattatemi se avete domande su questo tipo di servizio o se desiderate un preventivo.&#8221; _builder_version=&#8221;4.27.0&#8243; _module_preset=&#8221;default&#8221; global_colors_info=&#8221;{}&#8221;][\/et_pb_button][\/et_pb_column][\/et_pb_row][\/et_pb_section]<\/p>\n","protected":false},"excerpt":{"rendered":"<p>Registrazioni sonore e adattamento di testi in spagnolo. Offro registrazioni sonore e servizi \u201cchiavi in mano\u201d.<\/p>\n","protected":false},"author":1,"featured_media":1083,"parent":0,"menu_order":0,"comment_status":"closed","ping_status":"closed","template":"","meta":{"_et_pb_use_builder":"on","_et_pb_old_content":"","_et_gb_content_width":"","footnotes":""},"class_list":["post-2140","page","type-page","status-publish","has-post-thumbnail","hentry"],"yoast_head":"<!-- This site is optimized with the Yoast SEO plugin v26.6 - https:\/\/yoast.com\/wordpress\/plugins\/seo\/ -->\n<title>Speakeraggio - Ester Habas Traduction<\/title>\n<meta name=\"description\" content=\"Registrazioni sonore e adattamento di testi in spagnolo. Offro registrazioni sonore e servizi \u201cchiavi in mano\u201d.\" \/>\n<meta name=\"robots\" content=\"index, follow, max-snippet:-1, max-image-preview:large, max-video-preview:-1\" \/>\n<link rel=\"canonical\" href=\"https:\/\/esterhabas-traduction.eu\/it\/voix-off\/\" \/>\n<meta property=\"og:locale\" content=\"it_IT\" \/>\n<meta property=\"og:type\" content=\"article\" \/>\n<meta property=\"og:title\" content=\"Speakeraggio - Ester Habas Traduction\" \/>\n<meta property=\"og:description\" content=\"Registrazioni sonore e adattamento di testi in spagnolo. Offro registrazioni sonore e servizi \u201cchiavi in mano\u201d.\" \/>\n<meta property=\"og:url\" content=\"https:\/\/esterhabas-traduction.eu\/it\/voix-off\/\" \/>\n<meta property=\"og:site_name\" content=\"Ester Habas Traduction\" \/>\n<meta property=\"article:modified_time\" content=\"2024-09-20T09:16:30+00:00\" \/>\n<meta property=\"og:image\" content=\"https:\/\/esterhabas-traduction.eu\/wp-content\/uploads\/2023\/10\/Voix-off.png\" \/>\n\t<meta property=\"og:image:width\" content=\"500\" \/>\n\t<meta property=\"og:image:height\" content=\"599\" \/>\n\t<meta property=\"og:image:type\" content=\"image\/png\" \/>\n<meta name=\"twitter:card\" content=\"summary_large_image\" \/>\n<meta name=\"twitter:label1\" content=\"Tempo di lettura stimato\" \/>\n\t<meta name=\"twitter:data1\" content=\"3 minuti\" \/>\n<script type=\"application\/ld+json\" class=\"yoast-schema-graph\">{\"@context\":\"https:\/\/schema.org\",\"@graph\":[{\"@type\":\"WebPage\",\"@id\":\"https:\/\/esterhabas-traduction.eu\/it\/voix-off\/\",\"url\":\"https:\/\/esterhabas-traduction.eu\/it\/voix-off\/\",\"name\":\"Speakeraggio - Ester Habas Traduction\",\"isPartOf\":{\"@id\":\"https:\/\/esterhabas-traduction.eu\/it\/#website\"},\"primaryImageOfPage\":{\"@id\":\"https:\/\/esterhabas-traduction.eu\/it\/voix-off\/#primaryimage\"},\"image\":{\"@id\":\"https:\/\/esterhabas-traduction.eu\/it\/voix-off\/#primaryimage\"},\"thumbnailUrl\":\"https:\/\/esterhabas-traduction.eu\/wp-content\/uploads\/2023\/10\/Voix-off.png\",\"datePublished\":\"2023-10-12T08:26:43+00:00\",\"dateModified\":\"2024-09-20T09:16:30+00:00\",\"description\":\"Registrazioni sonore e adattamento di testi in spagnolo. Offro registrazioni sonore e servizi \u201cchiavi in mano\u201d.\",\"breadcrumb\":{\"@id\":\"https:\/\/esterhabas-traduction.eu\/it\/voix-off\/#breadcrumb\"},\"inLanguage\":\"it-IT\",\"potentialAction\":[{\"@type\":\"ReadAction\",\"target\":[\"https:\/\/esterhabas-traduction.eu\/it\/voix-off\/\"]}]},{\"@type\":\"ImageObject\",\"inLanguage\":\"it-IT\",\"@id\":\"https:\/\/esterhabas-traduction.eu\/it\/voix-off\/#primaryimage\",\"url\":\"https:\/\/esterhabas-traduction.eu\/wp-content\/uploads\/2023\/10\/Voix-off.png\",\"contentUrl\":\"https:\/\/esterhabas-traduction.eu\/wp-content\/uploads\/2023\/10\/Voix-off.png\",\"width\":500,\"height\":599},{\"@type\":\"BreadcrumbList\",\"@id\":\"https:\/\/esterhabas-traduction.eu\/it\/voix-off\/#breadcrumb\",\"itemListElement\":[{\"@type\":\"ListItem\",\"position\":1,\"name\":\"Accueil\",\"item\":\"https:\/\/esterhabas-traduction.eu\/it\/\"},{\"@type\":\"ListItem\",\"position\":2,\"name\":\"Speakeraggio\"}]},{\"@type\":\"WebSite\",\"@id\":\"https:\/\/esterhabas-traduction.eu\/it\/#website\",\"url\":\"https:\/\/esterhabas-traduction.eu\/it\/\",\"name\":\"Ester Habas Traduction\",\"description\":\"Interpr\u00e9tation de conf\u00e9rence, cons\u00e9cutive, de liaison, \u00e0 distance et chuchotage\u00a0; traduction fran\u00e7ais, italien, anglais et espagnol\u00a0; voix off et formation espagnol.\",\"publisher\":{\"@id\":\"https:\/\/esterhabas-traduction.eu\/it\/#organization\"},\"potentialAction\":[{\"@type\":\"SearchAction\",\"target\":{\"@type\":\"EntryPoint\",\"urlTemplate\":\"https:\/\/esterhabas-traduction.eu\/it\/?s={search_term_string}\"},\"query-input\":{\"@type\":\"PropertyValueSpecification\",\"valueRequired\":true,\"valueName\":\"search_term_string\"}}],\"inLanguage\":\"it-IT\"},{\"@type\":\"Organization\",\"@id\":\"https:\/\/esterhabas-traduction.eu\/it\/#organization\",\"name\":\"Ester Habas\",\"url\":\"https:\/\/esterhabas-traduction.eu\/it\/\",\"logo\":{\"@type\":\"ImageObject\",\"inLanguage\":\"it-IT\",\"@id\":\"https:\/\/esterhabas-traduction.eu\/it\/#\/schema\/logo\/image\/\",\"url\":\"https:\/\/esterhabas-traduction.eu\/wp-content\/uploads\/2023\/10\/logo-ester-habas-1.png\",\"contentUrl\":\"https:\/\/esterhabas-traduction.eu\/wp-content\/uploads\/2023\/10\/logo-ester-habas-1.png\",\"width\":800,\"height\":172,\"caption\":\"Ester Habas\"},\"image\":{\"@id\":\"https:\/\/esterhabas-traduction.eu\/it\/#\/schema\/logo\/image\/\"}}]}<\/script>\n<!-- \/ Yoast SEO plugin. -->","yoast_head_json":{"title":"Speakeraggio - Ester Habas Traduction","description":"Registrazioni sonore e adattamento di testi in spagnolo. Offro registrazioni sonore e servizi \u201cchiavi in mano\u201d.","robots":{"index":"index","follow":"follow","max-snippet":"max-snippet:-1","max-image-preview":"max-image-preview:large","max-video-preview":"max-video-preview:-1"},"canonical":"https:\/\/esterhabas-traduction.eu\/it\/voix-off\/","og_locale":"it_IT","og_type":"article","og_title":"Speakeraggio - Ester Habas Traduction","og_description":"Registrazioni sonore e adattamento di testi in spagnolo. Offro registrazioni sonore e servizi \u201cchiavi in mano\u201d.","og_url":"https:\/\/esterhabas-traduction.eu\/it\/voix-off\/","og_site_name":"Ester Habas Traduction","article_modified_time":"2024-09-20T09:16:30+00:00","og_image":[{"width":500,"height":599,"url":"https:\/\/esterhabas-traduction.eu\/wp-content\/uploads\/2023\/10\/Voix-off.png","type":"image\/png"}],"twitter_card":"summary_large_image","twitter_misc":{"Tempo di lettura stimato":"3 minuti"},"schema":{"@context":"https:\/\/schema.org","@graph":[{"@type":"WebPage","@id":"https:\/\/esterhabas-traduction.eu\/it\/voix-off\/","url":"https:\/\/esterhabas-traduction.eu\/it\/voix-off\/","name":"Speakeraggio - Ester Habas Traduction","isPartOf":{"@id":"https:\/\/esterhabas-traduction.eu\/it\/#website"},"primaryImageOfPage":{"@id":"https:\/\/esterhabas-traduction.eu\/it\/voix-off\/#primaryimage"},"image":{"@id":"https:\/\/esterhabas-traduction.eu\/it\/voix-off\/#primaryimage"},"thumbnailUrl":"https:\/\/esterhabas-traduction.eu\/wp-content\/uploads\/2023\/10\/Voix-off.png","datePublished":"2023-10-12T08:26:43+00:00","dateModified":"2024-09-20T09:16:30+00:00","description":"Registrazioni sonore e adattamento di testi in spagnolo. Offro registrazioni sonore e servizi \u201cchiavi in mano\u201d.","breadcrumb":{"@id":"https:\/\/esterhabas-traduction.eu\/it\/voix-off\/#breadcrumb"},"inLanguage":"it-IT","potentialAction":[{"@type":"ReadAction","target":["https:\/\/esterhabas-traduction.eu\/it\/voix-off\/"]}]},{"@type":"ImageObject","inLanguage":"it-IT","@id":"https:\/\/esterhabas-traduction.eu\/it\/voix-off\/#primaryimage","url":"https:\/\/esterhabas-traduction.eu\/wp-content\/uploads\/2023\/10\/Voix-off.png","contentUrl":"https:\/\/esterhabas-traduction.eu\/wp-content\/uploads\/2023\/10\/Voix-off.png","width":500,"height":599},{"@type":"BreadcrumbList","@id":"https:\/\/esterhabas-traduction.eu\/it\/voix-off\/#breadcrumb","itemListElement":[{"@type":"ListItem","position":1,"name":"Accueil","item":"https:\/\/esterhabas-traduction.eu\/it\/"},{"@type":"ListItem","position":2,"name":"Speakeraggio"}]},{"@type":"WebSite","@id":"https:\/\/esterhabas-traduction.eu\/it\/#website","url":"https:\/\/esterhabas-traduction.eu\/it\/","name":"Ester Habas Traduction","description":"Interpr\u00e9tation de conf\u00e9rence, cons\u00e9cutive, de liaison, \u00e0 distance et chuchotage\u00a0; traduction fran\u00e7ais, italien, anglais et espagnol\u00a0; voix off et formation espagnol.","publisher":{"@id":"https:\/\/esterhabas-traduction.eu\/it\/#organization"},"potentialAction":[{"@type":"SearchAction","target":{"@type":"EntryPoint","urlTemplate":"https:\/\/esterhabas-traduction.eu\/it\/?s={search_term_string}"},"query-input":{"@type":"PropertyValueSpecification","valueRequired":true,"valueName":"search_term_string"}}],"inLanguage":"it-IT"},{"@type":"Organization","@id":"https:\/\/esterhabas-traduction.eu\/it\/#organization","name":"Ester Habas","url":"https:\/\/esterhabas-traduction.eu\/it\/","logo":{"@type":"ImageObject","inLanguage":"it-IT","@id":"https:\/\/esterhabas-traduction.eu\/it\/#\/schema\/logo\/image\/","url":"https:\/\/esterhabas-traduction.eu\/wp-content\/uploads\/2023\/10\/logo-ester-habas-1.png","contentUrl":"https:\/\/esterhabas-traduction.eu\/wp-content\/uploads\/2023\/10\/logo-ester-habas-1.png","width":800,"height":172,"caption":"Ester Habas"},"image":{"@id":"https:\/\/esterhabas-traduction.eu\/it\/#\/schema\/logo\/image\/"}}]}},"_links":{"self":[{"href":"https:\/\/esterhabas-traduction.eu\/it\/wp-json\/wp\/v2\/pages\/2140","targetHints":{"allow":["GET"]}}],"collection":[{"href":"https:\/\/esterhabas-traduction.eu\/it\/wp-json\/wp\/v2\/pages"}],"about":[{"href":"https:\/\/esterhabas-traduction.eu\/it\/wp-json\/wp\/v2\/types\/page"}],"author":[{"embeddable":true,"href":"https:\/\/esterhabas-traduction.eu\/it\/wp-json\/wp\/v2\/users\/1"}],"replies":[{"embeddable":true,"href":"https:\/\/esterhabas-traduction.eu\/it\/wp-json\/wp\/v2\/comments?post=2140"}],"version-history":[{"count":16,"href":"https:\/\/esterhabas-traduction.eu\/it\/wp-json\/wp\/v2\/pages\/2140\/revisions"}],"predecessor-version":[{"id":2559,"href":"https:\/\/esterhabas-traduction.eu\/it\/wp-json\/wp\/v2\/pages\/2140\/revisions\/2559"}],"wp:featuredmedia":[{"embeddable":true,"href":"https:\/\/esterhabas-traduction.eu\/it\/wp-json\/wp\/v2\/media\/1083"}],"wp:attachment":[{"href":"https:\/\/esterhabas-traduction.eu\/it\/wp-json\/wp\/v2\/media?parent=2140"}],"curies":[{"name":"wp","href":"https:\/\/api.w.org\/{rel}","templated":true}]}}