{"id":2130,"date":"2023-10-12T10:26:43","date_gmt":"2023-10-12T08:26:43","guid":{"rendered":"https:\/\/esterhabas-traduction.eu\/traduction\/"},"modified":"2024-09-20T11:16:05","modified_gmt":"2024-09-20T09:16:05","slug":"traduction","status":"publish","type":"page","link":"https:\/\/esterhabas-traduction.eu\/it\/traduction\/","title":{"rendered":"Traduzione"},"content":{"rendered":"<p>[et_pb_section fb_built=&#8221;1&#8243; _builder_version=&#8221;4.22.2&#8243; _module_preset=&#8221;default&#8221; background_color=&#8221;#000000&#8243; background_image=&#8221;https:\/\/esterhabas-traduction.eu\/wp-content\/uploads\/2023\/10\/f6.png&#8221; background_repeat=&#8221;repeat&#8221; custom_margin=&#8221;1px||60px||false|false&#8221; custom_margin_tablet=&#8221;||30px||false|false&#8221; custom_margin_phone=&#8221;||30px||false|false&#8221; custom_margin_last_edited=&#8221;on|phone&#8221; custom_padding=&#8221;0px||0px||true|false&#8221; border_width_top=&#8221;1px&#8221; border_width_bottom=&#8221;1px&#8221; global_colors_info=&#8221;{}&#8221;][et_pb_row column_structure=&#8221;3_5,2_5&#8243; make_equal=&#8221;on&#8221; _builder_version=&#8221;4.22.2&#8243; _module_preset=&#8221;default&#8221; custom_margin=&#8221;0px||0px||false|false&#8221; custom_padding=&#8221;0px||0px||false|false&#8221; global_colors_info=&#8221;{}&#8221;][et_pb_column type=&#8221;3_5&#8243; module_class=&#8221;centrer-verticalement&#8221; _builder_version=&#8221;4.22.2&#8243; _module_preset=&#8221;default&#8221; global_colors_info=&#8221;{}&#8221;][et_pb_text module_class=&#8221;titreback&#8221; _builder_version=&#8221;4.22.2&#8243; _module_preset=&#8221;default&#8221; header_text_color=&#8221;#FFFFFF&#8221; header_font_size=&#8221;41px&#8221; custom_margin=&#8221;100px||100px||true|false&#8221; custom_margin_tablet=&#8221;40px||40px||true|false&#8221; custom_margin_phone=&#8221;15px||15px||true|false&#8221; custom_margin_last_edited=&#8221;on|phone&#8221; custom_padding=&#8221;15px||||false|false&#8221; header_font_size_tablet=&#8221;30px&#8221; header_font_size_phone=&#8221;30px&#8221; header_font_size_last_edited=&#8221;on|phone&#8221; global_colors_info=&#8221;{}&#8221;]<\/p>\n<h1><span>Traduzione<\/span><\/h1>\n<p>[\/et_pb_text][\/et_pb_column][et_pb_column type=&#8221;2_5&#8243; _builder_version=&#8221;4.22.2&#8243; _module_preset=&#8221;default&#8221; background_color=&#8221;#000000&#8243; background_image=&#8221;https:\/\/esterhabas-traduction.eu\/wp-content\/uploads\/2023\/10\/Traduction.png&#8221; global_colors_info=&#8221;{}&#8221;][\/et_pb_column][\/et_pb_row][\/et_pb_section][et_pb_section fb_built=&#8221;1&#8243; _builder_version=&#8221;4.22.2&#8243; _module_preset=&#8221;default&#8221; custom_margin=&#8221;0px||||false|false&#8221; custom_padding=&#8221;0px||||false|false&#8221; global_colors_info=&#8221;{}&#8221;][et_pb_row column_structure=&#8221;3_4,1_4&#8243; make_equal=&#8221;on&#8221; _builder_version=&#8221;4.22.2&#8243; _module_preset=&#8221;default&#8221; global_colors_info=&#8221;{}&#8221;][et_pb_column type=&#8221;3_4&#8243; _builder_version=&#8221;4.22.2&#8243; _module_preset=&#8221;default&#8221; global_colors_info=&#8221;{}&#8221;][et_pb_text disabled_on=&#8221;off|off|off&#8221; _builder_version=&#8221;4.22.2&#8243; _module_preset=&#8221;default&#8221; text_font_size=&#8221;16px&#8221; header_2_text_color=&#8221;#000000&#8243; header_2_line_height=&#8221;1.3em&#8221; global_colors_info=&#8221;{}&#8221;]<\/p>\n<h2>Traduzione dal francese, italiano e inglese<br \/><span style=\"color: #c11d1b;\">in spagnolo<\/span><\/h2>\n<p>[\/et_pb_text][et_pb_image src=&#8221;https:\/\/esterhabas-traduction.eu\/wp-content\/uploads\/2023\/10\/Traduction-1.jpg&#8221; title_text=&#8221;Traduzione&#8221; disabled_on=&#8221;off|off|on&#8221; _builder_version=&#8221;4.22.2&#8243; _module_preset=&#8221;default&#8221; global_colors_info=&#8221;{}&#8221;][\/et_pb_image][et_pb_text _builder_version=&#8221;4.27.0&#8243; _module_preset=&#8221;default&#8221; text_font_size=&#8221;16px&#8221; header_2_text_color=&#8221;#000000&#8243; header_2_line_height=&#8221;1.3em&#8221; header_3_text_align=&#8221;left&#8221; text_orientation=&#8221;justified&#8221; custom_margin=&#8221;||13px|||&#8221; text_orientation_tablet=&#8221;left&#8221; text_orientation_phone=&#8221;left&#8221; text_orientation_last_edited=&#8221;on|tablet&#8221; global_colors_info=&#8221;{}&#8221;]<\/p>\n<p>Dopo aver studiato presso la Facolt\u00e0 di Traduzione e Interpretazione dell&#8217;Universit\u00e0 di Malaga, l&#8217;Institut Libre Marie Haps di Bruxelles, l&#8217;IUP di Traduzione e Interpretazione dell&#8217;Universit\u00e0 di Tolosa II e aver frequentato il Cambridge Conference Interpretation Course nel 2023, traduco dal francese, dall&#8217;italiano e dall&#8217;inglese verso lo spagnolo, la mia lingua madre. Offro anche servizi di revisione e correzione di traduzioni.<\/p>\n<p>Vi offro competenze linguistiche e culturali supportate da una formazione specialistica e da una ricca esperienza professionale all&#8217;estero. Rispetto le scadenze concordate, garantisco una traduzione fedele all&#8217;originale e adatta al pubblico di riferimento. Metto tutte le mie qualit\u00e0 al servizio dei vostri progetti, come <a href=\"https:\/\/esterhabas-traduction.eu\/it\/temoignages\/\">possono testimoniare i miei clienti<\/a>.<\/p>\n<p>&nbsp;<\/p>\n<h3>Specialit\u00e0<\/h3>\n<p>Lavoro da molti anni nel campo della <em>traduzione culturale<\/em>, traduco testi per musei come il Louvre, il Museo Rodin, il Mus\u00e9e des Augustins e molti altri, uffici turistici, case editrici e altre istituzioni del settore.<\/p>\n<p>Grazie ai miei interessi e alla mia formazione specialistica, mi occupo anche di traduzioni nei settori della gastronomia, dell&#8217;enologia, dell&#8217;architettura, dell&#8217;urbanistica, dei trasporti, della comunicazione aziendale e dei progetti europei.<\/p>\n<p>&nbsp;<\/p>\n<p>[\/et_pb_text][et_pb_text _builder_version=&#8221;4.27.0&#8243; _module_preset=&#8221;default&#8221; text_font_size=&#8221;16px&#8221; header_4_text_color=&#8221;#C11D1B&#8221; header_4_line_height=&#8221;1.3em&#8221; background_color=&#8221;#ededed&#8221; custom_padding=&#8221;25px|15px|25px|50px|true|false&#8221; custom_padding_tablet=&#8221;15px|15px|15px|50px|true|false&#8221; custom_padding_phone=&#8221;|||15px|true|false&#8221; custom_padding_last_edited=&#8221;on|phone&#8221; border_color_left=&#8221;#C11D1B&#8221; locked=&#8221;off&#8221; global_colors_info=&#8221;{}&#8221;]<\/p>\n<h2>Traduzione certificata<\/h2>\n<p><a href=\"https:\/\/www.sft.fr\" target=\"_blank\" rel=\"noopener\"><img loading=\"lazy\" decoding=\"async\" src=\"https:\/\/esterhabas-traduction.eu\/wp-content\/uploads\/2022\/10\/SFT-membre-300x261.png\" width=\"137\" height=\"118\" alt=\"\" class=\"wp-image-15 alignnone size-medium\" style=\"float: right;\" srcset=\"https:\/\/esterhabas-traduction.eu\/wp-content\/uploads\/2022\/10\/SFT-membre-300x261.png 300w, https:\/\/esterhabas-traduction.eu\/wp-content\/uploads\/2022\/10\/SFT-membre.png 350w\" sizes=\"(max-width: 137px) 100vw, 137px\" \/><\/a><\/p>\n<h4>Sono perita della Corte d&#8217;Appello di Tolosa dal 2015.<\/h4>\n<p>Le traduzioni certificate vengono utilizzate quando \u00e8 richiesta una traduzione ufficiale firmata e timbrata. \u00c8 il caso, ad esempio, di certificati di nascita, certificati di morte, certificati di matrimonio, sentenze di divorzio e sentenze giudiziarie, per privati, avvocati o tribunali.<\/p>\n<p>[\/et_pb_text][\/et_pb_column][et_pb_column type=&#8221;1_4&#8243; _builder_version=&#8221;4.22.2&#8243; _module_preset=&#8221;default&#8221; background_enable_color=&#8221;off&#8221; global_colors_info=&#8221;{}&#8221;][et_pb_image src=&#8221;https:\/\/esterhabas-traduction.eu\/wp-content\/uploads\/2023\/10\/traductrice-1.jpg&#8221; title_text=&#8221;traduttore&#8221; disabled_on=&#8221;on|on|off&#8221; _builder_version=&#8221;4.22.2&#8243; _module_preset=&#8221;default&#8221; custom_margin=&#8221;77px|||||&#8221; global_colors_info=&#8221;{}&#8221;][\/et_pb_image][\/et_pb_column][\/et_pb_row][et_pb_row column_structure=&#8221;3_4,1_4&#8243; _builder_version=&#8221;4.22.2&#8243; _module_preset=&#8221;default&#8221; global_colors_info=&#8221;{}&#8221;][et_pb_column type=&#8221;3_4&#8243; _builder_version=&#8221;4.22.2&#8243; _module_preset=&#8221;default&#8221; global_colors_info=&#8221;{}&#8221;][et_pb_text _builder_version=&#8221;4.27.0&#8243; _module_preset=&#8221;default&#8221; header_2_line_height=&#8221;1.3em&#8221; text_orientation=&#8221;justified&#8221; global_colors_info=&#8221;{}&#8221;]<\/p>\n<h2>Io e la <span style=\"color: #c11d1b;\">traduzione<\/span><\/h2>\n<p>Ho sempre sognato di <span> fare la traduttrice-interprete. Ho iniziato<\/span> a studiare l&#8217;inglese all&#8217;et\u00e0 di dieci anni. A quattordici ho scoperto la mia passione per il francese e a diciotto ho iniziato la mia formazione in italiano.<br \/>Per me il ruolo della traduttrice e dell&#8217;interprete \u00e8 quello della persona <span>che traghetta, che media, che<\/span> trasporta un messaggio da una lingua all&#8217;altra, adattando il contenuto alla cultura di destinazione. Per me la traduzione \u00e8 una storia d&#8217;amore che coltivo da molti anni.<\/p>\n<p>[\/et_pb_text][\/et_pb_column][et_pb_column type=&#8221;1_4&#8243; _builder_version=&#8221;4.22.2&#8243; _module_preset=&#8221;default&#8221; global_colors_info=&#8221;{}&#8221;][et_pb_image src=&#8221;https:\/\/esterhabas-traduction.eu\/wp-content\/uploads\/2023\/10\/Fichier-18Traduction.png&#8221; title_text=&#8221;Traduzione&#8221; _builder_version=&#8221;4.22.2&#8243; _module_preset=&#8221;default&#8221; max_width=&#8221;74%&#8221; global_colors_info=&#8221;{}&#8221;][\/et_pb_image][\/et_pb_column][\/et_pb_row][et_pb_row _builder_version=&#8221;4.22.2&#8243; _module_preset=&#8221;default&#8221; global_colors_info=&#8221;{}&#8221;][et_pb_column type=&#8221;4_4&#8243; _builder_version=&#8221;4.22.2&#8243; _module_preset=&#8221;default&#8221; global_colors_info=&#8221;{}&#8221;][et_pb_button button_url=&#8221;https:\/\/esterhabas-traduction.eu\/it\/contact\/&#8221; button_text=&#8221;Contattatemi se avete domande su questo tipo di servizio o se desiderate un preventivo.&#8221; _builder_version=&#8221;4.27.0&#8243; _module_preset=&#8221;default&#8221; global_colors_info=&#8221;{}&#8221;][\/et_pb_button][\/et_pb_column][\/et_pb_row][\/et_pb_section]<\/p>\n","protected":false},"excerpt":{"rendered":"<p>Traduzione dal francese, italiano e inglese in spagnolo.<\/p>\n","protected":false},"author":1,"featured_media":1061,"parent":0,"menu_order":0,"comment_status":"closed","ping_status":"closed","template":"","meta":{"_et_pb_use_builder":"on","_et_pb_old_content":"","_et_gb_content_width":"","footnotes":""},"class_list":["post-2130","page","type-page","status-publish","has-post-thumbnail","hentry"],"yoast_head":"<!-- This site is optimized with the Yoast SEO plugin v26.6 - https:\/\/yoast.com\/wordpress\/plugins\/seo\/ -->\n<title>Traduzione - Ester Habas Traduction<\/title>\n<meta name=\"description\" content=\"Traduzione dal francese, italiano e inglese in spagnolo.\" \/>\n<meta name=\"robots\" content=\"index, follow, max-snippet:-1, max-image-preview:large, max-video-preview:-1\" \/>\n<link rel=\"canonical\" href=\"https:\/\/esterhabas-traduction.eu\/it\/traduction\/\" \/>\n<meta property=\"og:locale\" content=\"it_IT\" \/>\n<meta property=\"og:type\" content=\"article\" \/>\n<meta property=\"og:title\" content=\"Traduzione - Ester Habas Traduction\" \/>\n<meta property=\"og:description\" content=\"Traduzione dal francese, italiano e inglese in spagnolo.\" \/>\n<meta property=\"og:url\" content=\"https:\/\/esterhabas-traduction.eu\/it\/traduction\/\" \/>\n<meta property=\"og:site_name\" content=\"Ester Habas Traduction\" \/>\n<meta property=\"article:modified_time\" content=\"2024-09-20T09:16:05+00:00\" \/>\n<meta property=\"og:image\" content=\"https:\/\/esterhabas-traduction.eu\/wp-content\/uploads\/2023\/10\/Traduction.png\" \/>\n\t<meta property=\"og:image:width\" content=\"612\" \/>\n\t<meta property=\"og:image:height\" content=\"408\" \/>\n\t<meta property=\"og:image:type\" content=\"image\/png\" \/>\n<meta name=\"twitter:card\" content=\"summary_large_image\" \/>\n<meta name=\"twitter:label1\" content=\"Tempo di lettura stimato\" \/>\n\t<meta name=\"twitter:data1\" content=\"5 minuti\" \/>\n<script type=\"application\/ld+json\" class=\"yoast-schema-graph\">{\"@context\":\"https:\/\/schema.org\",\"@graph\":[{\"@type\":\"WebPage\",\"@id\":\"https:\/\/esterhabas-traduction.eu\/it\/traduction\/\",\"url\":\"https:\/\/esterhabas-traduction.eu\/it\/traduction\/\",\"name\":\"Traduzione - Ester Habas Traduction\",\"isPartOf\":{\"@id\":\"https:\/\/esterhabas-traduction.eu\/it\/#website\"},\"primaryImageOfPage\":{\"@id\":\"https:\/\/esterhabas-traduction.eu\/it\/traduction\/#primaryimage\"},\"image\":{\"@id\":\"https:\/\/esterhabas-traduction.eu\/it\/traduction\/#primaryimage\"},\"thumbnailUrl\":\"https:\/\/esterhabas-traduction.eu\/wp-content\/uploads\/2023\/10\/Traduction.png\",\"datePublished\":\"2023-10-12T08:26:43+00:00\",\"dateModified\":\"2024-09-20T09:16:05+00:00\",\"description\":\"Traduzione dal francese, italiano e inglese in spagnolo.\",\"breadcrumb\":{\"@id\":\"https:\/\/esterhabas-traduction.eu\/it\/traduction\/#breadcrumb\"},\"inLanguage\":\"it-IT\",\"potentialAction\":[{\"@type\":\"ReadAction\",\"target\":[\"https:\/\/esterhabas-traduction.eu\/it\/traduction\/\"]}]},{\"@type\":\"ImageObject\",\"inLanguage\":\"it-IT\",\"@id\":\"https:\/\/esterhabas-traduction.eu\/it\/traduction\/#primaryimage\",\"url\":\"https:\/\/esterhabas-traduction.eu\/wp-content\/uploads\/2023\/10\/Traduction.png\",\"contentUrl\":\"https:\/\/esterhabas-traduction.eu\/wp-content\/uploads\/2023\/10\/Traduction.png\",\"width\":612,\"height\":408},{\"@type\":\"BreadcrumbList\",\"@id\":\"https:\/\/esterhabas-traduction.eu\/it\/traduction\/#breadcrumb\",\"itemListElement\":[{\"@type\":\"ListItem\",\"position\":1,\"name\":\"Accueil\",\"item\":\"https:\/\/esterhabas-traduction.eu\/it\/\"},{\"@type\":\"ListItem\",\"position\":2,\"name\":\"Traduzione\"}]},{\"@type\":\"WebSite\",\"@id\":\"https:\/\/esterhabas-traduction.eu\/it\/#website\",\"url\":\"https:\/\/esterhabas-traduction.eu\/it\/\",\"name\":\"Ester Habas Traduction\",\"description\":\"Interpr\u00e9tation de conf\u00e9rence, cons\u00e9cutive, de liaison, \u00e0 distance et chuchotage\u00a0; traduction fran\u00e7ais, italien, anglais et espagnol\u00a0; voix off et formation espagnol.\",\"publisher\":{\"@id\":\"https:\/\/esterhabas-traduction.eu\/it\/#organization\"},\"potentialAction\":[{\"@type\":\"SearchAction\",\"target\":{\"@type\":\"EntryPoint\",\"urlTemplate\":\"https:\/\/esterhabas-traduction.eu\/it\/?s={search_term_string}\"},\"query-input\":{\"@type\":\"PropertyValueSpecification\",\"valueRequired\":true,\"valueName\":\"search_term_string\"}}],\"inLanguage\":\"it-IT\"},{\"@type\":\"Organization\",\"@id\":\"https:\/\/esterhabas-traduction.eu\/it\/#organization\",\"name\":\"Ester Habas\",\"url\":\"https:\/\/esterhabas-traduction.eu\/it\/\",\"logo\":{\"@type\":\"ImageObject\",\"inLanguage\":\"it-IT\",\"@id\":\"https:\/\/esterhabas-traduction.eu\/it\/#\/schema\/logo\/image\/\",\"url\":\"https:\/\/esterhabas-traduction.eu\/wp-content\/uploads\/2023\/10\/logo-ester-habas-1.png\",\"contentUrl\":\"https:\/\/esterhabas-traduction.eu\/wp-content\/uploads\/2023\/10\/logo-ester-habas-1.png\",\"width\":800,\"height\":172,\"caption\":\"Ester Habas\"},\"image\":{\"@id\":\"https:\/\/esterhabas-traduction.eu\/it\/#\/schema\/logo\/image\/\"}}]}<\/script>\n<!-- \/ Yoast SEO plugin. -->","yoast_head_json":{"title":"Traduzione - Ester Habas Traduction","description":"Traduzione dal francese, italiano e inglese in spagnolo.","robots":{"index":"index","follow":"follow","max-snippet":"max-snippet:-1","max-image-preview":"max-image-preview:large","max-video-preview":"max-video-preview:-1"},"canonical":"https:\/\/esterhabas-traduction.eu\/it\/traduction\/","og_locale":"it_IT","og_type":"article","og_title":"Traduzione - Ester Habas Traduction","og_description":"Traduzione dal francese, italiano e inglese in spagnolo.","og_url":"https:\/\/esterhabas-traduction.eu\/it\/traduction\/","og_site_name":"Ester Habas Traduction","article_modified_time":"2024-09-20T09:16:05+00:00","og_image":[{"width":612,"height":408,"url":"https:\/\/esterhabas-traduction.eu\/wp-content\/uploads\/2023\/10\/Traduction.png","type":"image\/png"}],"twitter_card":"summary_large_image","twitter_misc":{"Tempo di lettura stimato":"5 minuti"},"schema":{"@context":"https:\/\/schema.org","@graph":[{"@type":"WebPage","@id":"https:\/\/esterhabas-traduction.eu\/it\/traduction\/","url":"https:\/\/esterhabas-traduction.eu\/it\/traduction\/","name":"Traduzione - Ester Habas Traduction","isPartOf":{"@id":"https:\/\/esterhabas-traduction.eu\/it\/#website"},"primaryImageOfPage":{"@id":"https:\/\/esterhabas-traduction.eu\/it\/traduction\/#primaryimage"},"image":{"@id":"https:\/\/esterhabas-traduction.eu\/it\/traduction\/#primaryimage"},"thumbnailUrl":"https:\/\/esterhabas-traduction.eu\/wp-content\/uploads\/2023\/10\/Traduction.png","datePublished":"2023-10-12T08:26:43+00:00","dateModified":"2024-09-20T09:16:05+00:00","description":"Traduzione dal francese, italiano e inglese in spagnolo.","breadcrumb":{"@id":"https:\/\/esterhabas-traduction.eu\/it\/traduction\/#breadcrumb"},"inLanguage":"it-IT","potentialAction":[{"@type":"ReadAction","target":["https:\/\/esterhabas-traduction.eu\/it\/traduction\/"]}]},{"@type":"ImageObject","inLanguage":"it-IT","@id":"https:\/\/esterhabas-traduction.eu\/it\/traduction\/#primaryimage","url":"https:\/\/esterhabas-traduction.eu\/wp-content\/uploads\/2023\/10\/Traduction.png","contentUrl":"https:\/\/esterhabas-traduction.eu\/wp-content\/uploads\/2023\/10\/Traduction.png","width":612,"height":408},{"@type":"BreadcrumbList","@id":"https:\/\/esterhabas-traduction.eu\/it\/traduction\/#breadcrumb","itemListElement":[{"@type":"ListItem","position":1,"name":"Accueil","item":"https:\/\/esterhabas-traduction.eu\/it\/"},{"@type":"ListItem","position":2,"name":"Traduzione"}]},{"@type":"WebSite","@id":"https:\/\/esterhabas-traduction.eu\/it\/#website","url":"https:\/\/esterhabas-traduction.eu\/it\/","name":"Ester Habas Traduction","description":"Interpr\u00e9tation de conf\u00e9rence, cons\u00e9cutive, de liaison, \u00e0 distance et chuchotage\u00a0; traduction fran\u00e7ais, italien, anglais et espagnol\u00a0; voix off et formation espagnol.","publisher":{"@id":"https:\/\/esterhabas-traduction.eu\/it\/#organization"},"potentialAction":[{"@type":"SearchAction","target":{"@type":"EntryPoint","urlTemplate":"https:\/\/esterhabas-traduction.eu\/it\/?s={search_term_string}"},"query-input":{"@type":"PropertyValueSpecification","valueRequired":true,"valueName":"search_term_string"}}],"inLanguage":"it-IT"},{"@type":"Organization","@id":"https:\/\/esterhabas-traduction.eu\/it\/#organization","name":"Ester Habas","url":"https:\/\/esterhabas-traduction.eu\/it\/","logo":{"@type":"ImageObject","inLanguage":"it-IT","@id":"https:\/\/esterhabas-traduction.eu\/it\/#\/schema\/logo\/image\/","url":"https:\/\/esterhabas-traduction.eu\/wp-content\/uploads\/2023\/10\/logo-ester-habas-1.png","contentUrl":"https:\/\/esterhabas-traduction.eu\/wp-content\/uploads\/2023\/10\/logo-ester-habas-1.png","width":800,"height":172,"caption":"Ester Habas"},"image":{"@id":"https:\/\/esterhabas-traduction.eu\/it\/#\/schema\/logo\/image\/"}}]}},"_links":{"self":[{"href":"https:\/\/esterhabas-traduction.eu\/it\/wp-json\/wp\/v2\/pages\/2130","targetHints":{"allow":["GET"]}}],"collection":[{"href":"https:\/\/esterhabas-traduction.eu\/it\/wp-json\/wp\/v2\/pages"}],"about":[{"href":"https:\/\/esterhabas-traduction.eu\/it\/wp-json\/wp\/v2\/types\/page"}],"author":[{"embeddable":true,"href":"https:\/\/esterhabas-traduction.eu\/it\/wp-json\/wp\/v2\/users\/1"}],"replies":[{"embeddable":true,"href":"https:\/\/esterhabas-traduction.eu\/it\/wp-json\/wp\/v2\/comments?post=2130"}],"version-history":[{"count":14,"href":"https:\/\/esterhabas-traduction.eu\/it\/wp-json\/wp\/v2\/pages\/2130\/revisions"}],"predecessor-version":[{"id":2557,"href":"https:\/\/esterhabas-traduction.eu\/it\/wp-json\/wp\/v2\/pages\/2130\/revisions\/2557"}],"wp:featuredmedia":[{"embeddable":true,"href":"https:\/\/esterhabas-traduction.eu\/it\/wp-json\/wp\/v2\/media\/1061"}],"wp:attachment":[{"href":"https:\/\/esterhabas-traduction.eu\/it\/wp-json\/wp\/v2\/media?parent=2130"}],"curies":[{"name":"wp","href":"https:\/\/api.w.org\/{rel}","templated":true}]}}