{"id":2084,"date":"2023-10-12T10:26:42","date_gmt":"2023-10-12T08:26:42","guid":{"rendered":"https:\/\/esterhabas-traduction.eu\/qui-suis-je\/"},"modified":"2024-09-20T11:14:32","modified_gmt":"2024-09-20T09:14:32","slug":"qui-suis-je","status":"publish","type":"page","link":"https:\/\/esterhabas-traduction.eu\/it\/qui-suis-je\/","title":{"rendered":"Chi sono?"},"content":{"rendered":"<p>[et_pb_section fb_built=&#8221;1&#8243; _builder_version=&#8221;4.22.2&#8243; _module_preset=&#8221;default&#8221; background_color=&#8221;#000000&#8243; background_enable_image=&#8221;off&#8221; background_repeat=&#8221;repeat&#8221; background_enable_pattern_style=&#8221;on&#8221; background_pattern_color=&#8221;#C11D1B&#8221; background_pattern_size=&#8221;custom&#8221; background_pattern_width=&#8221;56px&#8221; custom_margin=&#8221;1px||60px||false|false&#8221; custom_margin_tablet=&#8221;||30px||false|false&#8221; custom_margin_phone=&#8221;||30px||false|false&#8221; custom_margin_last_edited=&#8221;on|phone&#8221; custom_padding=&#8221;0px||0px||true|false&#8221; border_width_top=&#8221;1px&#8221; border_width_bottom=&#8221;1px&#8221; global_colors_info=&#8221;{}&#8221;][et_pb_row column_structure=&#8221;3_5,2_5&#8243; make_equal=&#8221;on&#8221; _builder_version=&#8221;4.22.2&#8243; _module_preset=&#8221;default&#8221; custom_margin=&#8221;0px||0px||false|false&#8221; custom_padding=&#8221;0px||0px||false|false&#8221; global_colors_info=&#8221;{}&#8221;][et_pb_column type=&#8221;3_5&#8243; module_class=&#8221;centrer-verticalement&#8221; _builder_version=&#8221;4.22.2&#8243; _module_preset=&#8221;default&#8221; global_colors_info=&#8221;{}&#8221;][et_pb_text module_class=&#8221;titreback&#8221; _builder_version=&#8221;4.22.2&#8243; _module_preset=&#8221;default&#8221; header_text_color=&#8221;#FFFFFF&#8221; header_font_size=&#8221;41px&#8221; background_enable_color=&#8221;off&#8221; custom_margin=&#8221;100px||100px||true|false&#8221; custom_margin_tablet=&#8221;40px||40px||true|false&#8221; custom_margin_phone=&#8221;15px||15px||true|false&#8221; custom_margin_last_edited=&#8221;on|phone&#8221; custom_padding=&#8221;15px||||false|false&#8221; header_font_size_tablet=&#8221;30px&#8221; header_font_size_phone=&#8221;30px&#8221; header_font_size_last_edited=&#8221;on|phone&#8221; global_colors_info=&#8221;{}&#8221;]<\/p>\n<h1><span>Chi sono?<\/span><\/h1>\n<p>[\/et_pb_text][\/et_pb_column][et_pb_column type=&#8221;2_5&#8243; _builder_version=&#8221;4.22.2&#8243; _module_preset=&#8221;default&#8221; background_color=&#8221;#000000&#8243; background_image=&#8221;https:\/\/esterhabas-traduction.eu\/wp-content\/uploads\/2023\/10\/ester-habas-1.png&#8221; global_colors_info=&#8221;{}&#8221;][\/et_pb_column][\/et_pb_row][\/et_pb_section][et_pb_section fb_built=&#8221;1&#8243; _builder_version=&#8221;4.22.2&#8243; _module_preset=&#8221;default&#8221; custom_margin=&#8221;0px||||false|false&#8221; custom_padding=&#8221;0px||||false|false&#8221; global_colors_info=&#8221;{}&#8221;][et_pb_row column_structure=&#8221;3_4,1_4&#8243; make_equal=&#8221;on&#8221; _builder_version=&#8221;4.22.2&#8243; _module_preset=&#8221;default&#8221; global_colors_info=&#8221;{}&#8221;][et_pb_column type=&#8221;3_4&#8243; _builder_version=&#8221;4.22.2&#8243; _module_preset=&#8221;default&#8221; global_colors_info=&#8221;{}&#8221;][et_pb_text disabled_on=&#8221;on|on|off&#8221; _builder_version=&#8221;4.27.0&#8243; _module_preset=&#8221;default&#8221; text_font_size=&#8221;16px&#8221; header_2_text_color=&#8221;#000000&#8243; header_2_line_height=&#8221;1.3em&#8221; text_orientation=&#8221;justified&#8221; text_orientation_tablet=&#8221;justified&#8221; text_orientation_phone=&#8221;justified&#8221; text_orientation_last_edited=&#8221;on|phone&#8221; global_colors_info=&#8221;{}&#8221;]<\/p>\n<p><span>Interprete e traduttrice di formazione, con una vasta esperienza internazionale, sono la fondatrice di <\/span><strong>Ester Habas Traduction<\/strong><span>. Offro servizi di <\/span><span>interpretazione simultanea e consecutiva<\/span><span> francese-spagnolo e italiano-spagnolo, nonch\u00e9 di traduzione, correzione e revisione di traduzioni dal <\/span><strong>francese<\/strong><span>, dall\u2019<\/span><strong>italiano<\/strong><span> e dall\u2019<\/span><strong>inglese<\/strong><span> allo <\/span><strong>spagnolo<\/strong><span>. Posso anche essere la vostra partner per esigenze di speakeraggio e formazione in spagnolo, la mia lingua madre.<\/span><\/p>\n<p>[\/et_pb_text][et_pb_image src=&#8221;https:\/\/esterhabas-traduction.eu\/wp-content\/uploads\/2022\/10\/ester-habas.jpg&#8221; title_text=&#8221;Ester Habas&#8221; disabled_on=&#8221;off|off|on&#8221; _builder_version=&#8221;4.22.2&#8243; _module_preset=&#8221;default&#8221; global_colors_info=&#8221;{}&#8221;][\/et_pb_image][et_pb_text disabled_on=&#8221;off|off|on&#8221; _builder_version=&#8221;4.27.0&#8243; _module_preset=&#8221;default&#8221; text_font_size=&#8221;16px&#8221; header_2_text_color=&#8221;#000000&#8243; header_2_line_height=&#8221;1.3em&#8221; global_colors_info=&#8221;{}&#8221;]<\/p>\n<p><span>Interprete e traduttrice di formazione, con una vasta esperienza internazionale, sono la fondatrice di <\/span><strong>Ester Habas Traduction<\/strong><span>. Offro servizi di <\/span><span>interpretazione simultanea e consecutiva<\/span><span> francese-spagnolo e italiano-spagnolo, nonch\u00e9 di traduzione, correzione e revisione di traduzioni dal <\/span><strong>francese<\/strong><span>, dall\u2019<\/span><strong>italiano<\/strong><span> e dall\u2019<\/span><strong>inglese<\/strong><span> allo <\/span><strong>spagnolo<\/strong><span>. Posso anche essere la vostra partner per esigenze di speakeraggio e formazione in spagnolo, la mia lingua madre.<\/span><\/p>\n<p>[\/et_pb_text][et_pb_text _builder_version=&#8221;4.22.2&#8243; _module_preset=&#8221;default&#8221; text_font_size=&#8221;16px&#8221; background_color=&#8221;#ededed&#8221; custom_padding=&#8221;15px|15px|15px|50px|true|false&#8221; custom_padding_tablet=&#8221;15px|15px|15px|50px|true|false&#8221; custom_padding_phone=&#8221;|||15px|true|false&#8221; custom_padding_last_edited=&#8221;on|phone&#8221; border_color_left=&#8221;#C11D1B&#8221; global_colors_info=&#8221;{}&#8221;]<\/p>\n<p><img loading=\"lazy\" decoding=\"async\" src=\"https:\/\/esterhabas-traduction.eu\/wp-content\/uploads\/2022\/10\/traductrice-209x300.png\" width=\"100\" height=\"144\" alt=\"\" class=\"wp-image-27 alignnone size-medium\" style=\"float: right;\">Dal 2015 sono <strong>perita presso la Corte d&#8217;Appello di Tolosa<\/strong>, in Francia. Faccio traduzioni certificate per privati e aziende e per i diversi sistemi giudiziari del mondo francofono e ispanofono. Fornisco anche servizi di interpretazione per tribunali, stazioni di polizia, studi notarili, studi legali, ecc.<\/p>\n<p>[\/et_pb_text][et_pb_text _builder_version=&#8221;4.27.0&#8243; _module_preset=&#8221;default&#8221; text_font_size=&#8221;16px&#8221; header_2_text_color=&#8221;#000000&#8243; header_2_line_height=&#8221;1.3em&#8221; text_orientation=&#8221;justified&#8221; global_colors_info=&#8221;{}&#8221;]<\/p>\n<p><a href=\"https:\/\/esterhabas-traduction.eu\/it\/contact\/\">Contattatemi<\/a> per tutti i vostri <span> progetti in spagnolo, troveremo insieme<\/span> la soluzione pi\u00f9 adatta alle vostre esigenze.<\/p>\n<p>Contattatemi anche per progetti in altre lingue, sono membro attivo della <a href=\"https:\/\/www.sft.fr\/\" target=\"_blank\" rel=\"noopener\">SFT<\/a> (Societ\u00e0 Francese dei Traduttori) e dell&#8217;<a href=\"https:\/\/asetrad.org\/\" target=\"_blank\" rel=\"noopener\">ASETRAD<\/a> (l\u2019Associazione Spagnola di Traduttori, Correttori e Interpreti), potr\u00f2 consigliarvi persone professioniste di fiducia per soddisfare vostre esigenze specifiche.<\/p>\n<p>[\/et_pb_text][\/et_pb_column][et_pb_column type=&#8221;1_4&#8243; _builder_version=&#8221;4.22.2&#8243; _module_preset=&#8221;default&#8221; background_color=&#8221;#ededed&#8221; background_enable_pattern_style=&#8221;on&#8221; background_pattern_color=&#8221;#C11D1B&#8221; background_pattern_size=&#8221;custom&#8221; background_pattern_width=&#8221;57px&#8221; background_enable_mask_style=&#8221;on&#8221; background_mask_style=&#8221;arch&#8221; background_mask_transform=&#8221;flip_horizontal&#8221; global_colors_info=&#8221;{}&#8221;][\/et_pb_column][\/et_pb_row][\/et_pb_section]<\/p>\n","protected":false},"excerpt":{"rendered":"<p>Interprete e traduttrice di formazione, con una vasta esperienza internazionale, sono la fondatrice di Ester Habas Traduction.<\/p>\n","protected":false},"author":1,"featured_media":97,"parent":0,"menu_order":0,"comment_status":"closed","ping_status":"closed","template":"","meta":{"_et_pb_use_builder":"on","_et_pb_old_content":"","_et_gb_content_width":"","footnotes":""},"class_list":["post-2084","page","type-page","status-publish","has-post-thumbnail","hentry"],"yoast_head":"<!-- This site is optimized with the Yoast SEO plugin v26.6 - https:\/\/yoast.com\/wordpress\/plugins\/seo\/ -->\n<title>Chi sono? - Ester Habas Traduction<\/title>\n<meta name=\"description\" content=\"Interprete e traduttrice di formazione, con una vasta esperienza internazionale, sono la fondatrice di Ester Habas Traduction.\" \/>\n<meta name=\"robots\" content=\"index, follow, max-snippet:-1, max-image-preview:large, max-video-preview:-1\" \/>\n<link rel=\"canonical\" href=\"https:\/\/esterhabas-traduction.eu\/it\/qui-suis-je\/\" \/>\n<meta property=\"og:locale\" content=\"it_IT\" \/>\n<meta property=\"og:type\" content=\"article\" \/>\n<meta property=\"og:title\" content=\"Chi sono? - Ester Habas Traduction\" \/>\n<meta property=\"og:description\" content=\"Interprete e traduttrice di formazione, con una vasta esperienza internazionale, sono la fondatrice di Ester Habas Traduction.\" \/>\n<meta property=\"og:url\" content=\"https:\/\/esterhabas-traduction.eu\/it\/qui-suis-je\/\" \/>\n<meta property=\"og:site_name\" content=\"Ester Habas Traduction\" \/>\n<meta property=\"article:modified_time\" content=\"2024-09-20T09:14:32+00:00\" \/>\n<meta property=\"og:image\" content=\"https:\/\/esterhabas-traduction.eu\/wp-content\/uploads\/2022\/10\/ester-habas.jpg\" \/>\n\t<meta property=\"og:image:width\" content=\"585\" \/>\n\t<meta property=\"og:image:height\" content=\"662\" \/>\n\t<meta property=\"og:image:type\" content=\"image\/jpeg\" \/>\n<meta name=\"twitter:card\" content=\"summary_large_image\" \/>\n<meta name=\"twitter:label1\" content=\"Tempo di lettura stimato\" \/>\n\t<meta name=\"twitter:data1\" content=\"4 minuti\" \/>\n<script type=\"application\/ld+json\" class=\"yoast-schema-graph\">{\"@context\":\"https:\/\/schema.org\",\"@graph\":[{\"@type\":\"WebPage\",\"@id\":\"https:\/\/esterhabas-traduction.eu\/it\/qui-suis-je\/\",\"url\":\"https:\/\/esterhabas-traduction.eu\/it\/qui-suis-je\/\",\"name\":\"Chi sono? - Ester Habas Traduction\",\"isPartOf\":{\"@id\":\"https:\/\/esterhabas-traduction.eu\/it\/#website\"},\"primaryImageOfPage\":{\"@id\":\"https:\/\/esterhabas-traduction.eu\/it\/qui-suis-je\/#primaryimage\"},\"image\":{\"@id\":\"https:\/\/esterhabas-traduction.eu\/it\/qui-suis-je\/#primaryimage\"},\"thumbnailUrl\":\"https:\/\/esterhabas-traduction.eu\/wp-content\/uploads\/2022\/10\/ester-habas.jpg\",\"datePublished\":\"2023-10-12T08:26:42+00:00\",\"dateModified\":\"2024-09-20T09:14:32+00:00\",\"description\":\"Interprete e traduttrice di formazione, con una vasta esperienza internazionale, sono la fondatrice di Ester Habas Traduction.\",\"breadcrumb\":{\"@id\":\"https:\/\/esterhabas-traduction.eu\/it\/qui-suis-je\/#breadcrumb\"},\"inLanguage\":\"it-IT\",\"potentialAction\":[{\"@type\":\"ReadAction\",\"target\":[\"https:\/\/esterhabas-traduction.eu\/it\/qui-suis-je\/\"]}]},{\"@type\":\"ImageObject\",\"inLanguage\":\"it-IT\",\"@id\":\"https:\/\/esterhabas-traduction.eu\/it\/qui-suis-je\/#primaryimage\",\"url\":\"https:\/\/esterhabas-traduction.eu\/wp-content\/uploads\/2022\/10\/ester-habas.jpg\",\"contentUrl\":\"https:\/\/esterhabas-traduction.eu\/wp-content\/uploads\/2022\/10\/ester-habas.jpg\",\"width\":585,\"height\":662},{\"@type\":\"BreadcrumbList\",\"@id\":\"https:\/\/esterhabas-traduction.eu\/it\/qui-suis-je\/#breadcrumb\",\"itemListElement\":[{\"@type\":\"ListItem\",\"position\":1,\"name\":\"Accueil\",\"item\":\"https:\/\/esterhabas-traduction.eu\/it\/\"},{\"@type\":\"ListItem\",\"position\":2,\"name\":\"Chi sono?\"}]},{\"@type\":\"WebSite\",\"@id\":\"https:\/\/esterhabas-traduction.eu\/it\/#website\",\"url\":\"https:\/\/esterhabas-traduction.eu\/it\/\",\"name\":\"Ester Habas Traduction\",\"description\":\"Interpr\u00e9tation de conf\u00e9rence, cons\u00e9cutive, de liaison, \u00e0 distance et chuchotage\u00a0; traduction fran\u00e7ais, italien, anglais et espagnol\u00a0; voix off et formation espagnol.\",\"publisher\":{\"@id\":\"https:\/\/esterhabas-traduction.eu\/it\/#organization\"},\"potentialAction\":[{\"@type\":\"SearchAction\",\"target\":{\"@type\":\"EntryPoint\",\"urlTemplate\":\"https:\/\/esterhabas-traduction.eu\/it\/?s={search_term_string}\"},\"query-input\":{\"@type\":\"PropertyValueSpecification\",\"valueRequired\":true,\"valueName\":\"search_term_string\"}}],\"inLanguage\":\"it-IT\"},{\"@type\":\"Organization\",\"@id\":\"https:\/\/esterhabas-traduction.eu\/it\/#organization\",\"name\":\"Ester Habas\",\"url\":\"https:\/\/esterhabas-traduction.eu\/it\/\",\"logo\":{\"@type\":\"ImageObject\",\"inLanguage\":\"it-IT\",\"@id\":\"https:\/\/esterhabas-traduction.eu\/it\/#\/schema\/logo\/image\/\",\"url\":\"https:\/\/esterhabas-traduction.eu\/wp-content\/uploads\/2023\/10\/logo-ester-habas-1.png\",\"contentUrl\":\"https:\/\/esterhabas-traduction.eu\/wp-content\/uploads\/2023\/10\/logo-ester-habas-1.png\",\"width\":800,\"height\":172,\"caption\":\"Ester Habas\"},\"image\":{\"@id\":\"https:\/\/esterhabas-traduction.eu\/it\/#\/schema\/logo\/image\/\"}}]}<\/script>\n<!-- \/ Yoast SEO plugin. -->","yoast_head_json":{"title":"Chi sono? - Ester Habas Traduction","description":"Interprete e traduttrice di formazione, con una vasta esperienza internazionale, sono la fondatrice di Ester Habas Traduction.","robots":{"index":"index","follow":"follow","max-snippet":"max-snippet:-1","max-image-preview":"max-image-preview:large","max-video-preview":"max-video-preview:-1"},"canonical":"https:\/\/esterhabas-traduction.eu\/it\/qui-suis-je\/","og_locale":"it_IT","og_type":"article","og_title":"Chi sono? - Ester Habas Traduction","og_description":"Interprete e traduttrice di formazione, con una vasta esperienza internazionale, sono la fondatrice di Ester Habas Traduction.","og_url":"https:\/\/esterhabas-traduction.eu\/it\/qui-suis-je\/","og_site_name":"Ester Habas Traduction","article_modified_time":"2024-09-20T09:14:32+00:00","og_image":[{"width":585,"height":662,"url":"https:\/\/esterhabas-traduction.eu\/wp-content\/uploads\/2022\/10\/ester-habas.jpg","type":"image\/jpeg"}],"twitter_card":"summary_large_image","twitter_misc":{"Tempo di lettura stimato":"4 minuti"},"schema":{"@context":"https:\/\/schema.org","@graph":[{"@type":"WebPage","@id":"https:\/\/esterhabas-traduction.eu\/it\/qui-suis-je\/","url":"https:\/\/esterhabas-traduction.eu\/it\/qui-suis-je\/","name":"Chi sono? - Ester Habas Traduction","isPartOf":{"@id":"https:\/\/esterhabas-traduction.eu\/it\/#website"},"primaryImageOfPage":{"@id":"https:\/\/esterhabas-traduction.eu\/it\/qui-suis-je\/#primaryimage"},"image":{"@id":"https:\/\/esterhabas-traduction.eu\/it\/qui-suis-je\/#primaryimage"},"thumbnailUrl":"https:\/\/esterhabas-traduction.eu\/wp-content\/uploads\/2022\/10\/ester-habas.jpg","datePublished":"2023-10-12T08:26:42+00:00","dateModified":"2024-09-20T09:14:32+00:00","description":"Interprete e traduttrice di formazione, con una vasta esperienza internazionale, sono la fondatrice di Ester Habas Traduction.","breadcrumb":{"@id":"https:\/\/esterhabas-traduction.eu\/it\/qui-suis-je\/#breadcrumb"},"inLanguage":"it-IT","potentialAction":[{"@type":"ReadAction","target":["https:\/\/esterhabas-traduction.eu\/it\/qui-suis-je\/"]}]},{"@type":"ImageObject","inLanguage":"it-IT","@id":"https:\/\/esterhabas-traduction.eu\/it\/qui-suis-je\/#primaryimage","url":"https:\/\/esterhabas-traduction.eu\/wp-content\/uploads\/2022\/10\/ester-habas.jpg","contentUrl":"https:\/\/esterhabas-traduction.eu\/wp-content\/uploads\/2022\/10\/ester-habas.jpg","width":585,"height":662},{"@type":"BreadcrumbList","@id":"https:\/\/esterhabas-traduction.eu\/it\/qui-suis-je\/#breadcrumb","itemListElement":[{"@type":"ListItem","position":1,"name":"Accueil","item":"https:\/\/esterhabas-traduction.eu\/it\/"},{"@type":"ListItem","position":2,"name":"Chi sono?"}]},{"@type":"WebSite","@id":"https:\/\/esterhabas-traduction.eu\/it\/#website","url":"https:\/\/esterhabas-traduction.eu\/it\/","name":"Ester Habas Traduction","description":"Interpr\u00e9tation de conf\u00e9rence, cons\u00e9cutive, de liaison, \u00e0 distance et chuchotage\u00a0; traduction fran\u00e7ais, italien, anglais et espagnol\u00a0; voix off et formation espagnol.","publisher":{"@id":"https:\/\/esterhabas-traduction.eu\/it\/#organization"},"potentialAction":[{"@type":"SearchAction","target":{"@type":"EntryPoint","urlTemplate":"https:\/\/esterhabas-traduction.eu\/it\/?s={search_term_string}"},"query-input":{"@type":"PropertyValueSpecification","valueRequired":true,"valueName":"search_term_string"}}],"inLanguage":"it-IT"},{"@type":"Organization","@id":"https:\/\/esterhabas-traduction.eu\/it\/#organization","name":"Ester Habas","url":"https:\/\/esterhabas-traduction.eu\/it\/","logo":{"@type":"ImageObject","inLanguage":"it-IT","@id":"https:\/\/esterhabas-traduction.eu\/it\/#\/schema\/logo\/image\/","url":"https:\/\/esterhabas-traduction.eu\/wp-content\/uploads\/2023\/10\/logo-ester-habas-1.png","contentUrl":"https:\/\/esterhabas-traduction.eu\/wp-content\/uploads\/2023\/10\/logo-ester-habas-1.png","width":800,"height":172,"caption":"Ester Habas"},"image":{"@id":"https:\/\/esterhabas-traduction.eu\/it\/#\/schema\/logo\/image\/"}}]}},"_links":{"self":[{"href":"https:\/\/esterhabas-traduction.eu\/it\/wp-json\/wp\/v2\/pages\/2084","targetHints":{"allow":["GET"]}}],"collection":[{"href":"https:\/\/esterhabas-traduction.eu\/it\/wp-json\/wp\/v2\/pages"}],"about":[{"href":"https:\/\/esterhabas-traduction.eu\/it\/wp-json\/wp\/v2\/types\/page"}],"author":[{"embeddable":true,"href":"https:\/\/esterhabas-traduction.eu\/it\/wp-json\/wp\/v2\/users\/1"}],"replies":[{"embeddable":true,"href":"https:\/\/esterhabas-traduction.eu\/it\/wp-json\/wp\/v2\/comments?post=2084"}],"version-history":[{"count":13,"href":"https:\/\/esterhabas-traduction.eu\/it\/wp-json\/wp\/v2\/pages\/2084\/revisions"}],"predecessor-version":[{"id":2551,"href":"https:\/\/esterhabas-traduction.eu\/it\/wp-json\/wp\/v2\/pages\/2084\/revisions\/2551"}],"wp:featuredmedia":[{"embeddable":true,"href":"https:\/\/esterhabas-traduction.eu\/it\/wp-json\/wp\/v2\/media\/97"}],"wp:attachment":[{"href":"https:\/\/esterhabas-traduction.eu\/it\/wp-json\/wp\/v2\/media?parent=2084"}],"curies":[{"name":"wp","href":"https:\/\/api.w.org\/{rel}","templated":true}]}}