{"id":1936,"date":"2023-10-12T10:26:43","date_gmt":"2023-10-12T08:26:43","guid":{"rendered":"https:\/\/esterhabas-traduction.eu\/temoignages\/"},"modified":"2024-09-20T10:54:53","modified_gmt":"2024-09-20T08:54:53","slug":"temoignages","status":"publish","type":"page","link":"https:\/\/esterhabas-traduction.eu\/es\/temoignages\/","title":{"rendered":"Testimonios"},"content":{"rendered":"<p>[et_pb_section fb_built=\u00bb1&#8243; _builder_version=\u00bb4.22.2&#8243; _module_preset=\u00bbdefault\u00bb background_color=\u00bb#000000&#8243; background_image=\u00bbhttps:\/\/esterhabas-traduction.eu\/wp-content\/uploads\/2023\/10\/f6.png\u00bb background_repeat=\u00bbrepeat\u00bb custom_margin=\u00bb1px||60px||false|false\u00bb custom_margin_tablet=\u00bb||30px||false|false\u00bb custom_margin_phone=\u00bb||30px||false|false\u00bb custom_margin_last_edited=\u00bbon|phone\u00bb custom_padding=\u00bb0px||0px||true|false\u00bb border_width_top=\u00bb1px\u00bb border_width_bottom=\u00bb1px\u00bb global_colors_info=\u00bb{}\u00bb][et_pb_row column_structure=\u00bb3_5,2_5&#8243; make_equal=\u00bbon\u00bb _builder_version=\u00bb4.22.2&#8243; _module_preset=\u00bbdefault\u00bb custom_margin=\u00bb0px||0px||false|false\u00bb custom_padding=\u00bb0px||0px||false|false\u00bb global_colors_info=\u00bb{}\u00bb][et_pb_column type=\u00bb3_5&#8243; module_class=\u00bbcentrer-verticalement\u00bb _builder_version=\u00bb4.22.2&#8243; _module_preset=\u00bbdefault\u00bb global_colors_info=\u00bb{}\u00bb][et_pb_text module_class=\u00bbtitreback\u00bb _builder_version=\u00bb4.22.2&#8243; _module_preset=\u00bbdefault\u00bb header_text_color=\u00bb#FFFFFF\u00bb header_font_size=\u00bb41px\u00bb custom_margin=\u00bb100px||100px||true|false\u00bb custom_margin_tablet=\u00bb40px||40px||true|false\u00bb custom_margin_phone=\u00bb15px||15px||true|false\u00bb custom_margin_last_edited=\u00bbon|phone\u00bb custom_padding=\u00bb15px||||false|false\u00bb header_font_size_tablet=\u00bb30px\u00bb header_font_size_phone=\u00bb30px\u00bb header_font_size_last_edited=\u00bbon|phone\u00bb global_colors_info=\u00bb{}\u00bb]<\/p>\n<h1><span>Testimonios<\/span><\/h1>\n<p>[\/et_pb_text][\/et_pb_column][et_pb_column type=\u00bb2_5&#8243; _builder_version=\u00bb4.22.2&#8243; _module_preset=\u00bbdefault\u00bb background_color=\u00bb#000000&#8243; background_image=\u00bbhttps:\/\/esterhabas-traduction.eu\/wp-content\/uploads\/2023\/10\/Temoignages.png\u00bb global_colors_info=\u00bb{}\u00bb][\/et_pb_column][\/et_pb_row][\/et_pb_section][et_pb_section fb_built=\u00bb1&#8243; _builder_version=\u00bb4.22.2&#8243; _module_preset=\u00bbdefault\u00bb background_color=\u00bb#FFFFFF\u00bb background_enable_image=\u00bboff\u00bb parallax=\u00bbon\u00bb parallax_method=\u00bboff\u00bb custom_margin=\u00bb|40px||40px|false|true\u00bb custom_margin_tablet=\u00bb50px|10px||10px|false|true\u00bb custom_margin_phone=\u00bb0px|10px|0px|10px|true|true\u00bb custom_margin_last_edited=\u00bbon|phone\u00bb custom_padding=\u00bb||||true|false\u00bb background_last_edited=\u00bbon|phone\u00bb background_enable_image_phone=\u00bboff\u00bb global_colors_info=\u00bb{}\u00bb][et_pb_row column_structure=\u00bb1_3,1_3,1_3&#8243; _builder_version=\u00bb4.22.2&#8243; _module_preset=\u00bbdefault\u00bb max_width=\u00bb1811px\u00bb global_colors_info=\u00bb{}\u00bb][et_pb_column type=\u00bb1_3&#8243; _builder_version=\u00bb4.22.2&#8243; _module_preset=\u00bbdefault\u00bb global_colors_info=\u00bb{}\u00bb][et_pb_testimonial author=\u00bbJohan L&#8217;Ecluse | ABESIM | www.abesim.com\u00bb job_title=\u00bbempresa de ingenier\u00eda especializada en suelos contaminados, www.abesim.com\u00bb portrait_url=\u00bbhttps:\/\/esterhabas-traduction.eu\/wp-content\/uploads\/2023\/12\/abesim.jpg\u00bb quote_icon_color=\u00bb#C11D1B\u00bb quote_icon_background_color=\u00bbRGBA(255,255,255,0)\u00bb portrait_width=\u00bb167px\u00bb portrait_height=\u00bb91px\u00bb use_icon_font_size=\u00bbon\u00bb icon_font_size=\u00bb36px\u00bb _builder_version=\u00bb4.27.0&#8243; _module_preset=\u00bbdefault\u00bb author_text_align=\u00bbleft\u00bb text_orientation=\u00bbjustified\u00bb custom_padding=\u00bb||||false|false\u00bb author_text_align_tablet=\u00bbleft\u00bb author_text_align_phone=\u00bbleft\u00bb author_text_align_last_edited=\u00bbon|phone\u00bb text_orientation_tablet=\u00bbjustified\u00bb text_orientation_phone=\u00bbleft\u00bb text_orientation_last_edited=\u00bbon|desktop\u00bb border_radii_portrait=\u00bbon|0px|0px|0px|0px\u00bb global_colors_info=\u00bb{}\u00bb]<\/p>\n<p><em>\u00abTrabajamos con ella por su rapidez de respuesta, su entusiasmo y su trabajo correcto y profesional\u00bb.<\/em><\/p>\n<p>[\/et_pb_testimonial][et_pb_testimonial author=\u00bbBruno Vargas | Profesor-investigador de historia y civilizaci\u00f3n espa\u00f1olas contempor\u00e1neas | Universidad de Toulouse, INU Champollion, Laboratorio FRAMESPA-CNRS\u00bb portrait_url=\u00bbhttps:\/\/esterhabas-traduction.eu\/wp-content\/uploads\/2023\/12\/Framespa.jpg\u00bb quote_icon_color=\u00bb#C11D1B\u00bb quote_icon_background_color=\u00bbRGBA(255,255,255,0)\u00bb portrait_width=\u00bb167px\u00bb portrait_height=\u00bb91px\u00bb use_icon_font_size=\u00bbon\u00bb icon_font_size=\u00bb36px\u00bb _builder_version=\u00bb4.27.0&#8243; _module_preset=\u00bbdefault\u00bb author_text_align=\u00bbleft\u00bb text_orientation=\u00bbjustified\u00bb custom_padding=\u00bb||||false|false\u00bb author_text_align_tablet=\u00bbleft\u00bb author_text_align_phone=\u00bbleft\u00bb author_text_align_last_edited=\u00bbon|phone\u00bb text_orientation_tablet=\u00bbjustified\u00bb text_orientation_phone=\u00bbleft\u00bb text_orientation_last_edited=\u00bbon|desktop\u00bb border_radii_portrait=\u00bbon|0px|0px|0px|0px\u00bb global_colors_info=\u00bb{}\u00bb]<\/p>\n<p><em>\u00abConozco a Ester Habas desde hace m\u00e1s de diez a\u00f1os, por su trabajo como traductora en las Jornadas Internacionales Manuel Aza\u00f1a de Montauban. La calidad de estas traducciones simult\u00e1neas, a veces sin conocimiento previo del texto del conferenciante, es extraordinaria. Hasta la fecha, no hemos recibido m\u00e1s que elogios sobre el trabajo de Ester, por parte de un p\u00fablico a menudo exigente. Y, naturalmente, por su profesionalidad, su rigor y su capacidad para pasar de un tema a otro sin comprometer la calidad de su trabajo, le ped\u00ed que tradujera varios coloquios universitarios sobre la historia contempor\u00e1nea de Espa\u00f1a organizados en el INU Champollion y la Universidad Toulouse Jean Jaur\u00e8s. M\u00e1s recientemente, la recomend\u00e9 sin dudarlo al Memorial del Campo de Rivesaltes para llevar a cabo la traducci\u00f3n de un encuentro franco-espa\u00f1ol al que asisti\u00f3 el Secretario de Estado para la Memoria Democr\u00e1tica, Fernando Mart\u00ednez. Una prueba, por si hiciera falta, de nuestra plena confianza en las cualidades humanas y profesionales de Ester\u00bb.<\/em><\/p>\n<p>[\/et_pb_testimonial][\/et_pb_column][et_pb_column type=\u00bb1_3&#8243; _builder_version=\u00bb4.22.2&#8243; _module_preset=\u00bbdefault\u00bb global_colors_info=\u00bb{}\u00bb][et_pb_testimonial author=\u00bbIan Margo | G\u00e9rente  | Coup de Puce Expansion SARL\u00bb portrait_url=\u00bbhttps:\/\/esterhabas-traduction.eu\/wp-content\/uploads\/2023\/12\/coup-de-puce.jpg\u00bb quote_icon_color=\u00bb#C11D1B\u00bb quote_icon_background_color=\u00bbRGBA(255,255,255,0)\u00bb portrait_width=\u00bb167px\u00bb portrait_height=\u00bb91px\u00bb use_icon_font_size=\u00bbon\u00bb icon_font_size=\u00bb36px\u00bb _builder_version=\u00bb4.27.0&#8243; _module_preset=\u00bbdefault\u00bb author_text_align=\u00bbleft\u00bb text_orientation=\u00bbjustified\u00bb custom_padding=\u00bb||||false|false\u00bb author_text_align_tablet=\u00bbleft\u00bb author_text_align_phone=\u00bbleft\u00bb author_text_align_last_edited=\u00bbon|phone\u00bb text_orientation_tablet=\u00bbjustified\u00bb text_orientation_phone=\u00bbleft\u00bb text_orientation_last_edited=\u00bbon|desktop\u00bb border_radii_portrait=\u00bbon|0px|0px|0px|0px\u00bb global_colors_info=\u00bb{}\u00bb]<\/p>\n<p><em>\u00abHemos recurrido con frecuencia a Ester Habas Castro, seguros de que nos entregar\u00eda un trabajo de calidad con los m\u00e1s altos est\u00e1ndares y respetando los plazos de entrega. Tambi\u00e9n realiza para nosotros servicios de interpretaci\u00f3n, con los que nuestros clientes quedan plenamente satisfechos\u00bb.<\/em><\/p>\n<p>[\/et_pb_testimonial][et_pb_testimonial author=\u00bbSara Freitas-Maltavernes | Sfm traductions\u00bb portrait_url=\u00bbhttps:\/\/esterhabas-traduction.eu\/wp-content\/uploads\/2023\/12\/SFM-Traduction-Conseil.jpg\u00bb quote_icon_color=\u00bb#C11D1B\u00bb quote_icon_background_color=\u00bbRGBA(255,255,255,0)\u00bb portrait_width=\u00bb167px\u00bb portrait_height=\u00bb91px\u00bb use_icon_font_size=\u00bbon\u00bb icon_font_size=\u00bb36px\u00bb _builder_version=\u00bb4.27.0&#8243; _module_preset=\u00bbdefault\u00bb author_text_align=\u00bbleft\u00bb text_orientation=\u00bbjustified\u00bb custom_padding=\u00bb||||false|false\u00bb author_text_align_tablet=\u00bbleft\u00bb author_text_align_phone=\u00bbleft\u00bb author_text_align_last_edited=\u00bbon|phone\u00bb text_orientation_tablet=\u00bbjustified\u00bb text_orientation_phone=\u00bbleft\u00bb text_orientation_last_edited=\u00bbon|desktop\u00bb border_radii_portrait=\u00bbon|0px|0px|0px|0px\u00bb global_colors_info=\u00bb{}\u00bb]<\/p>\n<p><em>\u00abEster me corrigi\u00f3 una traducci\u00f3n del franc\u00e9s al espa\u00f1ol. Apreci\u00e9 su atenci\u00f3n al detalle y a las diferencias tipogr\u00e1ficas de un idioma a otro. Tambi\u00e9n armoniz\u00f3 la estructura de las distintas frases en listas con vi\u00f1etas para dar unidad al conjunto. No dudar\u00e9 en volver a recurrir a Ester para proyectos en lengua espa\u00f1ola\u00bb.<\/em><\/p>\n<p>[\/et_pb_testimonial][\/et_pb_column][et_pb_column type=\u00bb1_3&#8243; _builder_version=\u00bb4.22.2&#8243; _module_preset=\u00bbdefault\u00bb global_colors_info=\u00bb{}\u00bb][et_pb_testimonial author=\u00bbEvelyne Demey| Editions du Huiti\u00e8me Jour | huitiemejour-editions.fr\u00bb portrait_url=\u00bbhttps:\/\/esterhabas-traduction.eu\/wp-content\/uploads\/2023\/12\/huitieme-jour.jpg\u00bb quote_icon_color=\u00bb#C11D1B\u00bb quote_icon_background_color=\u00bbRGBA(255,255,255,0)\u00bb portrait_width=\u00bb167px\u00bb portrait_height=\u00bb91px\u00bb use_icon_font_size=\u00bbon\u00bb icon_font_size=\u00bb36px\u00bb _builder_version=\u00bb4.27.0&#8243; _module_preset=\u00bbdefault\u00bb author_text_align=\u00bbleft\u00bb text_orientation=\u00bbjustified\u00bb custom_padding=\u00bb||||false|false\u00bb author_text_align_tablet=\u00bbleft\u00bb author_text_align_phone=\u00bbleft\u00bb author_text_align_last_edited=\u00bbon|phone\u00bb text_orientation_tablet=\u00bbjustified\u00bb text_orientation_phone=\u00bbleft\u00bb text_orientation_last_edited=\u00bbon|desktop\u00bb border_radii_portrait=\u00bbon|0px|0px|0px|0px\u00bb global_colors_info=\u00bb{}\u00bb]<\/p>\n<p><em>\u00abEstas son las razones por las que quedamos tan satisfechos con el trabajo de Ester Habas:<br \/>\u2022 la fiabilidad de la traducci\u00f3n<br \/>\u2022 la puntualidad<br \/>\u2022 la reactividad\u00bb.<\/em><\/p>\n<p>[\/et_pb_testimonial][\/et_pb_column][\/et_pb_row][\/et_pb_section]<\/p>\n","protected":false},"excerpt":{"rendered":"<p>Trabajamos con ella por su rapidez de respuesta, su entusiasmo y su trabajo correcto y profesional.<\/p>\n","protected":false},"author":1,"featured_media":1409,"parent":0,"menu_order":0,"comment_status":"closed","ping_status":"closed","template":"","meta":{"_et_pb_use_builder":"on","_et_pb_old_content":"","_et_gb_content_width":"","footnotes":""},"class_list":["post-1936","page","type-page","status-publish","has-post-thumbnail","hentry"],"yoast_head":"<!-- This site is optimized with the Yoast SEO plugin v26.6 - https:\/\/yoast.com\/wordpress\/plugins\/seo\/ -->\n<title>Testimonios - Ester Habas Traduction<\/title>\n<meta name=\"description\" content=\"Trabajamos con ella por su rapidez de respuesta, su entusiasmo y su trabajo correcto y profesional.\" \/>\n<meta name=\"robots\" content=\"index, follow, max-snippet:-1, max-image-preview:large, max-video-preview:-1\" \/>\n<link rel=\"canonical\" href=\"https:\/\/esterhabas-traduction.eu\/es\/temoignages\/\" \/>\n<meta property=\"og:locale\" content=\"es_ES\" \/>\n<meta property=\"og:type\" content=\"article\" \/>\n<meta property=\"og:title\" content=\"Testimonios - Ester Habas Traduction\" \/>\n<meta property=\"og:description\" content=\"Trabajamos con ella por su rapidez de respuesta, su entusiasmo y su trabajo correcto y profesional.\" \/>\n<meta property=\"og:url\" content=\"https:\/\/esterhabas-traduction.eu\/es\/temoignages\/\" \/>\n<meta property=\"og:site_name\" content=\"Ester Habas Traduction\" \/>\n<meta property=\"article:modified_time\" content=\"2024-09-20T08:54:53+00:00\" \/>\n<meta property=\"og:image\" content=\"https:\/\/esterhabas-traduction.eu\/wp-content\/uploads\/2023\/10\/Temoignages.png\" \/>\n\t<meta property=\"og:image:width\" content=\"550\" \/>\n\t<meta property=\"og:image:height\" content=\"367\" \/>\n\t<meta property=\"og:image:type\" content=\"image\/png\" \/>\n<meta name=\"twitter:card\" content=\"summary_large_image\" \/>\n<meta name=\"twitter:label1\" content=\"Tiempo de lectura\" \/>\n\t<meta name=\"twitter:data1\" content=\"6 minutos\" \/>\n<script type=\"application\/ld+json\" class=\"yoast-schema-graph\">{\"@context\":\"https:\/\/schema.org\",\"@graph\":[{\"@type\":\"WebPage\",\"@id\":\"https:\/\/esterhabas-traduction.eu\/es\/temoignages\/\",\"url\":\"https:\/\/esterhabas-traduction.eu\/es\/temoignages\/\",\"name\":\"Testimonios - Ester Habas Traduction\",\"isPartOf\":{\"@id\":\"https:\/\/esterhabas-traduction.eu\/es\/#website\"},\"primaryImageOfPage\":{\"@id\":\"https:\/\/esterhabas-traduction.eu\/es\/temoignages\/#primaryimage\"},\"image\":{\"@id\":\"https:\/\/esterhabas-traduction.eu\/es\/temoignages\/#primaryimage\"},\"thumbnailUrl\":\"https:\/\/esterhabas-traduction.eu\/wp-content\/uploads\/2023\/10\/Temoignages.png\",\"datePublished\":\"2023-10-12T08:26:43+00:00\",\"dateModified\":\"2024-09-20T08:54:53+00:00\",\"description\":\"Trabajamos con ella por su rapidez de respuesta, su entusiasmo y su trabajo correcto y profesional.\",\"breadcrumb\":{\"@id\":\"https:\/\/esterhabas-traduction.eu\/es\/temoignages\/#breadcrumb\"},\"inLanguage\":\"es\",\"potentialAction\":[{\"@type\":\"ReadAction\",\"target\":[\"https:\/\/esterhabas-traduction.eu\/es\/temoignages\/\"]}]},{\"@type\":\"ImageObject\",\"inLanguage\":\"es\",\"@id\":\"https:\/\/esterhabas-traduction.eu\/es\/temoignages\/#primaryimage\",\"url\":\"https:\/\/esterhabas-traduction.eu\/wp-content\/uploads\/2023\/10\/Temoignages.png\",\"contentUrl\":\"https:\/\/esterhabas-traduction.eu\/wp-content\/uploads\/2023\/10\/Temoignages.png\",\"width\":550,\"height\":367},{\"@type\":\"BreadcrumbList\",\"@id\":\"https:\/\/esterhabas-traduction.eu\/es\/temoignages\/#breadcrumb\",\"itemListElement\":[{\"@type\":\"ListItem\",\"position\":1,\"name\":\"Accueil\",\"item\":\"https:\/\/esterhabas-traduction.eu\/es\/\"},{\"@type\":\"ListItem\",\"position\":2,\"name\":\"Testimonios\"}]},{\"@type\":\"WebSite\",\"@id\":\"https:\/\/esterhabas-traduction.eu\/es\/#website\",\"url\":\"https:\/\/esterhabas-traduction.eu\/es\/\",\"name\":\"Ester Habas Traduction\",\"description\":\"Interpr\u00e9tation de conf\u00e9rence, cons\u00e9cutive, de liaison, \u00e0 distance et chuchotage\u00a0; traduction fran\u00e7ais, italien, anglais et espagnol\u00a0; voix off et formation espagnol.\",\"publisher\":{\"@id\":\"https:\/\/esterhabas-traduction.eu\/es\/#organization\"},\"potentialAction\":[{\"@type\":\"SearchAction\",\"target\":{\"@type\":\"EntryPoint\",\"urlTemplate\":\"https:\/\/esterhabas-traduction.eu\/es\/?s={search_term_string}\"},\"query-input\":{\"@type\":\"PropertyValueSpecification\",\"valueRequired\":true,\"valueName\":\"search_term_string\"}}],\"inLanguage\":\"es\"},{\"@type\":\"Organization\",\"@id\":\"https:\/\/esterhabas-traduction.eu\/es\/#organization\",\"name\":\"Ester Habas\",\"url\":\"https:\/\/esterhabas-traduction.eu\/es\/\",\"logo\":{\"@type\":\"ImageObject\",\"inLanguage\":\"es\",\"@id\":\"https:\/\/esterhabas-traduction.eu\/es\/#\/schema\/logo\/image\/\",\"url\":\"https:\/\/esterhabas-traduction.eu\/wp-content\/uploads\/2023\/10\/logo-ester-habas-1.png\",\"contentUrl\":\"https:\/\/esterhabas-traduction.eu\/wp-content\/uploads\/2023\/10\/logo-ester-habas-1.png\",\"width\":800,\"height\":172,\"caption\":\"Ester Habas\"},\"image\":{\"@id\":\"https:\/\/esterhabas-traduction.eu\/es\/#\/schema\/logo\/image\/\"}}]}<\/script>\n<!-- \/ Yoast SEO plugin. -->","yoast_head_json":{"title":"Testimonios - Ester Habas Traduction","description":"Trabajamos con ella por su rapidez de respuesta, su entusiasmo y su trabajo correcto y profesional.","robots":{"index":"index","follow":"follow","max-snippet":"max-snippet:-1","max-image-preview":"max-image-preview:large","max-video-preview":"max-video-preview:-1"},"canonical":"https:\/\/esterhabas-traduction.eu\/es\/temoignages\/","og_locale":"es_ES","og_type":"article","og_title":"Testimonios - Ester Habas Traduction","og_description":"Trabajamos con ella por su rapidez de respuesta, su entusiasmo y su trabajo correcto y profesional.","og_url":"https:\/\/esterhabas-traduction.eu\/es\/temoignages\/","og_site_name":"Ester Habas Traduction","article_modified_time":"2024-09-20T08:54:53+00:00","og_image":[{"width":550,"height":367,"url":"https:\/\/esterhabas-traduction.eu\/wp-content\/uploads\/2023\/10\/Temoignages.png","type":"image\/png"}],"twitter_card":"summary_large_image","twitter_misc":{"Tiempo de lectura":"6 minutos"},"schema":{"@context":"https:\/\/schema.org","@graph":[{"@type":"WebPage","@id":"https:\/\/esterhabas-traduction.eu\/es\/temoignages\/","url":"https:\/\/esterhabas-traduction.eu\/es\/temoignages\/","name":"Testimonios - Ester Habas Traduction","isPartOf":{"@id":"https:\/\/esterhabas-traduction.eu\/es\/#website"},"primaryImageOfPage":{"@id":"https:\/\/esterhabas-traduction.eu\/es\/temoignages\/#primaryimage"},"image":{"@id":"https:\/\/esterhabas-traduction.eu\/es\/temoignages\/#primaryimage"},"thumbnailUrl":"https:\/\/esterhabas-traduction.eu\/wp-content\/uploads\/2023\/10\/Temoignages.png","datePublished":"2023-10-12T08:26:43+00:00","dateModified":"2024-09-20T08:54:53+00:00","description":"Trabajamos con ella por su rapidez de respuesta, su entusiasmo y su trabajo correcto y profesional.","breadcrumb":{"@id":"https:\/\/esterhabas-traduction.eu\/es\/temoignages\/#breadcrumb"},"inLanguage":"es","potentialAction":[{"@type":"ReadAction","target":["https:\/\/esterhabas-traduction.eu\/es\/temoignages\/"]}]},{"@type":"ImageObject","inLanguage":"es","@id":"https:\/\/esterhabas-traduction.eu\/es\/temoignages\/#primaryimage","url":"https:\/\/esterhabas-traduction.eu\/wp-content\/uploads\/2023\/10\/Temoignages.png","contentUrl":"https:\/\/esterhabas-traduction.eu\/wp-content\/uploads\/2023\/10\/Temoignages.png","width":550,"height":367},{"@type":"BreadcrumbList","@id":"https:\/\/esterhabas-traduction.eu\/es\/temoignages\/#breadcrumb","itemListElement":[{"@type":"ListItem","position":1,"name":"Accueil","item":"https:\/\/esterhabas-traduction.eu\/es\/"},{"@type":"ListItem","position":2,"name":"Testimonios"}]},{"@type":"WebSite","@id":"https:\/\/esterhabas-traduction.eu\/es\/#website","url":"https:\/\/esterhabas-traduction.eu\/es\/","name":"Ester Habas Traduction","description":"Interpr\u00e9tation de conf\u00e9rence, cons\u00e9cutive, de liaison, \u00e0 distance et chuchotage\u00a0; traduction fran\u00e7ais, italien, anglais et espagnol\u00a0; voix off et formation espagnol.","publisher":{"@id":"https:\/\/esterhabas-traduction.eu\/es\/#organization"},"potentialAction":[{"@type":"SearchAction","target":{"@type":"EntryPoint","urlTemplate":"https:\/\/esterhabas-traduction.eu\/es\/?s={search_term_string}"},"query-input":{"@type":"PropertyValueSpecification","valueRequired":true,"valueName":"search_term_string"}}],"inLanguage":"es"},{"@type":"Organization","@id":"https:\/\/esterhabas-traduction.eu\/es\/#organization","name":"Ester Habas","url":"https:\/\/esterhabas-traduction.eu\/es\/","logo":{"@type":"ImageObject","inLanguage":"es","@id":"https:\/\/esterhabas-traduction.eu\/es\/#\/schema\/logo\/image\/","url":"https:\/\/esterhabas-traduction.eu\/wp-content\/uploads\/2023\/10\/logo-ester-habas-1.png","contentUrl":"https:\/\/esterhabas-traduction.eu\/wp-content\/uploads\/2023\/10\/logo-ester-habas-1.png","width":800,"height":172,"caption":"Ester Habas"},"image":{"@id":"https:\/\/esterhabas-traduction.eu\/es\/#\/schema\/logo\/image\/"}}]}},"_links":{"self":[{"href":"https:\/\/esterhabas-traduction.eu\/es\/wp-json\/wp\/v2\/pages\/1936","targetHints":{"allow":["GET"]}}],"collection":[{"href":"https:\/\/esterhabas-traduction.eu\/es\/wp-json\/wp\/v2\/pages"}],"about":[{"href":"https:\/\/esterhabas-traduction.eu\/es\/wp-json\/wp\/v2\/types\/page"}],"author":[{"embeddable":true,"href":"https:\/\/esterhabas-traduction.eu\/es\/wp-json\/wp\/v2\/users\/1"}],"replies":[{"embeddable":true,"href":"https:\/\/esterhabas-traduction.eu\/es\/wp-json\/wp\/v2\/comments?post=1936"}],"version-history":[{"count":29,"href":"https:\/\/esterhabas-traduction.eu\/es\/wp-json\/wp\/v2\/pages\/1936\/revisions"}],"predecessor-version":[{"id":2531,"href":"https:\/\/esterhabas-traduction.eu\/es\/wp-json\/wp\/v2\/pages\/1936\/revisions\/2531"}],"wp:featuredmedia":[{"embeddable":true,"href":"https:\/\/esterhabas-traduction.eu\/es\/wp-json\/wp\/v2\/media\/1409"}],"wp:attachment":[{"href":"https:\/\/esterhabas-traduction.eu\/es\/wp-json\/wp\/v2\/media?parent=1936"}],"curies":[{"name":"wp","href":"https:\/\/api.w.org\/{rel}","templated":true}]}}