{"id":1877,"date":"2023-10-12T10:26:43","date_gmt":"2023-10-12T08:26:43","guid":{"rendered":"https:\/\/esterhabas-traduction.eu\/interpretation\/"},"modified":"2024-09-20T10:52:38","modified_gmt":"2024-09-20T08:52:38","slug":"interpretation","status":"publish","type":"page","link":"https:\/\/esterhabas-traduction.eu\/es\/interpretation\/","title":{"rendered":"Interpretaci\u00f3n"},"content":{"rendered":"<p>[et_pb_section fb_built=\u00bb1&#8243; _builder_version=\u00bb4.22.2&#8243; _module_preset=\u00bbdefault\u00bb background_color=\u00bb#000000&#8243; background_image=\u00bbhttps:\/\/esterhabas-traduction.eu\/wp-content\/uploads\/2023\/10\/f6.png\u00bb background_repeat=\u00bbrepeat\u00bb custom_margin=\u00bb1px||60px||false|false\u00bb custom_margin_tablet=\u00bb||30px||false|false\u00bb custom_margin_phone=\u00bb||30px||false|false\u00bb custom_margin_last_edited=\u00bbon|phone\u00bb custom_padding=\u00bb0px||0px||true|false\u00bb border_width_top=\u00bb1px\u00bb border_width_bottom=\u00bb1px\u00bb global_colors_info=\u00bb{}\u00bb][et_pb_row column_structure=\u00bb3_5,2_5&#8243; make_equal=\u00bbon\u00bb _builder_version=\u00bb4.22.2&#8243; _module_preset=\u00bbdefault\u00bb custom_margin=\u00bb0px||0px||false|false\u00bb custom_padding=\u00bb0px||0px||false|false\u00bb global_colors_info=\u00bb{}\u00bb][et_pb_column type=\u00bb3_5&#8243; module_class=\u00bbcentrer-verticalement\u00bb _builder_version=\u00bb4.22.2&#8243; _module_preset=\u00bbdefault\u00bb global_colors_info=\u00bb{}\u00bb][et_pb_text module_class=\u00bbtitreback\u00bb _builder_version=\u00bb4.22.2&#8243; _module_preset=\u00bbdefault\u00bb header_text_color=\u00bb#FFFFFF\u00bb header_font_size=\u00bb41px\u00bb custom_margin=\u00bb100px||100px||true|false\u00bb custom_margin_tablet=\u00bb40px||40px||true|false\u00bb custom_margin_phone=\u00bb15px||15px||true|false\u00bb custom_margin_last_edited=\u00bbon|phone\u00bb custom_padding=\u00bb15px||||false|false\u00bb header_font_size_tablet=\u00bb30px\u00bb header_font_size_phone=\u00bb30px\u00bb header_font_size_last_edited=\u00bbon|phone\u00bb global_colors_info=\u00bb{}\u00bb]<\/p>\n<h1><span>Interpretaci\u00f3n<\/span><\/h1>\n<p>[\/et_pb_text][\/et_pb_column][et_pb_column type=\u00bb2_5&#8243; _builder_version=\u00bb4.22.2&#8243; _module_preset=\u00bbdefault\u00bb background_color=\u00bb#000000&#8243; background_image=\u00bbhttps:\/\/esterhabas-traduction.eu\/wp-content\/uploads\/2023\/10\/interpretation.png\u00bb global_colors_info=\u00bb{}\u00bb][\/et_pb_column][\/et_pb_row][\/et_pb_section][et_pb_section fb_built=\u00bb1&#8243; _builder_version=\u00bb4.22.2&#8243; _module_preset=\u00bbdefault\u00bb custom_margin=\u00bb0px||||false|false\u00bb custom_padding=\u00bb0px||||false|false\u00bb global_colors_info=\u00bb{}\u00bb][et_pb_row column_structure=\u00bb3_4,1_4&#8243; make_equal=\u00bbon\u00bb _builder_version=\u00bb4.22.2&#8243; _module_preset=\u00bbdefault\u00bb global_colors_info=\u00bb{}\u00bb][et_pb_column type=\u00bb3_4&#8243; _builder_version=\u00bb4.22.2&#8243; _module_preset=\u00bbdefault\u00bb global_colors_info=\u00bb{}\u00bb][et_pb_text disabled_on=\u00bboff|off|off\u00bb _builder_version=\u00bb4.23.1&#8243; _module_preset=\u00bbdefault\u00bb text_font_size=\u00bb16px\u00bb header_2_text_color=\u00bb#000000&#8243; header_2_line_height=\u00bb1.3em\u00bb global_colors_info=\u00bb{}\u00bb]<\/p>\n<h2>Interpretaci\u00f3n: <span style=\"color: #c11d1b;\">un deporte de alto nivel<\/span><\/h2>\n<p>[\/et_pb_text][et_pb_image src=\u00bbhttps:\/\/esterhabas-traduction.eu\/wp-content\/uploads\/2023\/10\/Ester-Habas-2.png\u00bb title_text=\u00bbEster Habas\u00bb disabled_on=\u00bboff|off|on\u00bb _builder_version=\u00bb4.22.2&#8243; _module_preset=\u00bbdefault\u00bb global_colors_info=\u00bb{}\u00bb][\/et_pb_image][et_pb_text _builder_version=\u00bb4.27.0&#8243; _module_preset=\u00bbdefault\u00bb text_font_size=\u00bb16px\u00bb header_2_text_color=\u00bb#000000&#8243; header_2_line_height=\u00bb1.3em\u00bb header_3_text_align=\u00bbleft\u00bb text_orientation=\u00bbjustified\u00bb text_orientation_tablet=\u00bbleft\u00bb text_orientation_phone=\u00bbleft\u00bb text_orientation_last_edited=\u00bbon|tablet\u00bb global_colors_info=\u00bb{}\u00bb]<\/p>\n<p>Tras haber estudiado en la Facultad de Traducci\u00f3n e Interpretaci\u00f3n de la Universidad de M\u00e1laga, el Institut Libre Marie Haps de Bruselas y el IUP de Traducci\u00f3n e Interpretaci\u00f3n de la Universidad de Toulouse II, y haber realizado el Cambridge Conference Interpretation Course en 2023, ofrezco servicios de interpretaci\u00f3n simult\u00e1nea y consecutiva franc\u00e9s-espa\u00f1ol e italiano-espa\u00f1ol.<\/p>\n<p><span>Pongo a su disposici\u00f3n mis competencias ling\u00fc\u00edsticas y culturales, avaladas por una formaci\u00f3n especializada y reforzadas por una gran experiencia profesional en el extranjero<\/span>. Pongo todas mis competencias a su servicio, como pueden atestiguar mis <a href=\"https:\/\/esterhabas-traduction.eu\/es\/clients\/\">clientes<\/a>.<\/p>\n<p>&nbsp;<\/p>\n<h3>La interpretaci\u00f3n y yo<\/h3>\n<p>Los int\u00e9rpretes tienen que demostrar una gimnasia mental importante y disponer de conocimientos culturales y ling\u00fc\u00edsticos, as\u00ed como de una preparaci\u00f3n que les permita comprender cualquier tipo de mensaje en sus lenguas B o C, de modo que puedan transponerlo r\u00e1pidamente a su lengua A, o bien de su lengua A a su lengua B. En mi caso, mi lengua A es el espa\u00f1ol, mi lengua materna, mi lengua B es el franc\u00e9s y mis lenguas C son el italiano y el ingl\u00e9s.<\/p>\n<p>Cuando organice usted un acto en el que se hablen dos o m\u00e1s lenguas, necesitar\u00e1 un servicio de interpretaci\u00f3n para que todo salga bien y los distintos participantes puedan comunicarse f\u00e1cilmente en sus propios idiomas.<\/p>\n<p>[\/et_pb_text][\/et_pb_column][et_pb_column type=\u00bb1_4&#8243; _builder_version=\u00bb4.22.2&#8243; _module_preset=\u00bbdefault\u00bb background_enable_color=\u00bboff\u00bb global_colors_info=\u00bb{}\u00bb][et_pb_image src=\u00bbhttps:\/\/esterhabas-traduction.eu\/wp-content\/uploads\/2023\/12\/Ester-Habas.jpg\u00bb title_text=\u00bbEster Habas\u00bb disabled_on=\u00bbon|on|off\u00bb _builder_version=\u00bb4.23.1&#8243; _module_preset=\u00bbdefault\u00bb custom_margin=\u00bb77px|||||\u00bb global_colors_info=\u00bb{}\u00bb][\/et_pb_image][\/et_pb_column][\/et_pb_row][et_pb_row _builder_version=\u00bb4.22.2&#8243; _module_preset=\u00bbdefault\u00bb global_colors_info=\u00bb{}\u00bb][et_pb_column type=\u00bb4_4&#8243; _builder_version=\u00bb4.22.2&#8243; _module_preset=\u00bbdefault\u00bb global_colors_info=\u00bb{}\u00bb][et_pb_text _builder_version=\u00bb4.22.2&#8243; _module_preset=\u00bbdefault\u00bb global_colors_info=\u00bb{}\u00bb]<\/p>\n<h2>Existen varios tipos de interpretaci\u00f3n:&nbsp;<\/h2>\n<p>[\/et_pb_text][\/et_pb_column][\/et_pb_row][et_pb_row column_structure=\u00bb1_4,1_4,1_4,1_4&#8243; use_custom_gutter=\u00bbon\u00bb gutter_width=\u00bb2&#8243; make_equal=\u00bbon\u00bb _builder_version=\u00bb4.22.2&#8243; _module_preset=\u00bbdefault\u00bb locked=\u00bboff\u00bb global_colors_info=\u00bb{}\u00bb][et_pb_column type=\u00bb1_4&#8243; _builder_version=\u00bb4.22.2&#8243; _module_preset=\u00bbdefault\u00bb border_width_all=\u00bb1px\u00bb border_color_all=\u00bb#000000&#8243; global_colors_info=\u00bb{}\u00bb][et_pb_image src=\u00bbhttps:\/\/esterhabas-traduction.eu\/wp-content\/uploads\/2023\/10\/Fichier-13INTERPRETATION.png\u00bb title_text=\u00bbInterpretaci\u00f3n a distancia\u00bb _builder_version=\u00bb4.22.2&#8243; _module_preset=\u00bbdefault\u00bb global_colors_info=\u00bb{}\u00bb][\/et_pb_image][et_pb_text _builder_version=\u00bb4.22.2&#8243; _module_preset=\u00bbdefault\u00bb text_font_size=\u00bb16px\u00bb header_3_text_color=\u00bb#C11D1B\u00bb text_orientation=\u00bbcenter\u00bb custom_margin=\u00bb25px|10px||10px|false|true\u00bb custom_padding=\u00bb||20px||false|false\u00bb global_colors_info=\u00bb{}\u00bb]<\/p>\n<h3>Interpretaci\u00f3n a distancia:&nbsp;<\/h3>\n<p>\u2022 El int\u00e9rprete trabaja a distancia a trav\u00e9s de una plataforma virtual.<\/p>\n<p>\u2022 Para actos o reuniones por videoconferencia.[\/et_pb_text][\/et_pb_column][et_pb_column type=\u00bb1_4&#8243; _builder_version=\u00bb4.22.2&#8243; _module_preset=\u00bbdefault\u00bb border_width_all=\u00bb1px\u00bb border_color_all=\u00bb#000000&#8243; global_colors_info=\u00bb{}\u00bb][et_pb_image src=\u00bbhttps:\/\/esterhabas-traduction.eu\/wp-content\/uploads\/2023\/10\/Fichier-14INTERPRETATION.png\u00bb title_text=\u00bbInterpretaci\u00f3n simult\u00e1nea:\u00bb _builder_version=\u00bb4.22.2&#8243; _module_preset=\u00bbdefault\u00bb global_colors_info=\u00bb{}\u00bb][\/et_pb_image][et_pb_text _builder_version=\u00bb4.22.2&#8243; _module_preset=\u00bbdefault\u00bb text_font_size=\u00bb16px\u00bb header_3_text_color=\u00bb#C11D1B\u00bb text_orientation=\u00bbcenter\u00bb custom_margin=\u00bb25px|10px||10px|false|true\u00bb custom_padding=\u00bb||20px||false|false\u00bb global_colors_info=\u00bb{}\u00bb]<\/p>\n<h3>Interpretaci\u00f3n simult\u00e1nea: &nbsp;<\/h3>\n<p>\u2022 El int\u00e9rprete habla al mismo tiempo que los oradores, utilizando una cabina insonorizada, auriculares y micr\u00f3fono.<\/p>\n<p>\u2022 Para conferencias, seminarios, asambleas y reuniones.[\/et_pb_text][\/et_pb_column][et_pb_column type=\u00bb1_4&#8243; _builder_version=\u00bb4.22.2&#8243; _module_preset=\u00bbdefault\u00bb border_width_all=\u00bb1px\u00bb border_color_all=\u00bb#000000&#8243; global_colors_info=\u00bb{}\u00bb][et_pb_image src=\u00bbhttps:\/\/esterhabas-traduction.eu\/wp-content\/uploads\/2023\/10\/Fichier-15INTERPRETATION.png\u00bb title_text=\u00bbInterpretaci\u00f3n susurrada o chuchotage:\u00bb _builder_version=\u00bb4.22.2&#8243; _module_preset=\u00bbdefault\u00bb global_colors_info=\u00bb{}\u00bb][\/et_pb_image][et_pb_text _builder_version=\u00bb4.27.0&#8243; _module_preset=\u00bbdefault\u00bb text_font_size=\u00bb16px\u00bb header_3_text_color=\u00bb#C11D1B\u00bb text_orientation=\u00bbcenter\u00bb custom_margin=\u00bb25px|10px||10px|false|true\u00bb custom_padding=\u00bb||20px||false|false\u00bb global_colors_info=\u00bb{}\u00bb]<\/p>\n<h3>Interpretaci\u00f3n susurrada o <em>chuchotage:<\/em><\/h3>\n<div>\n<p>\u2022 El int\u00e9rprete habla al mismo tiempo que los oradores, sin equipo de interpretaci\u00f3n.<\/p>\n<p><span lang=\"FR\">\u2022<\/span> <span lang=\"FR\"><span>El<\/span> int\u00e9rprete se sit\u00faa junto al cliente y traduce simult\u00e1neamente en voz baja<\/span>.<\/p>\n<\/div>\n<p>[\/et_pb_text][\/et_pb_column][et_pb_column type=\u00bb1_4&#8243; _builder_version=\u00bb4.22.2&#8243; _module_preset=\u00bbdefault\u00bb border_width_all=\u00bb1px\u00bb border_color_all=\u00bb#000000&#8243; global_colors_info=\u00bb{}\u00bb][et_pb_image src=\u00bbhttps:\/\/esterhabas-traduction.eu\/wp-content\/uploads\/2023\/10\/Fichier-16INTERPRETATION.png\u00bb title_text=\u00bbInterpretaci\u00f3n consecutiva:\u00bb _builder_version=\u00bb4.22.2&#8243; _module_preset=\u00bbdefault\u00bb global_colors_info=\u00bb{}\u00bb][\/et_pb_image][et_pb_text _builder_version=\u00bb4.22.2&#8243; _module_preset=\u00bbdefault\u00bb text_font_size=\u00bb16px\u00bb header_3_text_color=\u00bb#C11D1B\u00bb text_orientation=\u00bbcenter\u00bb custom_margin=\u00bb25px|10px||10px|false|true\u00bb custom_padding=\u00bb||20px||false|false\u00bb global_colors_info=\u00bb{}\u00bb]<\/p>\n<h3>Interpretaci\u00f3n consecutiva: &nbsp;<\/h3>\n<div>\n<p>\u2022 El int\u00e9rprete traduce durante las pausas del orador.<\/p>\n<p>\u2022 Para presentaciones breves o reuniones entre varias personas.<\/p>\n<\/div>\n<p>[\/et_pb_text][\/et_pb_column][\/et_pb_row][et_pb_row column_structure=\u00bb3_4,1_4&#8243; _builder_version=\u00bb4.22.2&#8243; _module_preset=\u00bbdefault\u00bb global_colors_info=\u00bb{}\u00bb][et_pb_column type=\u00bb3_4&#8243; _builder_version=\u00bb4.22.2&#8243; _module_preset=\u00bbdefault\u00bb global_colors_info=\u00bb{}\u00bb][et_pb_text _builder_version=\u00bb4.27.0&#8243; _module_preset=\u00bbdefault\u00bb header_2_line_height=\u00bb1.3em\u00bb global_colors_info=\u00bb{}\u00bb]<\/p>\n<h2><span style=\"color: #c11d1b;\">La interpretaci\u00f3n es un deporte de alto nivel<\/span> <br \/>que requiere la m\u00e1xima concentraci\u00f3n,<\/h2>\n<p>por lo que suele practicarse en equipos de dos int\u00e9rpretes que se turnan cada 20-30 minutos. El int\u00e9rprete que no interviene sirve de apoyo al int\u00e9rprete en acci\u00f3n.<\/p>\n<p>[\/et_pb_text][\/et_pb_column][et_pb_column type=\u00bb1_4&#8243; _builder_version=\u00bb4.22.2&#8243; _module_preset=\u00bbdefault\u00bb global_colors_info=\u00bb{}\u00bb][et_pb_image src=\u00bbhttps:\/\/esterhabas-traduction.eu\/wp-content\/uploads\/2023\/10\/Fichier-17INTERPRETATION.png\u00bb title_text=\u00bbTraductor int\u00e9rprete\u00bb _builder_version=\u00bb4.22.2&#8243; _module_preset=\u00bbdefault\u00bb max_width=\u00bb74%\u00bb global_colors_info=\u00bb{}\u00bb][\/et_pb_image][\/et_pb_column][\/et_pb_row][et_pb_row _builder_version=\u00bb4.22.2&#8243; _module_preset=\u00bbdefault\u00bb global_colors_info=\u00bb{}\u00bb][et_pb_column type=\u00bb4_4&#8243; _builder_version=\u00bb4.22.2&#8243; _module_preset=\u00bbdefault\u00bb global_colors_info=\u00bb{}\u00bb][et_pb_button button_url=\u00bbhttps:\/\/esterhabas-traduction.eu\/es\/contact\/\u00bb button_text=\u00bbP\u00f3ngase en contacto conmigo si tiene alguna pregunta sobre este tipo de servicio o si desea un presupuesto.\u00bb _builder_version=\u00bb4.27.0&#8243; _module_preset=\u00bbdefault\u00bb global_colors_info=\u00bb{}\u00bb][\/et_pb_button][\/et_pb_column][\/et_pb_row][\/et_pb_section]<\/p>\n","protected":false},"excerpt":{"rendered":"<p>Pongo a su disposici\u00f3n mis competencias ling\u00fc\u00edsticas y culturales, avaladas por una formaci\u00f3n especializada y reforzadas por una gran experiencia profesional en el extranjero.<\/p>\n","protected":false},"author":1,"featured_media":1451,"parent":0,"menu_order":0,"comment_status":"closed","ping_status":"closed","template":"","meta":{"_et_pb_use_builder":"on","_et_pb_old_content":"","_et_gb_content_width":"","footnotes":""},"class_list":["post-1877","page","type-page","status-publish","has-post-thumbnail","hentry"],"yoast_head":"<!-- This site is optimized with the Yoast SEO plugin v26.6 - https:\/\/yoast.com\/wordpress\/plugins\/seo\/ -->\n<title>Interpretaci\u00f3n - Ester Habas Traduction<\/title>\n<meta name=\"description\" content=\"Pongo a su disposici\u00f3n mis competencias ling\u00fc\u00edsticas y culturales, avaladas por una formaci\u00f3n especializada y reforzadas por una gran experiencia profesional en el extranjero.\" \/>\n<meta name=\"robots\" content=\"index, follow, max-snippet:-1, max-image-preview:large, max-video-preview:-1\" \/>\n<link rel=\"canonical\" href=\"https:\/\/esterhabas-traduction.eu\/es\/interpretation\/\" \/>\n<meta property=\"og:locale\" content=\"es_ES\" \/>\n<meta property=\"og:type\" content=\"article\" \/>\n<meta property=\"og:title\" content=\"Interpretaci\u00f3n - Ester Habas Traduction\" \/>\n<meta property=\"og:description\" content=\"Pongo a su disposici\u00f3n mis competencias ling\u00fc\u00edsticas y culturales, avaladas por una formaci\u00f3n especializada y reforzadas por una gran experiencia profesional en el extranjero.\" \/>\n<meta property=\"og:url\" content=\"https:\/\/esterhabas-traduction.eu\/es\/interpretation\/\" \/>\n<meta property=\"og:site_name\" content=\"Ester Habas Traduction\" \/>\n<meta property=\"article:modified_time\" content=\"2024-09-20T08:52:38+00:00\" \/>\n<meta property=\"og:image\" content=\"https:\/\/esterhabas-traduction.eu\/wp-content\/uploads\/2023\/10\/interpretation-1.png\" \/>\n\t<meta property=\"og:image:width\" content=\"700\" \/>\n\t<meta property=\"og:image:height\" content=\"464\" \/>\n\t<meta property=\"og:image:type\" content=\"image\/png\" \/>\n<meta name=\"twitter:card\" content=\"summary_large_image\" \/>\n<meta name=\"twitter:label1\" content=\"Tiempo de lectura\" \/>\n\t<meta name=\"twitter:data1\" content=\"7 minutos\" \/>\n<script type=\"application\/ld+json\" class=\"yoast-schema-graph\">{\"@context\":\"https:\/\/schema.org\",\"@graph\":[{\"@type\":\"WebPage\",\"@id\":\"https:\/\/esterhabas-traduction.eu\/es\/interpretation\/\",\"url\":\"https:\/\/esterhabas-traduction.eu\/es\/interpretation\/\",\"name\":\"Interpretaci\u00f3n - Ester Habas Traduction\",\"isPartOf\":{\"@id\":\"https:\/\/esterhabas-traduction.eu\/es\/#website\"},\"primaryImageOfPage\":{\"@id\":\"https:\/\/esterhabas-traduction.eu\/es\/interpretation\/#primaryimage\"},\"image\":{\"@id\":\"https:\/\/esterhabas-traduction.eu\/es\/interpretation\/#primaryimage\"},\"thumbnailUrl\":\"https:\/\/esterhabas-traduction.eu\/wp-content\/uploads\/2023\/10\/interpretation-1.png\",\"datePublished\":\"2023-10-12T08:26:43+00:00\",\"dateModified\":\"2024-09-20T08:52:38+00:00\",\"description\":\"Pongo a su disposici\u00f3n mis competencias ling\u00fc\u00edsticas y culturales, avaladas por una formaci\u00f3n especializada y reforzadas por una gran experiencia profesional en el extranjero.\",\"breadcrumb\":{\"@id\":\"https:\/\/esterhabas-traduction.eu\/es\/interpretation\/#breadcrumb\"},\"inLanguage\":\"es\",\"potentialAction\":[{\"@type\":\"ReadAction\",\"target\":[\"https:\/\/esterhabas-traduction.eu\/es\/interpretation\/\"]}]},{\"@type\":\"ImageObject\",\"inLanguage\":\"es\",\"@id\":\"https:\/\/esterhabas-traduction.eu\/es\/interpretation\/#primaryimage\",\"url\":\"https:\/\/esterhabas-traduction.eu\/wp-content\/uploads\/2023\/10\/interpretation-1.png\",\"contentUrl\":\"https:\/\/esterhabas-traduction.eu\/wp-content\/uploads\/2023\/10\/interpretation-1.png\",\"width\":700,\"height\":464},{\"@type\":\"BreadcrumbList\",\"@id\":\"https:\/\/esterhabas-traduction.eu\/es\/interpretation\/#breadcrumb\",\"itemListElement\":[{\"@type\":\"ListItem\",\"position\":1,\"name\":\"Accueil\",\"item\":\"https:\/\/esterhabas-traduction.eu\/es\/\"},{\"@type\":\"ListItem\",\"position\":2,\"name\":\"Interpretaci\u00f3n\"}]},{\"@type\":\"WebSite\",\"@id\":\"https:\/\/esterhabas-traduction.eu\/es\/#website\",\"url\":\"https:\/\/esterhabas-traduction.eu\/es\/\",\"name\":\"Ester Habas Traduction\",\"description\":\"Interpr\u00e9tation de conf\u00e9rence, cons\u00e9cutive, de liaison, \u00e0 distance et chuchotage\u00a0; traduction fran\u00e7ais, italien, anglais et espagnol\u00a0; voix off et formation espagnol.\",\"publisher\":{\"@id\":\"https:\/\/esterhabas-traduction.eu\/es\/#organization\"},\"potentialAction\":[{\"@type\":\"SearchAction\",\"target\":{\"@type\":\"EntryPoint\",\"urlTemplate\":\"https:\/\/esterhabas-traduction.eu\/es\/?s={search_term_string}\"},\"query-input\":{\"@type\":\"PropertyValueSpecification\",\"valueRequired\":true,\"valueName\":\"search_term_string\"}}],\"inLanguage\":\"es\"},{\"@type\":\"Organization\",\"@id\":\"https:\/\/esterhabas-traduction.eu\/es\/#organization\",\"name\":\"Ester Habas\",\"url\":\"https:\/\/esterhabas-traduction.eu\/es\/\",\"logo\":{\"@type\":\"ImageObject\",\"inLanguage\":\"es\",\"@id\":\"https:\/\/esterhabas-traduction.eu\/es\/#\/schema\/logo\/image\/\",\"url\":\"https:\/\/esterhabas-traduction.eu\/wp-content\/uploads\/2023\/10\/logo-ester-habas-1.png\",\"contentUrl\":\"https:\/\/esterhabas-traduction.eu\/wp-content\/uploads\/2023\/10\/logo-ester-habas-1.png\",\"width\":800,\"height\":172,\"caption\":\"Ester Habas\"},\"image\":{\"@id\":\"https:\/\/esterhabas-traduction.eu\/es\/#\/schema\/logo\/image\/\"}}]}<\/script>\n<!-- \/ Yoast SEO plugin. -->","yoast_head_json":{"title":"Interpretaci\u00f3n - Ester Habas Traduction","description":"Pongo a su disposici\u00f3n mis competencias ling\u00fc\u00edsticas y culturales, avaladas por una formaci\u00f3n especializada y reforzadas por una gran experiencia profesional en el extranjero.","robots":{"index":"index","follow":"follow","max-snippet":"max-snippet:-1","max-image-preview":"max-image-preview:large","max-video-preview":"max-video-preview:-1"},"canonical":"https:\/\/esterhabas-traduction.eu\/es\/interpretation\/","og_locale":"es_ES","og_type":"article","og_title":"Interpretaci\u00f3n - Ester Habas Traduction","og_description":"Pongo a su disposici\u00f3n mis competencias ling\u00fc\u00edsticas y culturales, avaladas por una formaci\u00f3n especializada y reforzadas por una gran experiencia profesional en el extranjero.","og_url":"https:\/\/esterhabas-traduction.eu\/es\/interpretation\/","og_site_name":"Ester Habas Traduction","article_modified_time":"2024-09-20T08:52:38+00:00","og_image":[{"width":700,"height":464,"url":"https:\/\/esterhabas-traduction.eu\/wp-content\/uploads\/2023\/10\/interpretation-1.png","type":"image\/png"}],"twitter_card":"summary_large_image","twitter_misc":{"Tiempo de lectura":"7 minutos"},"schema":{"@context":"https:\/\/schema.org","@graph":[{"@type":"WebPage","@id":"https:\/\/esterhabas-traduction.eu\/es\/interpretation\/","url":"https:\/\/esterhabas-traduction.eu\/es\/interpretation\/","name":"Interpretaci\u00f3n - Ester Habas Traduction","isPartOf":{"@id":"https:\/\/esterhabas-traduction.eu\/es\/#website"},"primaryImageOfPage":{"@id":"https:\/\/esterhabas-traduction.eu\/es\/interpretation\/#primaryimage"},"image":{"@id":"https:\/\/esterhabas-traduction.eu\/es\/interpretation\/#primaryimage"},"thumbnailUrl":"https:\/\/esterhabas-traduction.eu\/wp-content\/uploads\/2023\/10\/interpretation-1.png","datePublished":"2023-10-12T08:26:43+00:00","dateModified":"2024-09-20T08:52:38+00:00","description":"Pongo a su disposici\u00f3n mis competencias ling\u00fc\u00edsticas y culturales, avaladas por una formaci\u00f3n especializada y reforzadas por una gran experiencia profesional en el extranjero.","breadcrumb":{"@id":"https:\/\/esterhabas-traduction.eu\/es\/interpretation\/#breadcrumb"},"inLanguage":"es","potentialAction":[{"@type":"ReadAction","target":["https:\/\/esterhabas-traduction.eu\/es\/interpretation\/"]}]},{"@type":"ImageObject","inLanguage":"es","@id":"https:\/\/esterhabas-traduction.eu\/es\/interpretation\/#primaryimage","url":"https:\/\/esterhabas-traduction.eu\/wp-content\/uploads\/2023\/10\/interpretation-1.png","contentUrl":"https:\/\/esterhabas-traduction.eu\/wp-content\/uploads\/2023\/10\/interpretation-1.png","width":700,"height":464},{"@type":"BreadcrumbList","@id":"https:\/\/esterhabas-traduction.eu\/es\/interpretation\/#breadcrumb","itemListElement":[{"@type":"ListItem","position":1,"name":"Accueil","item":"https:\/\/esterhabas-traduction.eu\/es\/"},{"@type":"ListItem","position":2,"name":"Interpretaci\u00f3n"}]},{"@type":"WebSite","@id":"https:\/\/esterhabas-traduction.eu\/es\/#website","url":"https:\/\/esterhabas-traduction.eu\/es\/","name":"Ester Habas Traduction","description":"Interpr\u00e9tation de conf\u00e9rence, cons\u00e9cutive, de liaison, \u00e0 distance et chuchotage\u00a0; traduction fran\u00e7ais, italien, anglais et espagnol\u00a0; voix off et formation espagnol.","publisher":{"@id":"https:\/\/esterhabas-traduction.eu\/es\/#organization"},"potentialAction":[{"@type":"SearchAction","target":{"@type":"EntryPoint","urlTemplate":"https:\/\/esterhabas-traduction.eu\/es\/?s={search_term_string}"},"query-input":{"@type":"PropertyValueSpecification","valueRequired":true,"valueName":"search_term_string"}}],"inLanguage":"es"},{"@type":"Organization","@id":"https:\/\/esterhabas-traduction.eu\/es\/#organization","name":"Ester Habas","url":"https:\/\/esterhabas-traduction.eu\/es\/","logo":{"@type":"ImageObject","inLanguage":"es","@id":"https:\/\/esterhabas-traduction.eu\/es\/#\/schema\/logo\/image\/","url":"https:\/\/esterhabas-traduction.eu\/wp-content\/uploads\/2023\/10\/logo-ester-habas-1.png","contentUrl":"https:\/\/esterhabas-traduction.eu\/wp-content\/uploads\/2023\/10\/logo-ester-habas-1.png","width":800,"height":172,"caption":"Ester Habas"},"image":{"@id":"https:\/\/esterhabas-traduction.eu\/es\/#\/schema\/logo\/image\/"}}]}},"_links":{"self":[{"href":"https:\/\/esterhabas-traduction.eu\/es\/wp-json\/wp\/v2\/pages\/1877","targetHints":{"allow":["GET"]}}],"collection":[{"href":"https:\/\/esterhabas-traduction.eu\/es\/wp-json\/wp\/v2\/pages"}],"about":[{"href":"https:\/\/esterhabas-traduction.eu\/es\/wp-json\/wp\/v2\/types\/page"}],"author":[{"embeddable":true,"href":"https:\/\/esterhabas-traduction.eu\/es\/wp-json\/wp\/v2\/users\/1"}],"replies":[{"embeddable":true,"href":"https:\/\/esterhabas-traduction.eu\/es\/wp-json\/wp\/v2\/comments?post=1877"}],"version-history":[{"count":13,"href":"https:\/\/esterhabas-traduction.eu\/es\/wp-json\/wp\/v2\/pages\/1877\/revisions"}],"predecessor-version":[{"id":2521,"href":"https:\/\/esterhabas-traduction.eu\/es\/wp-json\/wp\/v2\/pages\/1877\/revisions\/2521"}],"wp:featuredmedia":[{"embeddable":true,"href":"https:\/\/esterhabas-traduction.eu\/es\/wp-json\/wp\/v2\/media\/1451"}],"wp:attachment":[{"href":"https:\/\/esterhabas-traduction.eu\/es\/wp-json\/wp\/v2\/media?parent=1877"}],"curies":[{"name":"wp","href":"https:\/\/api.w.org\/{rel}","templated":true}]}}