{"id":1835,"date":"2023-10-12T10:26:42","date_gmt":"2023-10-12T08:26:42","guid":{"rendered":"https:\/\/esterhabas-traduction.eu\/domaines-de-competences\/"},"modified":"2024-09-20T10:52:13","modified_gmt":"2024-09-20T08:52:13","slug":"domaines-de-competences","status":"publish","type":"page","link":"https:\/\/esterhabas-traduction.eu\/es\/domaines-de-competences\/","title":{"rendered":"\u00c1mbitos de competencia"},"content":{"rendered":"<p>[et_pb_section fb_built=\u00bb1&#8243; _builder_version=\u00bb4.22.2&#8243; _module_preset=\u00bbdefault\u00bb background_color=\u00bb#000000&#8243; background_image=\u00bbhttps:\/\/esterhabas-traduction.eu\/wp-content\/uploads\/2023\/10\/f6.png\u00bb background_repeat=\u00bbrepeat\u00bb custom_margin=\u00bb1px||60px||false|false\u00bb custom_margin_tablet=\u00bb||30px||false|false\u00bb custom_margin_phone=\u00bb||30px||false|false\u00bb custom_margin_last_edited=\u00bbon|phone\u00bb custom_padding=\u00bb0px||0px||true|false\u00bb border_width_top=\u00bb1px\u00bb border_width_bottom=\u00bb1px\u00bb global_colors_info=\u00bb{}\u00bb][et_pb_row column_structure=\u00bb3_5,2_5&#8243; make_equal=\u00bbon\u00bb _builder_version=\u00bb4.22.2&#8243; _module_preset=\u00bbdefault\u00bb custom_margin=\u00bb0px||0px||false|false\u00bb custom_padding=\u00bb0px||0px||false|false\u00bb global_colors_info=\u00bb{}\u00bb][et_pb_column type=\u00bb3_5&#8243; module_class=\u00bbcentrer-verticalement\u00bb _builder_version=\u00bb4.22.2&#8243; _module_preset=\u00bbdefault\u00bb global_colors_info=\u00bb{}\u00bb][et_pb_text module_class=\u00bbtitreback\u00bb _builder_version=\u00bb4.26.0&#8243; _module_preset=\u00bbdefault\u00bb header_text_color=\u00bb#FFFFFF\u00bb header_font_size=\u00bb41px\u00bb custom_margin=\u00bb100px||100px||true|false\u00bb custom_margin_tablet=\u00bb40px||40px||true|false\u00bb custom_margin_phone=\u00bb15px||15px||true|false\u00bb custom_margin_last_edited=\u00bbon|phone\u00bb custom_padding=\u00bb15px||||false|false\u00bb header_font_size_tablet=\u00bb30px\u00bb header_font_size_phone=\u00bb30px\u00bb header_font_size_last_edited=\u00bbon|phone\u00bb header_line_height_tablet=\u00bb\u00bb header_line_height_phone=\u00bb1.4em\u00bb header_line_height_last_edited=\u00bbon|desktop\u00bb global_colors_info=\u00bb{}\u00bb]<\/p>\n<h1><span>\u00c1mbitos de competencia<\/span><\/h1>\n<p>[\/et_pb_text][\/et_pb_column][et_pb_column type=\u00bb2_5&#8243; _builder_version=\u00bb4.22.2&#8243; _module_preset=\u00bbdefault\u00bb background_color=\u00bb#000000&#8243; background_image=\u00bbhttps:\/\/esterhabas-traduction.eu\/wp-content\/uploads\/2023\/10\/Domaines-de-competence-2.png\u00bb global_colors_info=\u00bb{}\u00bb][\/et_pb_column][\/et_pb_row][\/et_pb_section][et_pb_section fb_built=\u00bb1&#8243; _builder_version=\u00bb4.22.2&#8243; _module_preset=\u00bbdefault\u00bb custom_margin=\u00bb0px||||false|false\u00bb custom_padding=\u00bb0px||||false|false\u00bb global_colors_info=\u00bb{}\u00bb][et_pb_row column_structure=\u00bb1_4,1_4,1_4,1_4&#8243; use_custom_gutter=\u00bbon\u00bb gutter_width=\u00bb2&#8243; make_equal=\u00bbon\u00bb _builder_version=\u00bb4.22.2&#8243; _module_preset=\u00bbdefault\u00bb global_colors_info=\u00bb{}\u00bb][et_pb_column type=\u00bb1_4&#8243; _builder_version=\u00bb4.22.2&#8243; _module_preset=\u00bbdefault\u00bb border_width_all=\u00bb1px\u00bb border_color_all=\u00bb#000000&#8243; global_colors_info=\u00bb{}\u00bb][et_pb_image src=\u00bbhttps:\/\/esterhabas-traduction.eu\/wp-content\/uploads\/2023\/10\/Culture.png\u00bb title_text=\u00bbCultura\u00bb _builder_version=\u00bb4.22.2&#8243; _module_preset=\u00bbdefault\u00bb global_colors_info=\u00bb{}\u00bb][\/et_pb_image][et_pb_text _builder_version=\u00bb4.22.2&#8243; _module_preset=\u00bbdefault\u00bb header_3_text_color=\u00bb#C11D1B\u00bb text_orientation=\u00bbcenter\u00bb custom_margin=\u00bb25px|10px||10px|false|true\u00bb custom_padding=\u00bb||20px||false|false\u00bb global_colors_info=\u00bb{}\u00bb]<\/p>\n<h3>Cultura:<\/h3>\n<p>arte \/ circo \/ historia \/ arquitectura \/ turismo \/ gastronom\u00eda<\/p>\n<p>[\/et_pb_text][\/et_pb_column][et_pb_column type=\u00bb1_4&#8243; _builder_version=\u00bb4.22.2&#8243; _module_preset=\u00bbdefault\u00bb border_width_all=\u00bb1px\u00bb border_color_all=\u00bb#000000&#8243; global_colors_info=\u00bb{}\u00bb][et_pb_image src=\u00bbhttps:\/\/esterhabas-traduction.eu\/wp-content\/uploads\/2023\/10\/Fichier-9europe.png\u00bb title_text=\u00bbEuropa\u00bb _builder_version=\u00bb4.22.2&#8243; _module_preset=\u00bbdefault\u00bb global_colors_info=\u00bb{}\u00bb][\/et_pb_image][et_pb_text _builder_version=\u00bb4.27.0&#8243; _module_preset=\u00bbdefault\u00bb header_3_text_color=\u00bb#C11D1B\u00bb text_orientation=\u00bbcenter\u00bb custom_margin=\u00bb25px|10px||10px|false|true\u00bb custom_padding=\u00bb||20px||false|false\u00bb global_colors_info=\u00bb{}\u00bb]<\/p>\n<h3>Proyectos europeos: \u00a0<\/h3>\n<p>cambio clim\u00e1tico \/ <br \/>aspectos transfronterizos \/ administrativos \/ jur\u00eddicos \/ convocatorias de proyectos<\/p>\n<p>[\/et_pb_text][\/et_pb_column][et_pb_column type=\u00bb1_4&#8243; _builder_version=\u00bb4.22.2&#8243; _module_preset=\u00bbdefault\u00bb border_width_all=\u00bb1px\u00bb border_color_all=\u00bb#000000&#8243; global_colors_info=\u00bb{}\u00bb][et_pb_image src=\u00bbhttps:\/\/esterhabas-traduction.eu\/wp-content\/uploads\/2023\/10\/Fichier-12Institution-publiques.png\u00bb title_text=\u00bbInstituciones p\u00fablicas:\u00bb _builder_version=\u00bb4.22.2&#8243; _module_preset=\u00bbdefault\u00bb global_colors_info=\u00bb{}\u00bb][\/et_pb_image][et_pb_text _builder_version=\u00bb4.22.2&#8243; _module_preset=\u00bbdefault\u00bb header_3_text_color=\u00bb#C11D1B\u00bb text_orientation=\u00bbcenter\u00bb custom_margin=\u00bb25px|10px||10px|false|true\u00bb custom_padding=\u00bb||20px||false|false\u00bb global_colors_info=\u00bb{}\u00bb]<\/p>\n<h3>Empresas e Instituciones P\u00fablicas:&nbsp;<\/h3>\n<div><span>marketing \/ publicidad \/ jur\u00eddico \/ comunicaci\u00f3n \/ formaci\u00f3n ling\u00fc\u00edstica<\/span><\/div>\n<p>[\/et_pb_text][\/et_pb_column][et_pb_column type=\u00bb1_4&#8243; _builder_version=\u00bb4.22.2&#8243; _module_preset=\u00bbdefault\u00bb border_width_all=\u00bb1px\u00bb border_color_all=\u00bb#000000&#8243; global_colors_info=\u00bb{}\u00bb][et_pb_image src=\u00bbhttps:\/\/esterhabas-traduction.eu\/wp-content\/uploads\/2023\/10\/Fichier-11international.png\u00bb title_text=\u00bbinternacional\u00bb _builder_version=\u00bb4.22.2&#8243; _module_preset=\u00bbdefault\u00bb global_colors_info=\u00bb{}\u00bb][\/et_pb_image][et_pb_text _builder_version=\u00bb4.27.0&#8243; _module_preset=\u00bbdefault\u00bb header_3_text_color=\u00bb#C11D1B\u00bb text_orientation=\u00bbcenter\u00bb custom_margin=\u00bb25px|10px||10px|false|true\u00bb custom_padding=\u00bb||20px||false|false\u00bb global_colors_info=\u00bb{}\u00bb]<\/p>\n<h3>Organizaciones internacionales:\u00a0<\/h3>\n<div>ONG \/ <br \/>instituciones europeas \/ asociaciones<\/div>\n<p>[\/et_pb_text][\/et_pb_column][\/et_pb_row][\/et_pb_section]<\/p>\n","protected":false},"excerpt":{"rendered":"<p>Cultura, Proyectos europeos, Empresas e Instituciones P\u00fablicas, Organizaciones internacionales<\/p>\n","protected":false},"author":1,"featured_media":988,"parent":0,"menu_order":0,"comment_status":"closed","ping_status":"closed","template":"","meta":{"_et_pb_use_builder":"on","_et_pb_old_content":"","_et_gb_content_width":"","footnotes":""},"class_list":["post-1835","page","type-page","status-publish","has-post-thumbnail","hentry"],"yoast_head":"<!-- This site is optimized with the Yoast SEO plugin v26.6 - https:\/\/yoast.com\/wordpress\/plugins\/seo\/ -->\n<title>\u00c1mbitos de competencia - Ester Habas Traduction<\/title>\n<meta name=\"description\" content=\"Cultura, Proyectos europeos, Empresas e Instituciones P\u00fablicas, Organizaciones internacionales\" \/>\n<meta name=\"robots\" content=\"index, follow, max-snippet:-1, max-image-preview:large, max-video-preview:-1\" \/>\n<link rel=\"canonical\" href=\"https:\/\/esterhabas-traduction.eu\/es\/domaines-de-competences\/\" \/>\n<meta property=\"og:locale\" content=\"es_ES\" \/>\n<meta property=\"og:type\" content=\"article\" \/>\n<meta property=\"og:title\" content=\"\u00c1mbitos de competencia - Ester Habas Traduction\" \/>\n<meta property=\"og:description\" content=\"Cultura, Proyectos europeos, Empresas e Instituciones P\u00fablicas, Organizaciones internacionales\" \/>\n<meta property=\"og:url\" content=\"https:\/\/esterhabas-traduction.eu\/es\/domaines-de-competences\/\" \/>\n<meta property=\"og:site_name\" content=\"Ester Habas Traduction\" \/>\n<meta property=\"article:modified_time\" content=\"2024-09-20T08:52:13+00:00\" \/>\n<meta property=\"og:image\" content=\"https:\/\/esterhabas-traduction.eu\/wp-content\/uploads\/2023\/10\/Domaines-de-competence-2.png\" \/>\n\t<meta property=\"og:image:width\" content=\"717\" \/>\n\t<meta property=\"og:image:height\" content=\"587\" \/>\n\t<meta property=\"og:image:type\" content=\"image\/png\" \/>\n<meta name=\"twitter:card\" content=\"summary_large_image\" \/>\n<meta name=\"twitter:label1\" content=\"Tiempo de lectura\" \/>\n\t<meta name=\"twitter:data1\" content=\"3 minutos\" \/>\n<script type=\"application\/ld+json\" class=\"yoast-schema-graph\">{\"@context\":\"https:\/\/schema.org\",\"@graph\":[{\"@type\":\"WebPage\",\"@id\":\"https:\/\/esterhabas-traduction.eu\/es\/domaines-de-competences\/\",\"url\":\"https:\/\/esterhabas-traduction.eu\/es\/domaines-de-competences\/\",\"name\":\"\u00c1mbitos de competencia - Ester Habas Traduction\",\"isPartOf\":{\"@id\":\"https:\/\/esterhabas-traduction.eu\/es\/#website\"},\"primaryImageOfPage\":{\"@id\":\"https:\/\/esterhabas-traduction.eu\/es\/domaines-de-competences\/#primaryimage\"},\"image\":{\"@id\":\"https:\/\/esterhabas-traduction.eu\/es\/domaines-de-competences\/#primaryimage\"},\"thumbnailUrl\":\"https:\/\/esterhabas-traduction.eu\/wp-content\/uploads\/2023\/10\/Domaines-de-competence-2.png\",\"datePublished\":\"2023-10-12T08:26:42+00:00\",\"dateModified\":\"2024-09-20T08:52:13+00:00\",\"description\":\"Cultura, Proyectos europeos, Empresas e Instituciones P\u00fablicas, Organizaciones internacionales\",\"breadcrumb\":{\"@id\":\"https:\/\/esterhabas-traduction.eu\/es\/domaines-de-competences\/#breadcrumb\"},\"inLanguage\":\"es\",\"potentialAction\":[{\"@type\":\"ReadAction\",\"target\":[\"https:\/\/esterhabas-traduction.eu\/es\/domaines-de-competences\/\"]}]},{\"@type\":\"ImageObject\",\"inLanguage\":\"es\",\"@id\":\"https:\/\/esterhabas-traduction.eu\/es\/domaines-de-competences\/#primaryimage\",\"url\":\"https:\/\/esterhabas-traduction.eu\/wp-content\/uploads\/2023\/10\/Domaines-de-competence-2.png\",\"contentUrl\":\"https:\/\/esterhabas-traduction.eu\/wp-content\/uploads\/2023\/10\/Domaines-de-competence-2.png\",\"width\":717,\"height\":587},{\"@type\":\"BreadcrumbList\",\"@id\":\"https:\/\/esterhabas-traduction.eu\/es\/domaines-de-competences\/#breadcrumb\",\"itemListElement\":[{\"@type\":\"ListItem\",\"position\":1,\"name\":\"Accueil\",\"item\":\"https:\/\/esterhabas-traduction.eu\/es\/\"},{\"@type\":\"ListItem\",\"position\":2,\"name\":\"\u00c1mbitos de competencia\"}]},{\"@type\":\"WebSite\",\"@id\":\"https:\/\/esterhabas-traduction.eu\/es\/#website\",\"url\":\"https:\/\/esterhabas-traduction.eu\/es\/\",\"name\":\"Ester Habas Traduction\",\"description\":\"Interpr\u00e9tation de conf\u00e9rence, cons\u00e9cutive, de liaison, \u00e0 distance et chuchotage\u00a0; traduction fran\u00e7ais, italien, anglais et espagnol\u00a0; voix off et formation espagnol.\",\"publisher\":{\"@id\":\"https:\/\/esterhabas-traduction.eu\/es\/#organization\"},\"potentialAction\":[{\"@type\":\"SearchAction\",\"target\":{\"@type\":\"EntryPoint\",\"urlTemplate\":\"https:\/\/esterhabas-traduction.eu\/es\/?s={search_term_string}\"},\"query-input\":{\"@type\":\"PropertyValueSpecification\",\"valueRequired\":true,\"valueName\":\"search_term_string\"}}],\"inLanguage\":\"es\"},{\"@type\":\"Organization\",\"@id\":\"https:\/\/esterhabas-traduction.eu\/es\/#organization\",\"name\":\"Ester Habas\",\"url\":\"https:\/\/esterhabas-traduction.eu\/es\/\",\"logo\":{\"@type\":\"ImageObject\",\"inLanguage\":\"es\",\"@id\":\"https:\/\/esterhabas-traduction.eu\/es\/#\/schema\/logo\/image\/\",\"url\":\"https:\/\/esterhabas-traduction.eu\/wp-content\/uploads\/2023\/10\/logo-ester-habas-1.png\",\"contentUrl\":\"https:\/\/esterhabas-traduction.eu\/wp-content\/uploads\/2023\/10\/logo-ester-habas-1.png\",\"width\":800,\"height\":172,\"caption\":\"Ester Habas\"},\"image\":{\"@id\":\"https:\/\/esterhabas-traduction.eu\/es\/#\/schema\/logo\/image\/\"}}]}<\/script>\n<!-- \/ Yoast SEO plugin. -->","yoast_head_json":{"title":"\u00c1mbitos de competencia - Ester Habas Traduction","description":"Cultura, Proyectos europeos, Empresas e Instituciones P\u00fablicas, Organizaciones internacionales","robots":{"index":"index","follow":"follow","max-snippet":"max-snippet:-1","max-image-preview":"max-image-preview:large","max-video-preview":"max-video-preview:-1"},"canonical":"https:\/\/esterhabas-traduction.eu\/es\/domaines-de-competences\/","og_locale":"es_ES","og_type":"article","og_title":"\u00c1mbitos de competencia - Ester Habas Traduction","og_description":"Cultura, Proyectos europeos, Empresas e Instituciones P\u00fablicas, Organizaciones internacionales","og_url":"https:\/\/esterhabas-traduction.eu\/es\/domaines-de-competences\/","og_site_name":"Ester Habas Traduction","article_modified_time":"2024-09-20T08:52:13+00:00","og_image":[{"width":717,"height":587,"url":"https:\/\/esterhabas-traduction.eu\/wp-content\/uploads\/2023\/10\/Domaines-de-competence-2.png","type":"image\/png"}],"twitter_card":"summary_large_image","twitter_misc":{"Tiempo de lectura":"3 minutos"},"schema":{"@context":"https:\/\/schema.org","@graph":[{"@type":"WebPage","@id":"https:\/\/esterhabas-traduction.eu\/es\/domaines-de-competences\/","url":"https:\/\/esterhabas-traduction.eu\/es\/domaines-de-competences\/","name":"\u00c1mbitos de competencia - Ester Habas Traduction","isPartOf":{"@id":"https:\/\/esterhabas-traduction.eu\/es\/#website"},"primaryImageOfPage":{"@id":"https:\/\/esterhabas-traduction.eu\/es\/domaines-de-competences\/#primaryimage"},"image":{"@id":"https:\/\/esterhabas-traduction.eu\/es\/domaines-de-competences\/#primaryimage"},"thumbnailUrl":"https:\/\/esterhabas-traduction.eu\/wp-content\/uploads\/2023\/10\/Domaines-de-competence-2.png","datePublished":"2023-10-12T08:26:42+00:00","dateModified":"2024-09-20T08:52:13+00:00","description":"Cultura, Proyectos europeos, Empresas e Instituciones P\u00fablicas, Organizaciones internacionales","breadcrumb":{"@id":"https:\/\/esterhabas-traduction.eu\/es\/domaines-de-competences\/#breadcrumb"},"inLanguage":"es","potentialAction":[{"@type":"ReadAction","target":["https:\/\/esterhabas-traduction.eu\/es\/domaines-de-competences\/"]}]},{"@type":"ImageObject","inLanguage":"es","@id":"https:\/\/esterhabas-traduction.eu\/es\/domaines-de-competences\/#primaryimage","url":"https:\/\/esterhabas-traduction.eu\/wp-content\/uploads\/2023\/10\/Domaines-de-competence-2.png","contentUrl":"https:\/\/esterhabas-traduction.eu\/wp-content\/uploads\/2023\/10\/Domaines-de-competence-2.png","width":717,"height":587},{"@type":"BreadcrumbList","@id":"https:\/\/esterhabas-traduction.eu\/es\/domaines-de-competences\/#breadcrumb","itemListElement":[{"@type":"ListItem","position":1,"name":"Accueil","item":"https:\/\/esterhabas-traduction.eu\/es\/"},{"@type":"ListItem","position":2,"name":"\u00c1mbitos de competencia"}]},{"@type":"WebSite","@id":"https:\/\/esterhabas-traduction.eu\/es\/#website","url":"https:\/\/esterhabas-traduction.eu\/es\/","name":"Ester Habas Traduction","description":"Interpr\u00e9tation de conf\u00e9rence, cons\u00e9cutive, de liaison, \u00e0 distance et chuchotage\u00a0; traduction fran\u00e7ais, italien, anglais et espagnol\u00a0; voix off et formation espagnol.","publisher":{"@id":"https:\/\/esterhabas-traduction.eu\/es\/#organization"},"potentialAction":[{"@type":"SearchAction","target":{"@type":"EntryPoint","urlTemplate":"https:\/\/esterhabas-traduction.eu\/es\/?s={search_term_string}"},"query-input":{"@type":"PropertyValueSpecification","valueRequired":true,"valueName":"search_term_string"}}],"inLanguage":"es"},{"@type":"Organization","@id":"https:\/\/esterhabas-traduction.eu\/es\/#organization","name":"Ester Habas","url":"https:\/\/esterhabas-traduction.eu\/es\/","logo":{"@type":"ImageObject","inLanguage":"es","@id":"https:\/\/esterhabas-traduction.eu\/es\/#\/schema\/logo\/image\/","url":"https:\/\/esterhabas-traduction.eu\/wp-content\/uploads\/2023\/10\/logo-ester-habas-1.png","contentUrl":"https:\/\/esterhabas-traduction.eu\/wp-content\/uploads\/2023\/10\/logo-ester-habas-1.png","width":800,"height":172,"caption":"Ester Habas"},"image":{"@id":"https:\/\/esterhabas-traduction.eu\/es\/#\/schema\/logo\/image\/"}}]}},"_links":{"self":[{"href":"https:\/\/esterhabas-traduction.eu\/es\/wp-json\/wp\/v2\/pages\/1835","targetHints":{"allow":["GET"]}}],"collection":[{"href":"https:\/\/esterhabas-traduction.eu\/es\/wp-json\/wp\/v2\/pages"}],"about":[{"href":"https:\/\/esterhabas-traduction.eu\/es\/wp-json\/wp\/v2\/types\/page"}],"author":[{"embeddable":true,"href":"https:\/\/esterhabas-traduction.eu\/es\/wp-json\/wp\/v2\/users\/1"}],"replies":[{"embeddable":true,"href":"https:\/\/esterhabas-traduction.eu\/es\/wp-json\/wp\/v2\/comments?post=1835"}],"version-history":[{"count":54,"href":"https:\/\/esterhabas-traduction.eu\/es\/wp-json\/wp\/v2\/pages\/1835\/revisions"}],"predecessor-version":[{"id":2519,"href":"https:\/\/esterhabas-traduction.eu\/es\/wp-json\/wp\/v2\/pages\/1835\/revisions\/2519"}],"wp:featuredmedia":[{"embeddable":true,"href":"https:\/\/esterhabas-traduction.eu\/es\/wp-json\/wp\/v2\/media\/988"}],"wp:attachment":[{"href":"https:\/\/esterhabas-traduction.eu\/es\/wp-json\/wp\/v2\/media?parent=1835"}],"curies":[{"name":"wp","href":"https:\/\/api.w.org\/{rel}","templated":true}]}}