{"id":1827,"date":"2023-10-12T10:26:42","date_gmt":"2023-10-12T08:26:42","guid":{"rendered":"https:\/\/esterhabas-traduction.eu\/quien-soy-yo\/"},"modified":"2024-09-20T10:51:38","modified_gmt":"2024-09-20T08:51:38","slug":"quien-soy-yo","status":"publish","type":"page","link":"https:\/\/esterhabas-traduction.eu\/es\/quien-soy-yo\/","title":{"rendered":"\u00bfQui\u00e9n soy yo?"},"content":{"rendered":"<p>[et_pb_section fb_built=\u00bb1&#8243; _builder_version=\u00bb4.22.2&#8243; _module_preset=\u00bbdefault\u00bb background_color=\u00bb#000000&#8243; background_enable_image=\u00bboff\u00bb background_repeat=\u00bbrepeat\u00bb background_enable_pattern_style=\u00bbon\u00bb background_pattern_color=\u00bb#C11D1B\u00bb background_pattern_size=\u00bbcustom\u00bb background_pattern_width=\u00bb56px\u00bb custom_margin=\u00bb1px||60px||false|false\u00bb custom_margin_tablet=\u00bb||30px||false|false\u00bb custom_margin_phone=\u00bb||30px||false|false\u00bb custom_margin_last_edited=\u00bbon|phone\u00bb custom_padding=\u00bb0px||0px||true|false\u00bb border_width_top=\u00bb1px\u00bb border_width_bottom=\u00bb1px\u00bb global_colors_info=\u00bb{}\u00bb][et_pb_row column_structure=\u00bb3_5,2_5&#8243; make_equal=\u00bbon\u00bb _builder_version=\u00bb4.22.2&#8243; _module_preset=\u00bbdefault\u00bb custom_margin=\u00bb0px||0px||false|false\u00bb custom_padding=\u00bb0px||0px||false|false\u00bb global_colors_info=\u00bb{}\u00bb][et_pb_column type=\u00bb3_5&#8243; module_class=\u00bbcentrer-verticalement\u00bb _builder_version=\u00bb4.22.2&#8243; _module_preset=\u00bbdefault\u00bb global_colors_info=\u00bb{}\u00bb][et_pb_text module_class=\u00bbtitreback\u00bb _builder_version=\u00bb4.27.0&#8243; _module_preset=\u00bbdefault\u00bb header_text_color=\u00bb#FFFFFF\u00bb header_font_size=\u00bb41px\u00bb background_enable_color=\u00bboff\u00bb custom_margin=\u00bb100px||100px||true|false\u00bb custom_margin_tablet=\u00bb40px||40px||true|false\u00bb custom_margin_phone=\u00bb15px||15px||true|false\u00bb custom_margin_last_edited=\u00bbon|phone\u00bb custom_padding=\u00bb15px||||false|false\u00bb header_font_size_tablet=\u00bb30px\u00bb header_font_size_phone=\u00bb30px\u00bb header_font_size_last_edited=\u00bbon|phone\u00bb global_colors_info=\u00bb{}\u00bb]<\/p>\n<h1><span>\u00bfQui\u00e9n soy?<\/span><\/h1>\n<p>[\/et_pb_text][\/et_pb_column][et_pb_column type=\u00bb2_5&#8243; _builder_version=\u00bb4.22.2&#8243; _module_preset=\u00bbdefault\u00bb background_color=\u00bb#000000&#8243; background_image=\u00bbhttps:\/\/esterhabas-traduction.eu\/wp-content\/uploads\/2023\/10\/ester-habas-1.png\u00bb global_colors_info=\u00bb{}\u00bb][\/et_pb_column][\/et_pb_row][\/et_pb_section][et_pb_section fb_built=\u00bb1&#8243; _builder_version=\u00bb4.22.2&#8243; _module_preset=\u00bbdefault\u00bb custom_margin=\u00bb0px||||false|false\u00bb custom_padding=\u00bb0px||||false|false\u00bb global_colors_info=\u00bb{}\u00bb][et_pb_row column_structure=\u00bb3_4,1_4&#8243; make_equal=\u00bbon\u00bb _builder_version=\u00bb4.22.2&#8243; _module_preset=\u00bbdefault\u00bb global_colors_info=\u00bb{}\u00bb][et_pb_column type=\u00bb3_4&#8243; _builder_version=\u00bb4.22.2&#8243; _module_preset=\u00bbdefault\u00bb global_colors_info=\u00bb{}\u00bb][et_pb_text disabled_on=\u00bbon|on|off\u00bb _builder_version=\u00bb4.27.0&#8243; _module_preset=\u00bbdefault\u00bb text_font_size=\u00bb16px\u00bb header_2_text_color=\u00bb#000000&#8243; header_2_line_height=\u00bb1.3em\u00bb text_orientation=\u00bbjustified\u00bb text_orientation_tablet=\u00bbjustified\u00bb text_orientation_phone=\u00bbjustified\u00bb text_orientation_last_edited=\u00bbon|phone\u00bb global_colors_info=\u00bb{}\u00bb]<\/p>\n<p><span>Int\u00e9rprete y traductora de formaci\u00f3n con amplia experiencia internacional, soy la fundadora de la empresa <\/span><strong><span>Ester Habas Traduction <\/span><\/strong><span>y propo<\/span><span>ngo servicios de interpretaci\u00f3n simult\u00e1nea y consecutiva franc\u00e9s-espa\u00f1ol e italiano-espa\u00f1ol, as\u00ed como de traducci\u00f3n, relectura y revisi\u00f3n de traducciones del <\/span><strong><span>franc\u00e9s<\/span><\/strong><span>, <\/span><strong><span>italiano <\/span><\/strong><span>e <\/span><strong><span>ingl\u00e9s <\/span><\/strong><span>al <\/span><strong><span>espa\u00f1ol<\/span><\/strong><span>. Tambi\u00e9n puedo ser su socia para sus necesidades de voz en off y formaci\u00f3n en espa\u00f1ol, que es mi lengua materna.<\/span><\/p>\n<p>[\/et_pb_text][et_pb_image src=\u00bbhttps:\/\/esterhabas-traduction.eu\/wp-content\/uploads\/2022\/10\/ester-habas.jpg\u00bb title_text=\u00bbEster Habas\u00bb disabled_on=\u00bboff|off|on\u00bb _builder_version=\u00bb4.22.2&#8243; _module_preset=\u00bbdefault\u00bb global_colors_info=\u00bb{}\u00bb][\/et_pb_image][et_pb_text disabled_on=\u00bboff|off|on\u00bb _builder_version=\u00bb4.27.0&#8243; _module_preset=\u00bbdefault\u00bb text_font_size=\u00bb16px\u00bb header_2_text_color=\u00bb#000000&#8243; header_2_line_height=\u00bb1.3em\u00bb global_colors_info=\u00bb{}\u00bb]<\/p>\n<p><span>Int\u00e9rprete y traductora de formaci\u00f3n con amplia experiencia internacional, soy la fundadora de la empresa <\/span><strong><span>Ester Habas Traduction <\/span><\/strong><span>y propo<\/span><span>ngo servicios de interpretaci\u00f3n simult\u00e1nea y consecutiva franc\u00e9s-espa\u00f1ol e italiano-espa\u00f1ol, as\u00ed como de traducci\u00f3n, relectura y revisi\u00f3n de traducciones del <\/span><strong><span>franc\u00e9s<\/span><\/strong><span>, <\/span><strong><span>italiano <\/span><\/strong><span>e <\/span><strong><span>ingl\u00e9s <\/span><\/strong><span>al <\/span><strong><span>espa\u00f1ol<\/span><\/strong><span>. Tambi\u00e9n puedo ser su socia para sus necesidades de voz en off y formaci\u00f3n en espa\u00f1ol, que es mi lengua materna.<\/span><\/p>\n<p>[\/et_pb_text][et_pb_text _builder_version=\u00bb4.22.2&#8243; _module_preset=\u00bbdefault\u00bb text_font_size=\u00bb16px\u00bb background_color=\u00bb#ededed\u00bb custom_padding=\u00bb15px|15px|15px|50px|true|false\u00bb custom_padding_tablet=\u00bb15px|15px|15px|50px|true|false\u00bb custom_padding_phone=\u00bb|||15px|true|false\u00bb custom_padding_last_edited=\u00bbon|phone\u00bb border_color_left=\u00bb#C11D1B\u00bb global_colors_info=\u00bb{}\u00bb]<\/p>\n<p><img loading=\"lazy\" decoding=\"async\" src=\"https:\/\/esterhabas-traduction.eu\/wp-content\/uploads\/2022\/10\/traductrice-209x300.png\" width=\"100\" height=\"144\" alt=\"\" class=\"wp-image-27 alignnone size-medium\" style=\"float: right;\">Desde 2015, soy <strong>perita ante el Tribunal de Apelaci\u00f3n de Toulouse<\/strong>. Realizo traducciones juradas para particulares o empresas, as\u00ed como para las diferentes instancias de los sistemas judiciales del mundo franc\u00f3fono e hispan\u00f3fono. En este marco, tambi\u00e9n presto servicios de interpretaci\u00f3n en tribunales, comisar\u00edas de polic\u00eda, notar\u00edas, bufetes de abogados, etc.<\/p>\n<p>[\/et_pb_text][et_pb_text _builder_version=\u00bb4.26.0&#8243; _module_preset=\u00bbdefault\u00bb text_font_size=\u00bb16px\u00bb header_2_text_color=\u00bb#000000&#8243; header_2_line_height=\u00bb1.3em\u00bb text_orientation=\u00bbjustified\u00bb global_colors_info=\u00bb{}\u00bb]<\/p>\n<p>Para todos sus proyectos en espa\u00f1ol, p\u00f3ngase en <a href=\"https:\/\/esterhabas-traduction.eu\/es\/contact\/\">contacto conmigo<\/a> y trabajaremos juntos para encontrar la soluci\u00f3n que mejor se adapte a sus necesidades.<\/p>\n<p>De la misma forma, p\u00f3ngase en contacto conmigo para sus proyectos en otras lenguas, ya que soy miembra activa de la <a href=\"https:\/\/www.sft.fr\/\" target=\"_blank\" rel=\"noopener\">SFT<\/a> (Sociedad Francesa de Traductores) y de <a href=\"https:\/\/asetrad.org\/\" target=\"_blank\" rel=\"noopener\">ASETRAD<\/a> (la Asociaci\u00f3n Espa\u00f1ola de Traductores, Correctores e Int\u00e9rpretes), por lo que puedo recomendarle un profesional de confianza para satisfacer sus necesidades espec\u00edficas.<\/p>\n<p>[\/et_pb_text][\/et_pb_column][et_pb_column type=\u00bb1_4&#8243; _builder_version=\u00bb4.22.2&#8243; _module_preset=\u00bbdefault\u00bb background_color=\u00bb#ededed\u00bb background_enable_pattern_style=\u00bbon\u00bb background_pattern_color=\u00bb#C11D1B\u00bb background_pattern_size=\u00bbcustom\u00bb background_pattern_width=\u00bb57px\u00bb background_enable_mask_style=\u00bbon\u00bb background_mask_style=\u00bbarch\u00bb background_mask_transform=\u00bbflip_horizontal\u00bb global_colors_info=\u00bb{}\u00bb][\/et_pb_column][\/et_pb_row][\/et_pb_section]<\/p>\n","protected":false},"excerpt":{"rendered":"<p>Int\u00e9rprete y traductora de formaci\u00f3n con amplia experiencia internacional, soy la fundadora de la empresa Ester Habas Traduction.<\/p>\n","protected":false},"author":1,"featured_media":98,"parent":0,"menu_order":0,"comment_status":"closed","ping_status":"closed","template":"","meta":{"_et_pb_use_builder":"on","_et_pb_old_content":"","_et_gb_content_width":"","footnotes":""},"class_list":["post-1827","page","type-page","status-publish","has-post-thumbnail","hentry"],"yoast_head":"<!-- This site is optimized with the Yoast SEO plugin v26.6 - https:\/\/yoast.com\/wordpress\/plugins\/seo\/ -->\n<title>\u00bfQui\u00e9n soy yo? - Ester Habas Traduction<\/title>\n<meta name=\"description\" content=\"Int\u00e9rprete y traductora de formaci\u00f3n con amplia experiencia internacional, soy la fundadora de la empresa Ester Habas Traduction.\" \/>\n<meta name=\"robots\" content=\"index, follow, max-snippet:-1, max-image-preview:large, max-video-preview:-1\" \/>\n<link rel=\"canonical\" href=\"https:\/\/esterhabas-traduction.eu\/es\/quien-soy-yo\/\" \/>\n<meta property=\"og:locale\" content=\"es_ES\" \/>\n<meta property=\"og:type\" content=\"article\" \/>\n<meta property=\"og:title\" content=\"\u00bfQui\u00e9n soy yo? - Ester Habas Traduction\" \/>\n<meta property=\"og:description\" content=\"Int\u00e9rprete y traductora de formaci\u00f3n con amplia experiencia internacional, soy la fundadora de la empresa Ester Habas Traduction.\" \/>\n<meta property=\"og:url\" content=\"https:\/\/esterhabas-traduction.eu\/es\/quien-soy-yo\/\" \/>\n<meta property=\"og:site_name\" content=\"Ester Habas Traduction\" \/>\n<meta property=\"article:modified_time\" content=\"2024-09-20T08:51:38+00:00\" \/>\n<meta property=\"og:image\" content=\"https:\/\/esterhabas-traduction.eu\/wp-content\/uploads\/2022\/10\/ester-habas.jpg\" \/>\n\t<meta property=\"og:image:width\" content=\"585\" \/>\n\t<meta property=\"og:image:height\" content=\"662\" \/>\n\t<meta property=\"og:image:type\" content=\"image\/jpeg\" \/>\n<meta name=\"twitter:card\" content=\"summary_large_image\" \/>\n<meta name=\"twitter:label1\" content=\"Tiempo de lectura\" \/>\n\t<meta name=\"twitter:data1\" content=\"4 minutos\" \/>\n<script type=\"application\/ld+json\" class=\"yoast-schema-graph\">{\"@context\":\"https:\/\/schema.org\",\"@graph\":[{\"@type\":\"WebPage\",\"@id\":\"https:\/\/esterhabas-traduction.eu\/es\/quien-soy-yo\/\",\"url\":\"https:\/\/esterhabas-traduction.eu\/es\/quien-soy-yo\/\",\"name\":\"\u00bfQui\u00e9n soy yo? - Ester Habas Traduction\",\"isPartOf\":{\"@id\":\"https:\/\/esterhabas-traduction.eu\/es\/#website\"},\"primaryImageOfPage\":{\"@id\":\"https:\/\/esterhabas-traduction.eu\/es\/quien-soy-yo\/#primaryimage\"},\"image\":{\"@id\":\"https:\/\/esterhabas-traduction.eu\/es\/quien-soy-yo\/#primaryimage\"},\"thumbnailUrl\":\"https:\/\/esterhabas-traduction.eu\/wp-content\/uploads\/2022\/10\/ester-habas.jpg\",\"datePublished\":\"2023-10-12T08:26:42+00:00\",\"dateModified\":\"2024-09-20T08:51:38+00:00\",\"description\":\"Int\u00e9rprete y traductora de formaci\u00f3n con amplia experiencia internacional, soy la fundadora de la empresa Ester Habas Traduction.\",\"breadcrumb\":{\"@id\":\"https:\/\/esterhabas-traduction.eu\/es\/quien-soy-yo\/#breadcrumb\"},\"inLanguage\":\"es\",\"potentialAction\":[{\"@type\":\"ReadAction\",\"target\":[\"https:\/\/esterhabas-traduction.eu\/es\/quien-soy-yo\/\"]}]},{\"@type\":\"ImageObject\",\"inLanguage\":\"es\",\"@id\":\"https:\/\/esterhabas-traduction.eu\/es\/quien-soy-yo\/#primaryimage\",\"url\":\"https:\/\/esterhabas-traduction.eu\/wp-content\/uploads\/2022\/10\/ester-habas.jpg\",\"contentUrl\":\"https:\/\/esterhabas-traduction.eu\/wp-content\/uploads\/2022\/10\/ester-habas.jpg\",\"width\":585,\"height\":662},{\"@type\":\"BreadcrumbList\",\"@id\":\"https:\/\/esterhabas-traduction.eu\/es\/quien-soy-yo\/#breadcrumb\",\"itemListElement\":[{\"@type\":\"ListItem\",\"position\":1,\"name\":\"Accueil\",\"item\":\"https:\/\/esterhabas-traduction.eu\/es\/\"},{\"@type\":\"ListItem\",\"position\":2,\"name\":\"\u00bfQui\u00e9n soy yo?\"}]},{\"@type\":\"WebSite\",\"@id\":\"https:\/\/esterhabas-traduction.eu\/es\/#website\",\"url\":\"https:\/\/esterhabas-traduction.eu\/es\/\",\"name\":\"Ester Habas Traduction\",\"description\":\"Interpr\u00e9tation de conf\u00e9rence, cons\u00e9cutive, de liaison, \u00e0 distance et chuchotage\u00a0; traduction fran\u00e7ais, italien, anglais et espagnol\u00a0; voix off et formation espagnol.\",\"publisher\":{\"@id\":\"https:\/\/esterhabas-traduction.eu\/es\/#organization\"},\"potentialAction\":[{\"@type\":\"SearchAction\",\"target\":{\"@type\":\"EntryPoint\",\"urlTemplate\":\"https:\/\/esterhabas-traduction.eu\/es\/?s={search_term_string}\"},\"query-input\":{\"@type\":\"PropertyValueSpecification\",\"valueRequired\":true,\"valueName\":\"search_term_string\"}}],\"inLanguage\":\"es\"},{\"@type\":\"Organization\",\"@id\":\"https:\/\/esterhabas-traduction.eu\/es\/#organization\",\"name\":\"Ester Habas\",\"url\":\"https:\/\/esterhabas-traduction.eu\/es\/\",\"logo\":{\"@type\":\"ImageObject\",\"inLanguage\":\"es\",\"@id\":\"https:\/\/esterhabas-traduction.eu\/es\/#\/schema\/logo\/image\/\",\"url\":\"https:\/\/esterhabas-traduction.eu\/wp-content\/uploads\/2023\/10\/logo-ester-habas-1.png\",\"contentUrl\":\"https:\/\/esterhabas-traduction.eu\/wp-content\/uploads\/2023\/10\/logo-ester-habas-1.png\",\"width\":800,\"height\":172,\"caption\":\"Ester Habas\"},\"image\":{\"@id\":\"https:\/\/esterhabas-traduction.eu\/es\/#\/schema\/logo\/image\/\"}}]}<\/script>\n<!-- \/ Yoast SEO plugin. -->","yoast_head_json":{"title":"\u00bfQui\u00e9n soy yo? - Ester Habas Traduction","description":"Int\u00e9rprete y traductora de formaci\u00f3n con amplia experiencia internacional, soy la fundadora de la empresa Ester Habas Traduction.","robots":{"index":"index","follow":"follow","max-snippet":"max-snippet:-1","max-image-preview":"max-image-preview:large","max-video-preview":"max-video-preview:-1"},"canonical":"https:\/\/esterhabas-traduction.eu\/es\/quien-soy-yo\/","og_locale":"es_ES","og_type":"article","og_title":"\u00bfQui\u00e9n soy yo? - Ester Habas Traduction","og_description":"Int\u00e9rprete y traductora de formaci\u00f3n con amplia experiencia internacional, soy la fundadora de la empresa Ester Habas Traduction.","og_url":"https:\/\/esterhabas-traduction.eu\/es\/quien-soy-yo\/","og_site_name":"Ester Habas Traduction","article_modified_time":"2024-09-20T08:51:38+00:00","og_image":[{"width":585,"height":662,"url":"https:\/\/esterhabas-traduction.eu\/wp-content\/uploads\/2022\/10\/ester-habas.jpg","type":"image\/jpeg"}],"twitter_card":"summary_large_image","twitter_misc":{"Tiempo de lectura":"4 minutos"},"schema":{"@context":"https:\/\/schema.org","@graph":[{"@type":"WebPage","@id":"https:\/\/esterhabas-traduction.eu\/es\/quien-soy-yo\/","url":"https:\/\/esterhabas-traduction.eu\/es\/quien-soy-yo\/","name":"\u00bfQui\u00e9n soy yo? - Ester Habas Traduction","isPartOf":{"@id":"https:\/\/esterhabas-traduction.eu\/es\/#website"},"primaryImageOfPage":{"@id":"https:\/\/esterhabas-traduction.eu\/es\/quien-soy-yo\/#primaryimage"},"image":{"@id":"https:\/\/esterhabas-traduction.eu\/es\/quien-soy-yo\/#primaryimage"},"thumbnailUrl":"https:\/\/esterhabas-traduction.eu\/wp-content\/uploads\/2022\/10\/ester-habas.jpg","datePublished":"2023-10-12T08:26:42+00:00","dateModified":"2024-09-20T08:51:38+00:00","description":"Int\u00e9rprete y traductora de formaci\u00f3n con amplia experiencia internacional, soy la fundadora de la empresa Ester Habas Traduction.","breadcrumb":{"@id":"https:\/\/esterhabas-traduction.eu\/es\/quien-soy-yo\/#breadcrumb"},"inLanguage":"es","potentialAction":[{"@type":"ReadAction","target":["https:\/\/esterhabas-traduction.eu\/es\/quien-soy-yo\/"]}]},{"@type":"ImageObject","inLanguage":"es","@id":"https:\/\/esterhabas-traduction.eu\/es\/quien-soy-yo\/#primaryimage","url":"https:\/\/esterhabas-traduction.eu\/wp-content\/uploads\/2022\/10\/ester-habas.jpg","contentUrl":"https:\/\/esterhabas-traduction.eu\/wp-content\/uploads\/2022\/10\/ester-habas.jpg","width":585,"height":662},{"@type":"BreadcrumbList","@id":"https:\/\/esterhabas-traduction.eu\/es\/quien-soy-yo\/#breadcrumb","itemListElement":[{"@type":"ListItem","position":1,"name":"Accueil","item":"https:\/\/esterhabas-traduction.eu\/es\/"},{"@type":"ListItem","position":2,"name":"\u00bfQui\u00e9n soy yo?"}]},{"@type":"WebSite","@id":"https:\/\/esterhabas-traduction.eu\/es\/#website","url":"https:\/\/esterhabas-traduction.eu\/es\/","name":"Ester Habas Traduction","description":"Interpr\u00e9tation de conf\u00e9rence, cons\u00e9cutive, de liaison, \u00e0 distance et chuchotage\u00a0; traduction fran\u00e7ais, italien, anglais et espagnol\u00a0; voix off et formation espagnol.","publisher":{"@id":"https:\/\/esterhabas-traduction.eu\/es\/#organization"},"potentialAction":[{"@type":"SearchAction","target":{"@type":"EntryPoint","urlTemplate":"https:\/\/esterhabas-traduction.eu\/es\/?s={search_term_string}"},"query-input":{"@type":"PropertyValueSpecification","valueRequired":true,"valueName":"search_term_string"}}],"inLanguage":"es"},{"@type":"Organization","@id":"https:\/\/esterhabas-traduction.eu\/es\/#organization","name":"Ester Habas","url":"https:\/\/esterhabas-traduction.eu\/es\/","logo":{"@type":"ImageObject","inLanguage":"es","@id":"https:\/\/esterhabas-traduction.eu\/es\/#\/schema\/logo\/image\/","url":"https:\/\/esterhabas-traduction.eu\/wp-content\/uploads\/2023\/10\/logo-ester-habas-1.png","contentUrl":"https:\/\/esterhabas-traduction.eu\/wp-content\/uploads\/2023\/10\/logo-ester-habas-1.png","width":800,"height":172,"caption":"Ester Habas"},"image":{"@id":"https:\/\/esterhabas-traduction.eu\/es\/#\/schema\/logo\/image\/"}}]}},"_links":{"self":[{"href":"https:\/\/esterhabas-traduction.eu\/es\/wp-json\/wp\/v2\/pages\/1827","targetHints":{"allow":["GET"]}}],"collection":[{"href":"https:\/\/esterhabas-traduction.eu\/es\/wp-json\/wp\/v2\/pages"}],"about":[{"href":"https:\/\/esterhabas-traduction.eu\/es\/wp-json\/wp\/v2\/types\/page"}],"author":[{"embeddable":true,"href":"https:\/\/esterhabas-traduction.eu\/es\/wp-json\/wp\/v2\/users\/1"}],"replies":[{"embeddable":true,"href":"https:\/\/esterhabas-traduction.eu\/es\/wp-json\/wp\/v2\/comments?post=1827"}],"version-history":[{"count":11,"href":"https:\/\/esterhabas-traduction.eu\/es\/wp-json\/wp\/v2\/pages\/1827\/revisions"}],"predecessor-version":[{"id":2517,"href":"https:\/\/esterhabas-traduction.eu\/es\/wp-json\/wp\/v2\/pages\/1827\/revisions\/2517"}],"wp:featuredmedia":[{"embeddable":true,"href":"https:\/\/esterhabas-traduction.eu\/es\/wp-json\/wp\/v2\/media\/98"}],"wp:attachment":[{"href":"https:\/\/esterhabas-traduction.eu\/es\/wp-json\/wp\/v2\/media?parent=1827"}],"curies":[{"name":"wp","href":"https:\/\/api.w.org\/{rel}","templated":true}]}}