{"id":1636,"date":"2023-10-12T10:26:43","date_gmt":"2023-10-12T08:26:43","guid":{"rendered":"https:\/\/esterhabas-traduction.eu\/testimonials\/"},"modified":"2024-09-20T11:03:22","modified_gmt":"2024-09-20T09:03:22","slug":"testimonials","status":"publish","type":"page","link":"https:\/\/esterhabas-traduction.eu\/en\/testimonials\/","title":{"rendered":"Testimonials"},"content":{"rendered":"<p>[et_pb_section fb_built=&#8221;1&#8243; _builder_version=&#8221;4.22.2&#8243; _module_preset=&#8221;default&#8221; background_color=&#8221;#000000&#8243; background_image=&#8221;https:\/\/esterhabas-traduction.eu\/wp-content\/uploads\/2023\/10\/f6.png&#8221; background_repeat=&#8221;repeat&#8221; custom_margin=&#8221;1px||60px||false|false&#8221; custom_margin_tablet=&#8221;||30px||false|false&#8221; custom_margin_phone=&#8221;||30px||false|false&#8221; custom_margin_last_edited=&#8221;on|phone&#8221; custom_padding=&#8221;0px||0px||true|false&#8221; border_width_top=&#8221;1px&#8221; border_width_bottom=&#8221;1px&#8221; global_colors_info=&#8221;{}&#8221;][et_pb_row column_structure=&#8221;3_5,2_5&#8243; make_equal=&#8221;on&#8221; _builder_version=&#8221;4.22.2&#8243; _module_preset=&#8221;default&#8221; custom_margin=&#8221;0px||0px||false|false&#8221; custom_padding=&#8221;0px||0px||false|false&#8221; global_colors_info=&#8221;{}&#8221;][et_pb_column type=&#8221;3_5&#8243; module_class=&#8221;centrer-verticalement&#8221; _builder_version=&#8221;4.22.2&#8243; _module_preset=&#8221;default&#8221; global_colors_info=&#8221;{}&#8221;][et_pb_text module_class=&#8221;titreback&#8221; _builder_version=&#8221;4.22.2&#8243; _module_preset=&#8221;default&#8221; header_text_color=&#8221;#FFFFFF&#8221; header_font_size=&#8221;41px&#8221; custom_margin=&#8221;100px||100px||true|false&#8221; custom_margin_tablet=&#8221;40px||40px||true|false&#8221; custom_margin_phone=&#8221;15px||15px||true|false&#8221; custom_margin_last_edited=&#8221;on|phone&#8221; custom_padding=&#8221;15px||||false|false&#8221; header_font_size_tablet=&#8221;30px&#8221; header_font_size_phone=&#8221;30px&#8221; header_font_size_last_edited=&#8221;on|phone&#8221; global_colors_info=&#8221;{}&#8221;]<\/p>\n<h1><span>Testimonials<\/span><\/h1>\n<p>[\/et_pb_text][\/et_pb_column][et_pb_column type=&#8221;2_5&#8243; _builder_version=&#8221;4.22.2&#8243; _module_preset=&#8221;default&#8221; background_color=&#8221;#000000&#8243; background_image=&#8221;https:\/\/esterhabas-traduction.eu\/wp-content\/uploads\/2023\/10\/Temoignages.png&#8221; global_colors_info=&#8221;{}&#8221;][\/et_pb_column][\/et_pb_row][\/et_pb_section][et_pb_section fb_built=&#8221;1&#8243; _builder_version=&#8221;4.22.2&#8243; _module_preset=&#8221;default&#8221; background_color=&#8221;#FFFFFF&#8221; background_enable_image=&#8221;off&#8221; parallax=&#8221;on&#8221; parallax_method=&#8221;off&#8221; custom_margin=&#8221;|40px||40px|false|true&#8221; custom_margin_tablet=&#8221;50px|10px||10px|false|true&#8221; custom_margin_phone=&#8221;0px|10px|0px|10px|true|true&#8221; custom_margin_last_edited=&#8221;on|phone&#8221; custom_padding=&#8221;||||true|false&#8221; background_last_edited=&#8221;on|phone&#8221; background_enable_image_phone=&#8221;off&#8221; global_colors_info=&#8221;{}&#8221;][et_pb_row column_structure=&#8221;1_3,1_3,1_3&#8243; _builder_version=&#8221;4.22.2&#8243; _module_preset=&#8221;default&#8221; max_width=&#8221;1811px&#8221; global_colors_info=&#8221;{}&#8221;][et_pb_column type=&#8221;1_3&#8243; _builder_version=&#8221;4.22.2&#8243; _module_preset=&#8221;default&#8221; global_colors_info=&#8221;{}&#8221;][et_pb_testimonial author=&#8221;Johan L&#8217;Ecluse | ABESIM | www.abesim.com&#8221; job_title=&#8221;an engineering firm specialising in treating polluted soils&#8221; portrait_url=&#8221;https:\/\/esterhabas-traduction.eu\/wp-content\/uploads\/2023\/12\/abesim.jpg&#8221; quote_icon_color=&#8221;#C11D1B&#8221; quote_icon_background_color=&#8221;RGBA(255,255,255,0)&#8221; portrait_width=&#8221;167px&#8221; portrait_height=&#8221;91px&#8221; use_icon_font_size=&#8221;on&#8221; icon_font_size=&#8221;36px&#8221; _builder_version=&#8221;4.26.0&#8243; _module_preset=&#8221;default&#8221; author_text_align=&#8221;left&#8221; text_orientation=&#8221;justified&#8221; custom_padding=&#8221;||||false|false&#8221; author_text_align_tablet=&#8221;left&#8221; author_text_align_phone=&#8221;left&#8221; author_text_align_last_edited=&#8221;on|phone&#8221; text_orientation_tablet=&#8221;justified&#8221; text_orientation_phone=&#8221;left&#8221; text_orientation_last_edited=&#8221;on|desktop&#8221; border_radii_portrait=&#8221;on|0px|0px|0px|0px&#8221; global_colors_info=&#8221;{}&#8221;]<\/p>\n<p><em>&#8220;We work with her because of her quick response time, her enthusiasm and her accurate and professional work&#8221;.<\/em><\/p>\n<p>[\/et_pb_testimonial][et_pb_testimonial author=&#8221;Bruno Vargas | Lecturer in contemporary Spanish history and civilisation | University of Toulouse, INU Champollion, FRAMESPA-CNRS Laboratory&#8221; portrait_url=&#8221;https:\/\/esterhabas-traduction.eu\/wp-content\/uploads\/2023\/12\/Framespa.jpg&#8221; quote_icon_color=&#8221;#C11D1B&#8221; quote_icon_background_color=&#8221;RGBA(255,255,255,0)&#8221; portrait_width=&#8221;167px&#8221; portrait_height=&#8221;91px&#8221; use_icon_font_size=&#8221;on&#8221; icon_font_size=&#8221;36px&#8221; _builder_version=&#8221;4.27.0&#8243; _module_preset=&#8221;default&#8221; author_text_align=&#8221;left&#8221; text_orientation=&#8221;justified&#8221; custom_padding=&#8221;||||false|false&#8221; author_text_align_tablet=&#8221;left&#8221; author_text_align_phone=&#8221;left&#8221; author_text_align_last_edited=&#8221;on|phone&#8221; text_orientation_tablet=&#8221;justified&#8221; text_orientation_phone=&#8221;left&#8221; text_orientation_last_edited=&#8221;on|desktop&#8221; border_radii_portrait=&#8221;on|0px|0px|0px|0px&#8221; global_colors_info=&#8221;{}&#8221;]<\/p>\n<p><em>&#8220;I&#8217;ve known Ester Habas for over ten years, through her work as a translator at the Journ\u00e9es internationales Manuel Aza\u00f1a in Montauban. The quality of these simultaneous translations, sometimes without prior knowledge of the speaker&#8217;s text, is remarkable. To date, we have received nothing but praise for Ester&#8217;s work from an often demanding audience. And quite naturally, because of her professionalism, her rigour and her ability to juggle several subjects without compromising the quality of her work, I asked her to translate several university conferences on the contemporary history of Spain organised by the INU Champollion and the Universit\u00e9 Toulouse Jean Jaur\u00e8s. More recently, I had no hesitation in recommending her to the M\u00e9morial du Camp de Rivesaltes to lead the translation of a Franco-Spanish meeting attended by the Secretary of State for Democratic Remembrance, Fernando Mart\u00ednez. Proof if it were needed of our complete confidence in Ester&#8217;s personal and professional qualities&#8221;.<\/em><\/p>\n<p>[\/et_pb_testimonial][\/et_pb_column][et_pb_column type=&#8221;1_3&#8243; _builder_version=&#8221;4.22.2&#8243; _module_preset=&#8221;default&#8221; global_colors_info=&#8221;{}&#8221;][et_pb_testimonial author=&#8221;Ian Margo | Managing Director | Coup de Puce Expansion SARL&#8221; portrait_url=&#8221;https:\/\/esterhabas-traduction.eu\/wp-content\/uploads\/2023\/12\/coup-de-puce.jpg&#8221; quote_icon_color=&#8221;#C11D1B&#8221; quote_icon_background_color=&#8221;RGBA(255,255,255,0)&#8221; portrait_width=&#8221;167px&#8221; portrait_height=&#8221;91px&#8221; use_icon_font_size=&#8221;on&#8221; icon_font_size=&#8221;36px&#8221; _builder_version=&#8221;4.27.0&#8243; _module_preset=&#8221;default&#8221; author_text_align=&#8221;left&#8221; text_orientation=&#8221;justified&#8221; custom_padding=&#8221;||||false|false&#8221; author_text_align_tablet=&#8221;left&#8221; author_text_align_phone=&#8221;left&#8221; author_text_align_last_edited=&#8221;on|phone&#8221; text_orientation_tablet=&#8221;justified&#8221; text_orientation_phone=&#8221;left&#8221; text_orientation_last_edited=&#8221;on|desktop&#8221; border_radii_portrait=&#8221;on|0px|0px|0px|0px&#8221; global_colors_info=&#8221;{}&#8221;]<\/p>\n<p><em>&#8220;We have often called on Ester Habas Castro, confident in the knowledge that she delivers quality work to the highest standards, on time. She also provides us with interpreting services, with which our clients are entirely satisfied&#8221;.<\/em><\/p>\n<p>[\/et_pb_testimonial][et_pb_testimonial author=&#8221;Sara Freitas-Maltavernes | Sfm traductions&#8221; portrait_url=&#8221;https:\/\/esterhabas-traduction.eu\/wp-content\/uploads\/2023\/12\/SFM-Traduction-Conseil.jpg&#8221; quote_icon_color=&#8221;#C11D1B&#8221; quote_icon_background_color=&#8221;RGBA(255,255,255,0)&#8221; portrait_width=&#8221;167px&#8221; portrait_height=&#8221;91px&#8221; use_icon_font_size=&#8221;on&#8221; icon_font_size=&#8221;36px&#8221; _builder_version=&#8221;4.27.0&#8243; _module_preset=&#8221;default&#8221; author_text_align=&#8221;left&#8221; text_orientation=&#8221;justified&#8221; custom_padding=&#8221;||||false|false&#8221; author_text_align_tablet=&#8221;left&#8221; author_text_align_phone=&#8221;left&#8221; author_text_align_last_edited=&#8221;on|phone&#8221; text_orientation_tablet=&#8221;justified&#8221; text_orientation_phone=&#8221;left&#8221; text_orientation_last_edited=&#8221;on|desktop&#8221; border_radii_portrait=&#8221;on|0px|0px|0px|0px&#8221; global_colors_info=&#8221;{}&#8221;]<\/p>\n<p><em>&#8220;Ester proofread a French to Spanish translation for me. I appreciated her attention to detail and to the differences in typography from one language to another. She also harmonised the structure of the different sentences in bulleted lists to bring the whole thing together. I wouldn&#8217;t hesitate to call on Ester again for Spanish-language projects&#8221;.<\/em><\/p>\n<p>[\/et_pb_testimonial][\/et_pb_column][et_pb_column type=&#8221;1_3&#8243; _builder_version=&#8221;4.22.2&#8243; _module_preset=&#8221;default&#8221; global_colors_info=&#8221;{}&#8221;][et_pb_testimonial author=&#8221;Evelyne Demey | Editions du Huiti\u00e8me Jour | www.huitiemejour-editions.fr&#8221; portrait_url=&#8221;https:\/\/esterhabas-traduction.eu\/wp-content\/uploads\/2023\/12\/huitieme-jour.jpg&#8221; quote_icon_color=&#8221;#C11D1B&#8221; quote_icon_background_color=&#8221;RGBA(255,255,255,0)&#8221; portrait_width=&#8221;167px&#8221; portrait_height=&#8221;91px&#8221; use_icon_font_size=&#8221;on&#8221; icon_font_size=&#8221;36px&#8221; _builder_version=&#8221;4.27.0&#8243; _module_preset=&#8221;default&#8221; author_text_align=&#8221;left&#8221; text_orientation=&#8221;justified&#8221; custom_padding=&#8221;||||false|false&#8221; author_text_align_tablet=&#8221;left&#8221; author_text_align_phone=&#8221;left&#8221; author_text_align_last_edited=&#8221;on|phone&#8221; text_orientation_tablet=&#8221;justified&#8221; text_orientation_phone=&#8221;left&#8221; text_orientation_last_edited=&#8221;on|desktop&#8221; border_radii_portrait=&#8221;on|0px|0px|0px|0px&#8221; global_colors_info=&#8221;{}&#8221;]<\/p>\n<p><em>&#8220;Voici les raisons pour lesquelles nous avons \u00e9t\u00e9 satisfaits du travail d&#8217;Ester Habas :<br \/>\u2022 le s\u00e9rieux dans la traduction<br \/>\u2022 la ponctualit\u00e9<br \/>\u2022 la r\u00e9activit\u00e9&#8221;.<\/em><\/p>\n<p>[\/et_pb_testimonial][\/et_pb_column][\/et_pb_row][\/et_pb_section]<\/p>\n","protected":false},"excerpt":{"rendered":"<p>We work with her because of her quick response time, her enthusiasm and her accurate and professional work.<\/p>\n","protected":false},"author":1,"featured_media":1407,"parent":0,"menu_order":0,"comment_status":"closed","ping_status":"closed","template":"","meta":{"_et_pb_use_builder":"on","_et_pb_old_content":"","_et_gb_content_width":"","footnotes":""},"class_list":["post-1636","page","type-page","status-publish","has-post-thumbnail","hentry"],"yoast_head":"<!-- This site is optimized with the Yoast SEO plugin v26.6 - https:\/\/yoast.com\/wordpress\/plugins\/seo\/ -->\n<title>Testimonials - Ester Habas Traduction<\/title>\n<meta name=\"description\" content=\"We work with her because of her quick response time, her enthusiasm and her accurate and professional work.\" \/>\n<meta name=\"robots\" content=\"index, follow, max-snippet:-1, max-image-preview:large, max-video-preview:-1\" \/>\n<link rel=\"canonical\" href=\"https:\/\/esterhabas-traduction.eu\/en\/testimonials\/\" \/>\n<meta property=\"og:locale\" content=\"en_US\" \/>\n<meta property=\"og:type\" content=\"article\" \/>\n<meta property=\"og:title\" content=\"Testimonials - Ester Habas Traduction\" \/>\n<meta property=\"og:description\" content=\"We work with her because of her quick response time, her enthusiasm and her accurate and professional work.\" \/>\n<meta property=\"og:url\" content=\"https:\/\/esterhabas-traduction.eu\/en\/testimonials\/\" \/>\n<meta property=\"og:site_name\" content=\"Ester Habas Traduction\" \/>\n<meta property=\"article:modified_time\" content=\"2024-09-20T09:03:22+00:00\" \/>\n<meta property=\"og:image\" content=\"https:\/\/esterhabas-traduction.eu\/wp-content\/uploads\/2023\/10\/Temoignages.png\" \/>\n\t<meta property=\"og:image:width\" content=\"550\" \/>\n\t<meta property=\"og:image:height\" content=\"367\" \/>\n\t<meta property=\"og:image:type\" content=\"image\/png\" \/>\n<meta name=\"twitter:card\" content=\"summary_large_image\" \/>\n<meta name=\"twitter:label1\" content=\"Est. reading time\" \/>\n\t<meta name=\"twitter:data1\" content=\"6 minutes\" \/>\n<script type=\"application\/ld+json\" class=\"yoast-schema-graph\">{\"@context\":\"https:\/\/schema.org\",\"@graph\":[{\"@type\":\"WebPage\",\"@id\":\"https:\/\/esterhabas-traduction.eu\/en\/testimonials\/\",\"url\":\"https:\/\/esterhabas-traduction.eu\/en\/testimonials\/\",\"name\":\"Testimonials - Ester Habas Traduction\",\"isPartOf\":{\"@id\":\"https:\/\/esterhabas-traduction.eu\/en\/#website\"},\"primaryImageOfPage\":{\"@id\":\"https:\/\/esterhabas-traduction.eu\/en\/testimonials\/#primaryimage\"},\"image\":{\"@id\":\"https:\/\/esterhabas-traduction.eu\/en\/testimonials\/#primaryimage\"},\"thumbnailUrl\":\"https:\/\/esterhabas-traduction.eu\/wp-content\/uploads\/2023\/10\/Temoignages.png\",\"datePublished\":\"2023-10-12T08:26:43+00:00\",\"dateModified\":\"2024-09-20T09:03:22+00:00\",\"description\":\"We work with her because of her quick response time, her enthusiasm and her accurate and professional work.\",\"breadcrumb\":{\"@id\":\"https:\/\/esterhabas-traduction.eu\/en\/testimonials\/#breadcrumb\"},\"inLanguage\":\"en-US\",\"potentialAction\":[{\"@type\":\"ReadAction\",\"target\":[\"https:\/\/esterhabas-traduction.eu\/en\/testimonials\/\"]}]},{\"@type\":\"ImageObject\",\"inLanguage\":\"en-US\",\"@id\":\"https:\/\/esterhabas-traduction.eu\/en\/testimonials\/#primaryimage\",\"url\":\"https:\/\/esterhabas-traduction.eu\/wp-content\/uploads\/2023\/10\/Temoignages.png\",\"contentUrl\":\"https:\/\/esterhabas-traduction.eu\/wp-content\/uploads\/2023\/10\/Temoignages.png\",\"width\":550,\"height\":367},{\"@type\":\"BreadcrumbList\",\"@id\":\"https:\/\/esterhabas-traduction.eu\/en\/testimonials\/#breadcrumb\",\"itemListElement\":[{\"@type\":\"ListItem\",\"position\":1,\"name\":\"Accueil\",\"item\":\"https:\/\/esterhabas-traduction.eu\/en\/\"},{\"@type\":\"ListItem\",\"position\":2,\"name\":\"Testimonials\"}]},{\"@type\":\"WebSite\",\"@id\":\"https:\/\/esterhabas-traduction.eu\/en\/#website\",\"url\":\"https:\/\/esterhabas-traduction.eu\/en\/\",\"name\":\"Ester Habas Traduction\",\"description\":\"Interpr\u00e9tation de conf\u00e9rence, cons\u00e9cutive, de liaison, \u00e0 distance et chuchotage\u00a0; traduction fran\u00e7ais, italien, anglais et espagnol\u00a0; voix off et formation espagnol.\",\"publisher\":{\"@id\":\"https:\/\/esterhabas-traduction.eu\/en\/#organization\"},\"potentialAction\":[{\"@type\":\"SearchAction\",\"target\":{\"@type\":\"EntryPoint\",\"urlTemplate\":\"https:\/\/esterhabas-traduction.eu\/en\/?s={search_term_string}\"},\"query-input\":{\"@type\":\"PropertyValueSpecification\",\"valueRequired\":true,\"valueName\":\"search_term_string\"}}],\"inLanguage\":\"en-US\"},{\"@type\":\"Organization\",\"@id\":\"https:\/\/esterhabas-traduction.eu\/en\/#organization\",\"name\":\"Ester Habas\",\"url\":\"https:\/\/esterhabas-traduction.eu\/en\/\",\"logo\":{\"@type\":\"ImageObject\",\"inLanguage\":\"en-US\",\"@id\":\"https:\/\/esterhabas-traduction.eu\/en\/#\/schema\/logo\/image\/\",\"url\":\"https:\/\/esterhabas-traduction.eu\/wp-content\/uploads\/2023\/10\/logo-ester-habas-1.png\",\"contentUrl\":\"https:\/\/esterhabas-traduction.eu\/wp-content\/uploads\/2023\/10\/logo-ester-habas-1.png\",\"width\":800,\"height\":172,\"caption\":\"Ester Habas\"},\"image\":{\"@id\":\"https:\/\/esterhabas-traduction.eu\/en\/#\/schema\/logo\/image\/\"}}]}<\/script>\n<!-- \/ Yoast SEO plugin. -->","yoast_head_json":{"title":"Testimonials - Ester Habas Traduction","description":"We work with her because of her quick response time, her enthusiasm and her accurate and professional work.","robots":{"index":"index","follow":"follow","max-snippet":"max-snippet:-1","max-image-preview":"max-image-preview:large","max-video-preview":"max-video-preview:-1"},"canonical":"https:\/\/esterhabas-traduction.eu\/en\/testimonials\/","og_locale":"en_US","og_type":"article","og_title":"Testimonials - Ester Habas Traduction","og_description":"We work with her because of her quick response time, her enthusiasm and her accurate and professional work.","og_url":"https:\/\/esterhabas-traduction.eu\/en\/testimonials\/","og_site_name":"Ester Habas Traduction","article_modified_time":"2024-09-20T09:03:22+00:00","og_image":[{"width":550,"height":367,"url":"https:\/\/esterhabas-traduction.eu\/wp-content\/uploads\/2023\/10\/Temoignages.png","type":"image\/png"}],"twitter_card":"summary_large_image","twitter_misc":{"Est. reading time":"6 minutes"},"schema":{"@context":"https:\/\/schema.org","@graph":[{"@type":"WebPage","@id":"https:\/\/esterhabas-traduction.eu\/en\/testimonials\/","url":"https:\/\/esterhabas-traduction.eu\/en\/testimonials\/","name":"Testimonials - Ester Habas Traduction","isPartOf":{"@id":"https:\/\/esterhabas-traduction.eu\/en\/#website"},"primaryImageOfPage":{"@id":"https:\/\/esterhabas-traduction.eu\/en\/testimonials\/#primaryimage"},"image":{"@id":"https:\/\/esterhabas-traduction.eu\/en\/testimonials\/#primaryimage"},"thumbnailUrl":"https:\/\/esterhabas-traduction.eu\/wp-content\/uploads\/2023\/10\/Temoignages.png","datePublished":"2023-10-12T08:26:43+00:00","dateModified":"2024-09-20T09:03:22+00:00","description":"We work with her because of her quick response time, her enthusiasm and her accurate and professional work.","breadcrumb":{"@id":"https:\/\/esterhabas-traduction.eu\/en\/testimonials\/#breadcrumb"},"inLanguage":"en-US","potentialAction":[{"@type":"ReadAction","target":["https:\/\/esterhabas-traduction.eu\/en\/testimonials\/"]}]},{"@type":"ImageObject","inLanguage":"en-US","@id":"https:\/\/esterhabas-traduction.eu\/en\/testimonials\/#primaryimage","url":"https:\/\/esterhabas-traduction.eu\/wp-content\/uploads\/2023\/10\/Temoignages.png","contentUrl":"https:\/\/esterhabas-traduction.eu\/wp-content\/uploads\/2023\/10\/Temoignages.png","width":550,"height":367},{"@type":"BreadcrumbList","@id":"https:\/\/esterhabas-traduction.eu\/en\/testimonials\/#breadcrumb","itemListElement":[{"@type":"ListItem","position":1,"name":"Accueil","item":"https:\/\/esterhabas-traduction.eu\/en\/"},{"@type":"ListItem","position":2,"name":"Testimonials"}]},{"@type":"WebSite","@id":"https:\/\/esterhabas-traduction.eu\/en\/#website","url":"https:\/\/esterhabas-traduction.eu\/en\/","name":"Ester Habas Traduction","description":"Interpr\u00e9tation de conf\u00e9rence, cons\u00e9cutive, de liaison, \u00e0 distance et chuchotage\u00a0; traduction fran\u00e7ais, italien, anglais et espagnol\u00a0; voix off et formation espagnol.","publisher":{"@id":"https:\/\/esterhabas-traduction.eu\/en\/#organization"},"potentialAction":[{"@type":"SearchAction","target":{"@type":"EntryPoint","urlTemplate":"https:\/\/esterhabas-traduction.eu\/en\/?s={search_term_string}"},"query-input":{"@type":"PropertyValueSpecification","valueRequired":true,"valueName":"search_term_string"}}],"inLanguage":"en-US"},{"@type":"Organization","@id":"https:\/\/esterhabas-traduction.eu\/en\/#organization","name":"Ester Habas","url":"https:\/\/esterhabas-traduction.eu\/en\/","logo":{"@type":"ImageObject","inLanguage":"en-US","@id":"https:\/\/esterhabas-traduction.eu\/en\/#\/schema\/logo\/image\/","url":"https:\/\/esterhabas-traduction.eu\/wp-content\/uploads\/2023\/10\/logo-ester-habas-1.png","contentUrl":"https:\/\/esterhabas-traduction.eu\/wp-content\/uploads\/2023\/10\/logo-ester-habas-1.png","width":800,"height":172,"caption":"Ester Habas"},"image":{"@id":"https:\/\/esterhabas-traduction.eu\/en\/#\/schema\/logo\/image\/"}}]}},"_links":{"self":[{"href":"https:\/\/esterhabas-traduction.eu\/en\/wp-json\/wp\/v2\/pages\/1636","targetHints":{"allow":["GET"]}}],"collection":[{"href":"https:\/\/esterhabas-traduction.eu\/en\/wp-json\/wp\/v2\/pages"}],"about":[{"href":"https:\/\/esterhabas-traduction.eu\/en\/wp-json\/wp\/v2\/types\/page"}],"author":[{"embeddable":true,"href":"https:\/\/esterhabas-traduction.eu\/en\/wp-json\/wp\/v2\/users\/1"}],"replies":[{"embeddable":true,"href":"https:\/\/esterhabas-traduction.eu\/en\/wp-json\/wp\/v2\/comments?post=1636"}],"version-history":[{"count":26,"href":"https:\/\/esterhabas-traduction.eu\/en\/wp-json\/wp\/v2\/pages\/1636\/revisions"}],"predecessor-version":[{"id":2548,"href":"https:\/\/esterhabas-traduction.eu\/en\/wp-json\/wp\/v2\/pages\/1636\/revisions\/2548"}],"wp:featuredmedia":[{"embeddable":true,"href":"https:\/\/esterhabas-traduction.eu\/en\/wp-json\/wp\/v2\/media\/1407"}],"wp:attachment":[{"href":"https:\/\/esterhabas-traduction.eu\/en\/wp-json\/wp\/v2\/media?parent=1636"}],"curies":[{"name":"wp","href":"https:\/\/api.w.org\/{rel}","templated":true}]}}