{"id":1603,"date":"2023-10-12T10:26:43","date_gmt":"2023-10-12T08:26:43","guid":{"rendered":"https:\/\/esterhabas-traduction.eu\/translation\/"},"modified":"2024-09-20T11:01:20","modified_gmt":"2024-09-20T09:01:20","slug":"translation","status":"publish","type":"page","link":"https:\/\/esterhabas-traduction.eu\/en\/translation\/","title":{"rendered":"Translation"},"content":{"rendered":"<p>[et_pb_section fb_built=&#8221;1&#8243; _builder_version=&#8221;4.22.2&#8243; _module_preset=&#8221;default&#8221; background_color=&#8221;#000000&#8243; background_image=&#8221;https:\/\/esterhabas-traduction.eu\/wp-content\/uploads\/2023\/10\/f6.png&#8221; background_repeat=&#8221;repeat&#8221; custom_margin=&#8221;1px||60px||false|false&#8221; custom_margin_tablet=&#8221;||30px||false|false&#8221; custom_margin_phone=&#8221;||30px||false|false&#8221; custom_margin_last_edited=&#8221;on|phone&#8221; custom_padding=&#8221;0px||0px||true|false&#8221; border_width_top=&#8221;1px&#8221; border_width_bottom=&#8221;1px&#8221; global_colors_info=&#8221;{}&#8221;][et_pb_row column_structure=&#8221;3_5,2_5&#8243; make_equal=&#8221;on&#8221; _builder_version=&#8221;4.22.2&#8243; _module_preset=&#8221;default&#8221; custom_margin=&#8221;0px||0px||false|false&#8221; custom_padding=&#8221;0px||0px||false|false&#8221; global_colors_info=&#8221;{}&#8221;][et_pb_column type=&#8221;3_5&#8243; module_class=&#8221;centrer-verticalement&#8221; _builder_version=&#8221;4.22.2&#8243; _module_preset=&#8221;default&#8221; global_colors_info=&#8221;{}&#8221;][et_pb_text module_class=&#8221;titreback&#8221; _builder_version=&#8221;4.22.2&#8243; _module_preset=&#8221;default&#8221; header_text_color=&#8221;#FFFFFF&#8221; header_font_size=&#8221;41px&#8221; custom_margin=&#8221;100px||100px||true|false&#8221; custom_margin_tablet=&#8221;40px||40px||true|false&#8221; custom_margin_phone=&#8221;15px||15px||true|false&#8221; custom_margin_last_edited=&#8221;on|phone&#8221; custom_padding=&#8221;15px||||false|false&#8221; header_font_size_tablet=&#8221;30px&#8221; header_font_size_phone=&#8221;30px&#8221; header_font_size_last_edited=&#8221;on|phone&#8221; global_colors_info=&#8221;{}&#8221;]<\/p>\n<h1><span>Translation<\/span><\/h1>\n<p>[\/et_pb_text][\/et_pb_column][et_pb_column type=&#8221;2_5&#8243; _builder_version=&#8221;4.22.2&#8243; _module_preset=&#8221;default&#8221; background_color=&#8221;#000000&#8243; background_image=&#8221;https:\/\/esterhabas-traduction.eu\/wp-content\/uploads\/2023\/10\/Traduction.png&#8221; global_colors_info=&#8221;{}&#8221;][\/et_pb_column][\/et_pb_row][\/et_pb_section][et_pb_section fb_built=&#8221;1&#8243; _builder_version=&#8221;4.22.2&#8243; _module_preset=&#8221;default&#8221; custom_margin=&#8221;0px||||false|false&#8221; custom_padding=&#8221;0px||||false|false&#8221; global_colors_info=&#8221;{}&#8221;][et_pb_row column_structure=&#8221;3_4,1_4&#8243; make_equal=&#8221;on&#8221; _builder_version=&#8221;4.22.2&#8243; _module_preset=&#8221;default&#8221; global_colors_info=&#8221;{}&#8221;][et_pb_column type=&#8221;3_4&#8243; _builder_version=&#8221;4.22.2&#8243; _module_preset=&#8221;default&#8221; global_colors_info=&#8221;{}&#8221;][et_pb_text disabled_on=&#8221;off|off|off&#8221; _builder_version=&#8221;4.22.2&#8243; _module_preset=&#8221;default&#8221; text_font_size=&#8221;16px&#8221; header_2_text_color=&#8221;#000000&#8243; header_2_line_height=&#8221;1.3em&#8221; global_colors_info=&#8221;{}&#8221;]<\/p>\n<h2>Translation from French, Italian and English<br \/><span style=\"color: #c11d1b;\">Into Spanish<\/span><\/h2>\n<p>[\/et_pb_text][et_pb_image src=&#8221;https:\/\/esterhabas-traduction.eu\/wp-content\/uploads\/2023\/10\/Traduction-1.jpg&#8221; title_text=&#8221;Translation&#8221; disabled_on=&#8221;off|off|on&#8221; _builder_version=&#8221;4.22.2&#8243; _module_preset=&#8221;default&#8221; global_colors_info=&#8221;{}&#8221;][\/et_pb_image][et_pb_text _builder_version=&#8221;4.27.0&#8243; _module_preset=&#8221;default&#8221; text_font_size=&#8221;16px&#8221; header_2_text_color=&#8221;#000000&#8243; header_2_line_height=&#8221;1.3em&#8221; header_3_text_align=&#8221;left&#8221; text_orientation=&#8221;justified&#8221; custom_margin=&#8221;||13px|||&#8221; text_orientation_tablet=&#8221;left&#8221; text_orientation_phone=&#8221;left&#8221; text_orientation_last_edited=&#8221;on|tablet&#8221; global_colors_info=&#8221;{}&#8221;]<\/p>\n<p>After studying at the Faculty of Translation and Interpreting at the University of M\u00e1laga, the Institut Libre Marie Haps in Brussels, the IUP of Translation and Interpreting at the University of Toulouse II, and taking the Cambridge Conference Interpretation Course in 2023, I now translate from French, Italian and English into Spanish, my mother tongue. I also provide translation and proofreading services.<\/p>\n<p>Don\u2019t hesitate to call on my multiple linguistic and intercultural skills, built on specialist training and reinforced by a wealth of international professional experience. I unfailingly meet all agreed deadlines and guarantee translations that are both faithful to the original text and adapted to the target. <a href=\"https:\/\/esterhabas-traduction.eu\/en\/testimonials\/\">Read what my clients say<\/a>.<\/p>\n<p>&nbsp;<\/p>\n<h3>Specialisations<\/h3>\n<p>I have been working in the field of <em>cultural translation<\/em> for many years, translating texts for museums such as the Louvre, the Rodin Museum, the Mus\u00e9e des Augustins and many others, as well as for tourist information centres, publishing houses and other institutions in the field.<\/p>\n<p>I also have specialist training in translating in the fields of gastronomy, oenology, architecture, town planning, transport, corporate communications and European projects.<\/p>\n<p>&nbsp;<\/p>\n<p>[\/et_pb_text][et_pb_text _builder_version=&#8221;4.27.0&#8243; _module_preset=&#8221;default&#8221; text_font_size=&#8221;16px&#8221; header_4_text_color=&#8221;#C11D1B&#8221; header_4_line_height=&#8221;1.3em&#8221; background_color=&#8221;#ededed&#8221; text_orientation=&#8221;justified&#8221; custom_padding=&#8221;25px|15px|25px|50px|true|false&#8221; custom_padding_tablet=&#8221;15px|15px|15px|50px|true|false&#8221; custom_padding_phone=&#8221;|||15px|true|false&#8221; custom_padding_last_edited=&#8221;on|phone&#8221; border_color_left=&#8221;#C11D1B&#8221; locked=&#8221;off&#8221; global_colors_info=&#8221;{}&#8221;]<\/p>\n<h2>Certified translation<\/h2>\n<p><a href=\"https:\/\/www.sft.fr\" target=\"_blank\" rel=\"noopener\"><img loading=\"lazy\" decoding=\"async\" src=\"https:\/\/esterhabas-traduction.eu\/wp-content\/uploads\/2022\/10\/SFT-membre-300x261.png\" width=\"137\" height=\"118\" alt=\"\" class=\"wp-image-15 alignnone size-medium\" style=\"float: right;\" srcset=\"https:\/\/esterhabas-traduction.eu\/wp-content\/uploads\/2022\/10\/SFT-membre-300x261.png 300w, https:\/\/esterhabas-traduction.eu\/wp-content\/uploads\/2022\/10\/SFT-membre.png 350w\" sizes=\"(max-width: 137px) 100vw, 137px\" \/><\/a><\/p>\n<h4>I was appointed expert at the court of appeal from Toulouse in 2015.<\/h4>\n<p>Certified translations are used when a signed and stamped official translation is required. For example, for birth, death, or marriage certificates, divorce decrees and court rulings, for which the clients may be individuals, lawyers or the courts or legal authorities.<\/p>\n<p>[\/et_pb_text][\/et_pb_column][et_pb_column type=&#8221;1_4&#8243; _builder_version=&#8221;4.22.2&#8243; _module_preset=&#8221;default&#8221; background_enable_color=&#8221;off&#8221; global_colors_info=&#8221;{}&#8221;][et_pb_image src=&#8221;https:\/\/esterhabas-traduction.eu\/wp-content\/uploads\/2023\/10\/traductrice-1.jpg&#8221; title_text=&#8221;translator&#8221; disabled_on=&#8221;on|on|off&#8221; _builder_version=&#8221;4.22.2&#8243; _module_preset=&#8221;default&#8221; custom_margin=&#8221;77px|||||&#8221; global_colors_info=&#8221;{}&#8221;][\/et_pb_image][et_pb_button button_url=&#8221;https:\/\/esterhabas-traduction.eu\/wp-content\/uploads\/2023\/10\/Traduction_certifiee_bonnes_pratiques.pdf&#8221; url_new_window=&#8221;on&#8221; button_text=&#8221;@ET-DC@eyJkeW5hbWljIjp0cnVlLCJjb250ZW50IjoicG9zdF9tZXRhX2tleSIsInNldHRpbmdzIjp7ImJlZm9yZSI6IiIsImFmdGVyIjoiIiwibWV0YV9rZXkiOiJCb3V0b24yIiwiZW5hYmxlX2h0bWwiOiJvbiJ9fQ==@&#8221; button_alignment=&#8221;left&#8221; _builder_version=&#8221;4.22.2&#8243; _dynamic_attributes=&#8221;button_text&#8221; _module_preset=&#8221;default&#8221; custom_button=&#8221;on&#8221; button_text_size=&#8221;16px&#8221; button_text_color=&#8221;#C11D1B&#8221; button_bg_color=&#8221;#FFFFFF&#8221; button_border_width=&#8221;1px&#8221; button_icon=&#8221;&#xf1c1;||fa||400&#8243; button_icon_color=&#8221;#C11D1B&#8221; button_icon_placement=&#8221;left&#8221; button_on_hover=&#8221;off&#8221; global_colors_info=&#8221;{}&#8221; button_bg_color__hover_enabled=&#8221;on|desktop&#8221; button_bg_color__hover=&#8221;#ededed&#8221; button_bg_enable_color__hover=&#8221;on&#8221;][\/et_pb_button][et_pb_button button_url=&#8221;https:\/\/esterhabas-traduction.eu\/wp-content\/uploads\/2023\/10\/Traduction-faire-les-bons-choix.pdf&#8221; url_new_window=&#8221;on&#8221; button_text=&#8221;@ET-DC@eyJkeW5hbWljIjp0cnVlLCJjb250ZW50IjoicG9zdF9tZXRhX2tleSIsInNldHRpbmdzIjp7ImJlZm9yZSI6IiIsImFmdGVyIjoiIiwibWV0YV9rZXkiOiJCb3V0b24zIiwiZW5hYmxlX2h0bWwiOiJvbiJ9fQ==@&#8221; button_alignment=&#8221;left&#8221; _builder_version=&#8221;4.22.2&#8243; _dynamic_attributes=&#8221;button_text&#8221; _module_preset=&#8221;default&#8221; custom_button=&#8221;on&#8221; button_text_size=&#8221;16px&#8221; button_text_color=&#8221;#C11D1B&#8221; button_bg_color=&#8221;#FFFFFF&#8221; button_border_width=&#8221;1px&#8221; button_icon=&#8221;&#xf1c1;||fa||400&#8243; button_icon_color=&#8221;#C11D1B&#8221; button_icon_placement=&#8221;left&#8221; button_on_hover=&#8221;off&#8221; global_colors_info=&#8221;{}&#8221; button_bg_color__hover_enabled=&#8221;on|desktop&#8221; button_bg_color__hover=&#8221;#ededed&#8221; button_bg_enable_color__hover=&#8221;on&#8221;][\/et_pb_button][\/et_pb_column][\/et_pb_row][et_pb_row column_structure=&#8221;3_4,1_4&#8243; _builder_version=&#8221;4.22.2&#8243; _module_preset=&#8221;default&#8221; global_colors_info=&#8221;{}&#8221;][et_pb_column type=&#8221;3_4&#8243; _builder_version=&#8221;4.22.2&#8243; _module_preset=&#8221;default&#8221; global_colors_info=&#8221;{}&#8221;][et_pb_text _builder_version=&#8221;4.23.1&#8243; _module_preset=&#8221;default&#8221; header_2_line_height=&#8221;1.3em&#8221; text_orientation=&#8221;justified&#8221; global_colors_info=&#8221;{}&#8221;]<\/p>\n<h2><span style=\"color: #c11d1b;\">Translation<\/span> and me<\/h2>\n<p>I always dreamed of being a translator-interpreter. I started studying English at the age of ten. \u00c0 quatorze ans, j\u2019ai d\u00e9couvert ma passion pour le fran\u00e7ais et \u00e0 dix-huit ans, j\u2019ai entam\u00e9 ma formation en italien.<br \/>Le r\u00f4le du traducteur et de l\u2019interpr\u00e8te est pour moi celui du passeur, du m\u00e9diateur, celui qui transmet un message d\u2019une langue \u00e0 une autre, tout en adaptant le contenu \u00e0 la culture cible. For me, translation is a life-long love affair!<\/p>\n<p>[\/et_pb_text][\/et_pb_column][et_pb_column type=&#8221;1_4&#8243; _builder_version=&#8221;4.22.2&#8243; _module_preset=&#8221;default&#8221; global_colors_info=&#8221;{}&#8221;][et_pb_image src=&#8221;https:\/\/esterhabas-traduction.eu\/wp-content\/uploads\/2023\/10\/Fichier-18Traduction.png&#8221; title_text=&#8221;Translation&#8221; _builder_version=&#8221;4.22.2&#8243; _module_preset=&#8221;default&#8221; max_width=&#8221;74%&#8221; global_colors_info=&#8221;{}&#8221;][\/et_pb_image][\/et_pb_column][\/et_pb_row][et_pb_row _builder_version=&#8221;4.22.2&#8243; _module_preset=&#8221;default&#8221; global_colors_info=&#8221;{}&#8221;][et_pb_column type=&#8221;4_4&#8243; _builder_version=&#8221;4.22.2&#8243; _module_preset=&#8221;default&#8221; global_colors_info=&#8221;{}&#8221;][et_pb_button button_url=&#8221;https:\/\/esterhabas-traduction.eu\/en\/contact\/&#8221; button_text=&#8221;Don\u2019t hesitate to contact me with any questions about this type of service or if you need a quote.&#8221; _builder_version=&#8221;4.22.2&#8243; _module_preset=&#8221;default&#8221; global_colors_info=&#8221;{}&#8221;][\/et_pb_button][\/et_pb_column][\/et_pb_row][\/et_pb_section]<\/p>\n","protected":false},"excerpt":{"rendered":"<p>Translation from French, Italian and English Into Spanish.<\/p>\n","protected":false},"author":1,"featured_media":1060,"parent":0,"menu_order":0,"comment_status":"closed","ping_status":"closed","template":"","meta":{"_et_pb_use_builder":"on","_et_pb_old_content":"","_et_gb_content_width":"","footnotes":""},"class_list":["post-1603","page","type-page","status-publish","has-post-thumbnail","hentry"],"yoast_head":"<!-- This site is optimized with the Yoast SEO plugin v26.6 - https:\/\/yoast.com\/wordpress\/plugins\/seo\/ -->\n<title>Translation - Ester Habas Traduction<\/title>\n<meta name=\"description\" content=\"Translation from French, Italian and English Into Spanish.\" \/>\n<meta name=\"robots\" content=\"index, follow, max-snippet:-1, max-image-preview:large, max-video-preview:-1\" \/>\n<link rel=\"canonical\" href=\"https:\/\/esterhabas-traduction.eu\/en\/translation\/\" \/>\n<meta property=\"og:locale\" content=\"en_US\" \/>\n<meta property=\"og:type\" content=\"article\" \/>\n<meta property=\"og:title\" content=\"Translation - Ester Habas Traduction\" \/>\n<meta property=\"og:description\" content=\"Translation from French, Italian and English Into Spanish.\" \/>\n<meta property=\"og:url\" content=\"https:\/\/esterhabas-traduction.eu\/en\/translation\/\" \/>\n<meta property=\"og:site_name\" content=\"Ester Habas Traduction\" \/>\n<meta property=\"article:modified_time\" content=\"2024-09-20T09:01:20+00:00\" \/>\n<meta property=\"og:image\" content=\"https:\/\/esterhabas-traduction.eu\/wp-content\/uploads\/2023\/10\/Traduction.png\" \/>\n\t<meta property=\"og:image:width\" content=\"612\" \/>\n\t<meta property=\"og:image:height\" content=\"408\" \/>\n\t<meta property=\"og:image:type\" content=\"image\/png\" \/>\n<meta name=\"twitter:card\" content=\"summary_large_image\" \/>\n<meta name=\"twitter:label1\" content=\"Est. reading time\" \/>\n\t<meta name=\"twitter:data1\" content=\"6 minutes\" \/>\n<script type=\"application\/ld+json\" class=\"yoast-schema-graph\">{\"@context\":\"https:\/\/schema.org\",\"@graph\":[{\"@type\":\"WebPage\",\"@id\":\"https:\/\/esterhabas-traduction.eu\/en\/translation\/\",\"url\":\"https:\/\/esterhabas-traduction.eu\/en\/translation\/\",\"name\":\"Translation - Ester Habas Traduction\",\"isPartOf\":{\"@id\":\"https:\/\/esterhabas-traduction.eu\/en\/#website\"},\"primaryImageOfPage\":{\"@id\":\"https:\/\/esterhabas-traduction.eu\/en\/translation\/#primaryimage\"},\"image\":{\"@id\":\"https:\/\/esterhabas-traduction.eu\/en\/translation\/#primaryimage\"},\"thumbnailUrl\":\"https:\/\/esterhabas-traduction.eu\/wp-content\/uploads\/2023\/10\/Traduction.png\",\"datePublished\":\"2023-10-12T08:26:43+00:00\",\"dateModified\":\"2024-09-20T09:01:20+00:00\",\"description\":\"Translation from French, Italian and English Into Spanish.\",\"breadcrumb\":{\"@id\":\"https:\/\/esterhabas-traduction.eu\/en\/translation\/#breadcrumb\"},\"inLanguage\":\"en-US\",\"potentialAction\":[{\"@type\":\"ReadAction\",\"target\":[\"https:\/\/esterhabas-traduction.eu\/en\/translation\/\"]}]},{\"@type\":\"ImageObject\",\"inLanguage\":\"en-US\",\"@id\":\"https:\/\/esterhabas-traduction.eu\/en\/translation\/#primaryimage\",\"url\":\"https:\/\/esterhabas-traduction.eu\/wp-content\/uploads\/2023\/10\/Traduction.png\",\"contentUrl\":\"https:\/\/esterhabas-traduction.eu\/wp-content\/uploads\/2023\/10\/Traduction.png\",\"width\":612,\"height\":408},{\"@type\":\"BreadcrumbList\",\"@id\":\"https:\/\/esterhabas-traduction.eu\/en\/translation\/#breadcrumb\",\"itemListElement\":[{\"@type\":\"ListItem\",\"position\":1,\"name\":\"Accueil\",\"item\":\"https:\/\/esterhabas-traduction.eu\/en\/\"},{\"@type\":\"ListItem\",\"position\":2,\"name\":\"Translation\"}]},{\"@type\":\"WebSite\",\"@id\":\"https:\/\/esterhabas-traduction.eu\/en\/#website\",\"url\":\"https:\/\/esterhabas-traduction.eu\/en\/\",\"name\":\"Ester Habas Traduction\",\"description\":\"Interpr\u00e9tation de conf\u00e9rence, cons\u00e9cutive, de liaison, \u00e0 distance et chuchotage\u00a0; traduction fran\u00e7ais, italien, anglais et espagnol\u00a0; voix off et formation espagnol.\",\"publisher\":{\"@id\":\"https:\/\/esterhabas-traduction.eu\/en\/#organization\"},\"potentialAction\":[{\"@type\":\"SearchAction\",\"target\":{\"@type\":\"EntryPoint\",\"urlTemplate\":\"https:\/\/esterhabas-traduction.eu\/en\/?s={search_term_string}\"},\"query-input\":{\"@type\":\"PropertyValueSpecification\",\"valueRequired\":true,\"valueName\":\"search_term_string\"}}],\"inLanguage\":\"en-US\"},{\"@type\":\"Organization\",\"@id\":\"https:\/\/esterhabas-traduction.eu\/en\/#organization\",\"name\":\"Ester Habas\",\"url\":\"https:\/\/esterhabas-traduction.eu\/en\/\",\"logo\":{\"@type\":\"ImageObject\",\"inLanguage\":\"en-US\",\"@id\":\"https:\/\/esterhabas-traduction.eu\/en\/#\/schema\/logo\/image\/\",\"url\":\"https:\/\/esterhabas-traduction.eu\/wp-content\/uploads\/2023\/10\/logo-ester-habas-1.png\",\"contentUrl\":\"https:\/\/esterhabas-traduction.eu\/wp-content\/uploads\/2023\/10\/logo-ester-habas-1.png\",\"width\":800,\"height\":172,\"caption\":\"Ester Habas\"},\"image\":{\"@id\":\"https:\/\/esterhabas-traduction.eu\/en\/#\/schema\/logo\/image\/\"}}]}<\/script>\n<!-- \/ Yoast SEO plugin. -->","yoast_head_json":{"title":"Translation - Ester Habas Traduction","description":"Translation from French, Italian and English Into Spanish.","robots":{"index":"index","follow":"follow","max-snippet":"max-snippet:-1","max-image-preview":"max-image-preview:large","max-video-preview":"max-video-preview:-1"},"canonical":"https:\/\/esterhabas-traduction.eu\/en\/translation\/","og_locale":"en_US","og_type":"article","og_title":"Translation - Ester Habas Traduction","og_description":"Translation from French, Italian and English Into Spanish.","og_url":"https:\/\/esterhabas-traduction.eu\/en\/translation\/","og_site_name":"Ester Habas Traduction","article_modified_time":"2024-09-20T09:01:20+00:00","og_image":[{"width":612,"height":408,"url":"https:\/\/esterhabas-traduction.eu\/wp-content\/uploads\/2023\/10\/Traduction.png","type":"image\/png"}],"twitter_card":"summary_large_image","twitter_misc":{"Est. reading time":"6 minutes"},"schema":{"@context":"https:\/\/schema.org","@graph":[{"@type":"WebPage","@id":"https:\/\/esterhabas-traduction.eu\/en\/translation\/","url":"https:\/\/esterhabas-traduction.eu\/en\/translation\/","name":"Translation - Ester Habas Traduction","isPartOf":{"@id":"https:\/\/esterhabas-traduction.eu\/en\/#website"},"primaryImageOfPage":{"@id":"https:\/\/esterhabas-traduction.eu\/en\/translation\/#primaryimage"},"image":{"@id":"https:\/\/esterhabas-traduction.eu\/en\/translation\/#primaryimage"},"thumbnailUrl":"https:\/\/esterhabas-traduction.eu\/wp-content\/uploads\/2023\/10\/Traduction.png","datePublished":"2023-10-12T08:26:43+00:00","dateModified":"2024-09-20T09:01:20+00:00","description":"Translation from French, Italian and English Into Spanish.","breadcrumb":{"@id":"https:\/\/esterhabas-traduction.eu\/en\/translation\/#breadcrumb"},"inLanguage":"en-US","potentialAction":[{"@type":"ReadAction","target":["https:\/\/esterhabas-traduction.eu\/en\/translation\/"]}]},{"@type":"ImageObject","inLanguage":"en-US","@id":"https:\/\/esterhabas-traduction.eu\/en\/translation\/#primaryimage","url":"https:\/\/esterhabas-traduction.eu\/wp-content\/uploads\/2023\/10\/Traduction.png","contentUrl":"https:\/\/esterhabas-traduction.eu\/wp-content\/uploads\/2023\/10\/Traduction.png","width":612,"height":408},{"@type":"BreadcrumbList","@id":"https:\/\/esterhabas-traduction.eu\/en\/translation\/#breadcrumb","itemListElement":[{"@type":"ListItem","position":1,"name":"Accueil","item":"https:\/\/esterhabas-traduction.eu\/en\/"},{"@type":"ListItem","position":2,"name":"Translation"}]},{"@type":"WebSite","@id":"https:\/\/esterhabas-traduction.eu\/en\/#website","url":"https:\/\/esterhabas-traduction.eu\/en\/","name":"Ester Habas Traduction","description":"Interpr\u00e9tation de conf\u00e9rence, cons\u00e9cutive, de liaison, \u00e0 distance et chuchotage\u00a0; traduction fran\u00e7ais, italien, anglais et espagnol\u00a0; voix off et formation espagnol.","publisher":{"@id":"https:\/\/esterhabas-traduction.eu\/en\/#organization"},"potentialAction":[{"@type":"SearchAction","target":{"@type":"EntryPoint","urlTemplate":"https:\/\/esterhabas-traduction.eu\/en\/?s={search_term_string}"},"query-input":{"@type":"PropertyValueSpecification","valueRequired":true,"valueName":"search_term_string"}}],"inLanguage":"en-US"},{"@type":"Organization","@id":"https:\/\/esterhabas-traduction.eu\/en\/#organization","name":"Ester Habas","url":"https:\/\/esterhabas-traduction.eu\/en\/","logo":{"@type":"ImageObject","inLanguage":"en-US","@id":"https:\/\/esterhabas-traduction.eu\/en\/#\/schema\/logo\/image\/","url":"https:\/\/esterhabas-traduction.eu\/wp-content\/uploads\/2023\/10\/logo-ester-habas-1.png","contentUrl":"https:\/\/esterhabas-traduction.eu\/wp-content\/uploads\/2023\/10\/logo-ester-habas-1.png","width":800,"height":172,"caption":"Ester Habas"},"image":{"@id":"https:\/\/esterhabas-traduction.eu\/en\/#\/schema\/logo\/image\/"}}]}},"_links":{"self":[{"href":"https:\/\/esterhabas-traduction.eu\/en\/wp-json\/wp\/v2\/pages\/1603","targetHints":{"allow":["GET"]}}],"collection":[{"href":"https:\/\/esterhabas-traduction.eu\/en\/wp-json\/wp\/v2\/pages"}],"about":[{"href":"https:\/\/esterhabas-traduction.eu\/en\/wp-json\/wp\/v2\/types\/page"}],"author":[{"embeddable":true,"href":"https:\/\/esterhabas-traduction.eu\/en\/wp-json\/wp\/v2\/users\/1"}],"replies":[{"embeddable":true,"href":"https:\/\/esterhabas-traduction.eu\/en\/wp-json\/wp\/v2\/comments?post=1603"}],"version-history":[{"count":35,"href":"https:\/\/esterhabas-traduction.eu\/en\/wp-json\/wp\/v2\/pages\/1603\/revisions"}],"predecessor-version":[{"id":2541,"href":"https:\/\/esterhabas-traduction.eu\/en\/wp-json\/wp\/v2\/pages\/1603\/revisions\/2541"}],"wp:featuredmedia":[{"embeddable":true,"href":"https:\/\/esterhabas-traduction.eu\/en\/wp-json\/wp\/v2\/media\/1060"}],"wp:attachment":[{"href":"https:\/\/esterhabas-traduction.eu\/en\/wp-json\/wp\/v2\/media?parent=1603"}],"curies":[{"name":"wp","href":"https:\/\/api.w.org\/{rel}","templated":true}]}}