{"id":1569,"date":"2023-10-12T10:26:42","date_gmt":"2023-10-12T08:26:42","guid":{"rendered":"https:\/\/esterhabas-traduction.eu\/who-am-i\/"},"modified":"2024-09-20T10:59:57","modified_gmt":"2024-09-20T08:59:57","slug":"who-am-i","status":"publish","type":"page","link":"https:\/\/esterhabas-traduction.eu\/en\/who-am-i\/","title":{"rendered":"Who am I?"},"content":{"rendered":"<p>[et_pb_section fb_built=&#8221;1&#8243; _builder_version=&#8221;4.22.2&#8243; _module_preset=&#8221;default&#8221; background_color=&#8221;#000000&#8243; background_enable_image=&#8221;off&#8221; background_repeat=&#8221;repeat&#8221; background_enable_pattern_style=&#8221;on&#8221; background_pattern_color=&#8221;#C11D1B&#8221; background_pattern_size=&#8221;custom&#8221; background_pattern_width=&#8221;56px&#8221; custom_margin=&#8221;1px||60px||false|false&#8221; custom_margin_tablet=&#8221;||30px||false|false&#8221; custom_margin_phone=&#8221;||30px||false|false&#8221; custom_margin_last_edited=&#8221;on|phone&#8221; custom_padding=&#8221;0px||0px||true|false&#8221; border_width_top=&#8221;1px&#8221; border_width_bottom=&#8221;1px&#8221; global_colors_info=&#8221;{}&#8221;][et_pb_row column_structure=&#8221;3_5,2_5&#8243; make_equal=&#8221;on&#8221; _builder_version=&#8221;4.22.2&#8243; _module_preset=&#8221;default&#8221; custom_margin=&#8221;0px||0px||false|false&#8221; custom_padding=&#8221;0px||0px||false|false&#8221; global_colors_info=&#8221;{}&#8221;][et_pb_column type=&#8221;3_5&#8243; module_class=&#8221;centrer-verticalement&#8221; _builder_version=&#8221;4.22.2&#8243; _module_preset=&#8221;default&#8221; global_colors_info=&#8221;{}&#8221;][et_pb_text module_class=&#8221;titreback&#8221; _builder_version=&#8221;4.22.2&#8243; _module_preset=&#8221;default&#8221; header_text_color=&#8221;#FFFFFF&#8221; header_font_size=&#8221;41px&#8221; background_enable_color=&#8221;off&#8221; custom_margin=&#8221;100px||100px||true|false&#8221; custom_margin_tablet=&#8221;40px||40px||true|false&#8221; custom_margin_phone=&#8221;15px||15px||true|false&#8221; custom_margin_last_edited=&#8221;on|phone&#8221; custom_padding=&#8221;15px||||false|false&#8221; header_font_size_tablet=&#8221;30px&#8221; header_font_size_phone=&#8221;30px&#8221; header_font_size_last_edited=&#8221;on|phone&#8221; global_colors_info=&#8221;{}&#8221;]<\/p>\n<h1><span>Who am I?<\/span><\/h1>\n<p>[\/et_pb_text][\/et_pb_column][et_pb_column type=&#8221;2_5&#8243; _builder_version=&#8221;4.22.2&#8243; _module_preset=&#8221;default&#8221; background_color=&#8221;#000000&#8243; background_image=&#8221;https:\/\/esterhabas-traduction.eu\/wp-content\/uploads\/2023\/10\/ester-habas-1.png&#8221; global_colors_info=&#8221;{}&#8221;][\/et_pb_column][\/et_pb_row][\/et_pb_section][et_pb_section fb_built=&#8221;1&#8243; _builder_version=&#8221;4.22.2&#8243; _module_preset=&#8221;default&#8221; custom_margin=&#8221;0px||||false|false&#8221; custom_padding=&#8221;0px||||false|false&#8221; global_colors_info=&#8221;{}&#8221;][et_pb_row column_structure=&#8221;3_4,1_4&#8243; make_equal=&#8221;on&#8221; _builder_version=&#8221;4.22.2&#8243; _module_preset=&#8221;default&#8221; global_colors_info=&#8221;{}&#8221;][et_pb_column type=&#8221;3_4&#8243; _builder_version=&#8221;4.22.2&#8243; _module_preset=&#8221;default&#8221; global_colors_info=&#8221;{}&#8221;][et_pb_text disabled_on=&#8221;on|on|off&#8221; _builder_version=&#8221;4.27.0&#8243; _module_preset=&#8221;default&#8221; text_font_size=&#8221;16px&#8221; header_2_text_color=&#8221;#000000&#8243; header_2_line_height=&#8221;1.3em&#8221; text_orientation=&#8221;justified&#8221; text_orientation_tablet=&#8221;justified&#8221; text_orientation_phone=&#8221;justified&#8221; text_orientation_last_edited=&#8221;on|phone&#8221; global_colors_info=&#8221;{}&#8221;]<\/p>\n<p><span>As a fully qualified multi-lingual interpreter and translator with significant international experience, I set up my own company in 2007. I provide conference interpreting services in French, Italian and English&lt;&gt;Spanish, and translation and proofreading services from <\/span><strong>French<\/strong><strong>, Italian <\/strong><span>and <\/span><strong>English<\/strong><span> into <\/span><strong>Span<\/strong><strong>ish<\/strong><span>. I am also a voice-over actor and language trainer in Spanish, my mother tongue. I am also a voice-over actor and language trainer in Spanish, my mother tongue.<\/span><\/p>\n<p>[\/et_pb_text][et_pb_image src=&#8221;https:\/\/esterhabas-traduction.eu\/wp-content\/uploads\/2022\/10\/ester-habas.jpg&#8221; title_text=&#8221;Ester Habas&#8221; disabled_on=&#8221;off|off|on&#8221; _builder_version=&#8221;4.22.2&#8243; _module_preset=&#8221;default&#8221; global_colors_info=&#8221;{}&#8221;][\/et_pb_image][et_pb_text disabled_on=&#8221;off|off|on&#8221; _builder_version=&#8221;4.27.0&#8243; _module_preset=&#8221;default&#8221; text_font_size=&#8221;16px&#8221; header_2_text_color=&#8221;#000000&#8243; header_2_line_height=&#8221;1.3em&#8221; global_colors_info=&#8221;{}&#8221;]<\/p>\n<p><span>As a fully qualified multi-lingual interpreter and translator with significant international experience. I set up my own company in 2007. I provide conference interpreting services in French, Italian and English&lt;&gt;Spanish, and translation and proofreading services from <\/span><strong>French<\/strong><strong>, Italian <\/strong><span>and <\/span><strong>English<\/strong><span> into <\/span><strong>Span<\/strong><strong>ish<\/strong><span>. I am also a voice-over actor and language trainer in Spanish, my mother tongue. I am also a voice-over actor and language trainer in Spanish, my mother tongue.<\/span><\/p>\n<p>[\/et_pb_text][et_pb_text _builder_version=&#8221;4.22.2&#8243; _module_preset=&#8221;default&#8221; text_font_size=&#8221;16px&#8221; background_color=&#8221;#ededed&#8221; custom_padding=&#8221;15px|15px|15px|50px|true|false&#8221; custom_padding_tablet=&#8221;15px|15px|15px|50px|true|false&#8221; custom_padding_phone=&#8221;|||15px|true|false&#8221; custom_padding_last_edited=&#8221;on|phone&#8221; border_color_left=&#8221;#C11D1B&#8221; global_colors_info=&#8221;{}&#8221;]<\/p>\n<p><img loading=\"lazy\" decoding=\"async\" src=\"https:\/\/esterhabas-traduction.eu\/wp-content\/uploads\/2022\/10\/traductrice-209x300.png\" width=\"100\" height=\"144\" alt=\"\" class=\"wp-image-27 alignnone size-medium\" style=\"float: right;\">I am a <strong>Sworn Translator and Certified Court Interpreter for the Toulouse Court of Appeal<\/strong>. As Sworn Translator, I provide certified translations for individuals and businesses, as well as for the various judicial systems in the French and Spanish speaking worlds. As Court Interpreter, I provide services for courts, police stations, notaries, law firms and other legal and judicial entities.<\/p>\n<p>[\/et_pb_text][et_pb_text _builder_version=&#8221;4.22.2&#8243; _module_preset=&#8221;default&#8221; text_font_size=&#8221;16px&#8221; header_2_text_color=&#8221;#000000&#8243; header_2_line_height=&#8221;1.3em&#8221; text_orientation=&#8221;justified&#8221; global_colors_info=&#8221;{}&#8221;]<\/p>\n<p>For any project involving Spanish, <a href=\"https:\/\/esterhabas-traduction.eu\/en\/contact\/\">get in touch<\/a> to discuss how I can best meet your needs.<\/p>\n<p>As a member of the <a href=\"https:\/\/www.sft.fr\/\" target=\"_blank\" rel=\"noopener\">SFT<\/a> (French Society of Translators) and <a href=\"https:\/\/asetrad.org\/\" target=\"_blank\" rel=\"noopener\">ASETRAD<\/a> (Spanish Association of Translators, Proofreaders and Interpreters), I can of course also recommend a professional you can trust to work on projects in any combination of languages.<\/p>\n<p>[\/et_pb_text][\/et_pb_column][et_pb_column type=&#8221;1_4&#8243; _builder_version=&#8221;4.22.2&#8243; _module_preset=&#8221;default&#8221; background_color=&#8221;#ededed&#8221; background_enable_pattern_style=&#8221;on&#8221; background_pattern_color=&#8221;#C11D1B&#8221; background_pattern_size=&#8221;custom&#8221; background_pattern_width=&#8221;57px&#8221; background_enable_mask_style=&#8221;on&#8221; background_mask_style=&#8221;arch&#8221; background_mask_transform=&#8221;flip_horizontal&#8221; global_colors_info=&#8221;{}&#8221;][\/et_pb_column][\/et_pb_row][\/et_pb_section]<\/p>\n","protected":false},"excerpt":{"rendered":"<p>As a fully qualified multi-lingual interpreter and translator with significant international experience, I set up my own company in 2007.<\/p>\n","protected":false},"author":1,"featured_media":96,"parent":0,"menu_order":0,"comment_status":"closed","ping_status":"closed","template":"","meta":{"_et_pb_use_builder":"on","_et_pb_old_content":"","_et_gb_content_width":"","footnotes":""},"class_list":["post-1569","page","type-page","status-publish","has-post-thumbnail","hentry"],"yoast_head":"<!-- This site is optimized with the Yoast SEO plugin v26.6 - https:\/\/yoast.com\/wordpress\/plugins\/seo\/ -->\n<title>Who am I? - Ester Habas Traduction<\/title>\n<meta name=\"description\" content=\"As a fully qualified multi-lingual interpreter and translator with significant international experience, I set up my own company in 2007.\" \/>\n<meta name=\"robots\" content=\"index, follow, max-snippet:-1, max-image-preview:large, max-video-preview:-1\" \/>\n<link rel=\"canonical\" href=\"https:\/\/esterhabas-traduction.eu\/en\/who-am-i\/\" \/>\n<meta property=\"og:locale\" content=\"en_US\" \/>\n<meta property=\"og:type\" content=\"article\" \/>\n<meta property=\"og:title\" content=\"Who am I? - Ester Habas Traduction\" \/>\n<meta property=\"og:description\" content=\"As a fully qualified multi-lingual interpreter and translator with significant international experience, I set up my own company in 2007.\" \/>\n<meta property=\"og:url\" content=\"https:\/\/esterhabas-traduction.eu\/en\/who-am-i\/\" \/>\n<meta property=\"og:site_name\" content=\"Ester Habas Traduction\" \/>\n<meta property=\"article:modified_time\" content=\"2024-09-20T08:59:57+00:00\" \/>\n<meta property=\"og:image\" content=\"https:\/\/esterhabas-traduction.eu\/wp-content\/uploads\/2022\/10\/ester-habas.jpg\" \/>\n\t<meta property=\"og:image:width\" content=\"585\" \/>\n\t<meta property=\"og:image:height\" content=\"662\" \/>\n\t<meta property=\"og:image:type\" content=\"image\/jpeg\" \/>\n<meta name=\"twitter:card\" content=\"summary_large_image\" \/>\n<meta name=\"twitter:label1\" content=\"Est. reading time\" \/>\n\t<meta name=\"twitter:data1\" content=\"4 minutes\" \/>\n<script type=\"application\/ld+json\" class=\"yoast-schema-graph\">{\"@context\":\"https:\/\/schema.org\",\"@graph\":[{\"@type\":\"WebPage\",\"@id\":\"https:\/\/esterhabas-traduction.eu\/en\/who-am-i\/\",\"url\":\"https:\/\/esterhabas-traduction.eu\/en\/who-am-i\/\",\"name\":\"Who am I? - Ester Habas Traduction\",\"isPartOf\":{\"@id\":\"https:\/\/esterhabas-traduction.eu\/en\/#website\"},\"primaryImageOfPage\":{\"@id\":\"https:\/\/esterhabas-traduction.eu\/en\/who-am-i\/#primaryimage\"},\"image\":{\"@id\":\"https:\/\/esterhabas-traduction.eu\/en\/who-am-i\/#primaryimage\"},\"thumbnailUrl\":\"https:\/\/esterhabas-traduction.eu\/wp-content\/uploads\/2022\/10\/ester-habas.jpg\",\"datePublished\":\"2023-10-12T08:26:42+00:00\",\"dateModified\":\"2024-09-20T08:59:57+00:00\",\"description\":\"As a fully qualified multi-lingual interpreter and translator with significant international experience, I set up my own company in 2007.\",\"breadcrumb\":{\"@id\":\"https:\/\/esterhabas-traduction.eu\/en\/who-am-i\/#breadcrumb\"},\"inLanguage\":\"en-US\",\"potentialAction\":[{\"@type\":\"ReadAction\",\"target\":[\"https:\/\/esterhabas-traduction.eu\/en\/who-am-i\/\"]}]},{\"@type\":\"ImageObject\",\"inLanguage\":\"en-US\",\"@id\":\"https:\/\/esterhabas-traduction.eu\/en\/who-am-i\/#primaryimage\",\"url\":\"https:\/\/esterhabas-traduction.eu\/wp-content\/uploads\/2022\/10\/ester-habas.jpg\",\"contentUrl\":\"https:\/\/esterhabas-traduction.eu\/wp-content\/uploads\/2022\/10\/ester-habas.jpg\",\"width\":585,\"height\":662},{\"@type\":\"BreadcrumbList\",\"@id\":\"https:\/\/esterhabas-traduction.eu\/en\/who-am-i\/#breadcrumb\",\"itemListElement\":[{\"@type\":\"ListItem\",\"position\":1,\"name\":\"Accueil\",\"item\":\"https:\/\/esterhabas-traduction.eu\/en\/\"},{\"@type\":\"ListItem\",\"position\":2,\"name\":\"Who am I?\"}]},{\"@type\":\"WebSite\",\"@id\":\"https:\/\/esterhabas-traduction.eu\/en\/#website\",\"url\":\"https:\/\/esterhabas-traduction.eu\/en\/\",\"name\":\"Ester Habas Traduction\",\"description\":\"Interpr\u00e9tation de conf\u00e9rence, cons\u00e9cutive, de liaison, \u00e0 distance et chuchotage\u00a0; traduction fran\u00e7ais, italien, anglais et espagnol\u00a0; voix off et formation espagnol.\",\"publisher\":{\"@id\":\"https:\/\/esterhabas-traduction.eu\/en\/#organization\"},\"potentialAction\":[{\"@type\":\"SearchAction\",\"target\":{\"@type\":\"EntryPoint\",\"urlTemplate\":\"https:\/\/esterhabas-traduction.eu\/en\/?s={search_term_string}\"},\"query-input\":{\"@type\":\"PropertyValueSpecification\",\"valueRequired\":true,\"valueName\":\"search_term_string\"}}],\"inLanguage\":\"en-US\"},{\"@type\":\"Organization\",\"@id\":\"https:\/\/esterhabas-traduction.eu\/en\/#organization\",\"name\":\"Ester Habas\",\"url\":\"https:\/\/esterhabas-traduction.eu\/en\/\",\"logo\":{\"@type\":\"ImageObject\",\"inLanguage\":\"en-US\",\"@id\":\"https:\/\/esterhabas-traduction.eu\/en\/#\/schema\/logo\/image\/\",\"url\":\"https:\/\/esterhabas-traduction.eu\/wp-content\/uploads\/2023\/10\/logo-ester-habas-1.png\",\"contentUrl\":\"https:\/\/esterhabas-traduction.eu\/wp-content\/uploads\/2023\/10\/logo-ester-habas-1.png\",\"width\":800,\"height\":172,\"caption\":\"Ester Habas\"},\"image\":{\"@id\":\"https:\/\/esterhabas-traduction.eu\/en\/#\/schema\/logo\/image\/\"}}]}<\/script>\n<!-- \/ Yoast SEO plugin. -->","yoast_head_json":{"title":"Who am I? - Ester Habas Traduction","description":"As a fully qualified multi-lingual interpreter and translator with significant international experience, I set up my own company in 2007.","robots":{"index":"index","follow":"follow","max-snippet":"max-snippet:-1","max-image-preview":"max-image-preview:large","max-video-preview":"max-video-preview:-1"},"canonical":"https:\/\/esterhabas-traduction.eu\/en\/who-am-i\/","og_locale":"en_US","og_type":"article","og_title":"Who am I? - Ester Habas Traduction","og_description":"As a fully qualified multi-lingual interpreter and translator with significant international experience, I set up my own company in 2007.","og_url":"https:\/\/esterhabas-traduction.eu\/en\/who-am-i\/","og_site_name":"Ester Habas Traduction","article_modified_time":"2024-09-20T08:59:57+00:00","og_image":[{"width":585,"height":662,"url":"https:\/\/esterhabas-traduction.eu\/wp-content\/uploads\/2022\/10\/ester-habas.jpg","type":"image\/jpeg"}],"twitter_card":"summary_large_image","twitter_misc":{"Est. reading time":"4 minutes"},"schema":{"@context":"https:\/\/schema.org","@graph":[{"@type":"WebPage","@id":"https:\/\/esterhabas-traduction.eu\/en\/who-am-i\/","url":"https:\/\/esterhabas-traduction.eu\/en\/who-am-i\/","name":"Who am I? - Ester Habas Traduction","isPartOf":{"@id":"https:\/\/esterhabas-traduction.eu\/en\/#website"},"primaryImageOfPage":{"@id":"https:\/\/esterhabas-traduction.eu\/en\/who-am-i\/#primaryimage"},"image":{"@id":"https:\/\/esterhabas-traduction.eu\/en\/who-am-i\/#primaryimage"},"thumbnailUrl":"https:\/\/esterhabas-traduction.eu\/wp-content\/uploads\/2022\/10\/ester-habas.jpg","datePublished":"2023-10-12T08:26:42+00:00","dateModified":"2024-09-20T08:59:57+00:00","description":"As a fully qualified multi-lingual interpreter and translator with significant international experience, I set up my own company in 2007.","breadcrumb":{"@id":"https:\/\/esterhabas-traduction.eu\/en\/who-am-i\/#breadcrumb"},"inLanguage":"en-US","potentialAction":[{"@type":"ReadAction","target":["https:\/\/esterhabas-traduction.eu\/en\/who-am-i\/"]}]},{"@type":"ImageObject","inLanguage":"en-US","@id":"https:\/\/esterhabas-traduction.eu\/en\/who-am-i\/#primaryimage","url":"https:\/\/esterhabas-traduction.eu\/wp-content\/uploads\/2022\/10\/ester-habas.jpg","contentUrl":"https:\/\/esterhabas-traduction.eu\/wp-content\/uploads\/2022\/10\/ester-habas.jpg","width":585,"height":662},{"@type":"BreadcrumbList","@id":"https:\/\/esterhabas-traduction.eu\/en\/who-am-i\/#breadcrumb","itemListElement":[{"@type":"ListItem","position":1,"name":"Accueil","item":"https:\/\/esterhabas-traduction.eu\/en\/"},{"@type":"ListItem","position":2,"name":"Who am I?"}]},{"@type":"WebSite","@id":"https:\/\/esterhabas-traduction.eu\/en\/#website","url":"https:\/\/esterhabas-traduction.eu\/en\/","name":"Ester Habas Traduction","description":"Interpr\u00e9tation de conf\u00e9rence, cons\u00e9cutive, de liaison, \u00e0 distance et chuchotage\u00a0; traduction fran\u00e7ais, italien, anglais et espagnol\u00a0; voix off et formation espagnol.","publisher":{"@id":"https:\/\/esterhabas-traduction.eu\/en\/#organization"},"potentialAction":[{"@type":"SearchAction","target":{"@type":"EntryPoint","urlTemplate":"https:\/\/esterhabas-traduction.eu\/en\/?s={search_term_string}"},"query-input":{"@type":"PropertyValueSpecification","valueRequired":true,"valueName":"search_term_string"}}],"inLanguage":"en-US"},{"@type":"Organization","@id":"https:\/\/esterhabas-traduction.eu\/en\/#organization","name":"Ester Habas","url":"https:\/\/esterhabas-traduction.eu\/en\/","logo":{"@type":"ImageObject","inLanguage":"en-US","@id":"https:\/\/esterhabas-traduction.eu\/en\/#\/schema\/logo\/image\/","url":"https:\/\/esterhabas-traduction.eu\/wp-content\/uploads\/2023\/10\/logo-ester-habas-1.png","contentUrl":"https:\/\/esterhabas-traduction.eu\/wp-content\/uploads\/2023\/10\/logo-ester-habas-1.png","width":800,"height":172,"caption":"Ester Habas"},"image":{"@id":"https:\/\/esterhabas-traduction.eu\/en\/#\/schema\/logo\/image\/"}}]}},"_links":{"self":[{"href":"https:\/\/esterhabas-traduction.eu\/en\/wp-json\/wp\/v2\/pages\/1569","targetHints":{"allow":["GET"]}}],"collection":[{"href":"https:\/\/esterhabas-traduction.eu\/en\/wp-json\/wp\/v2\/pages"}],"about":[{"href":"https:\/\/esterhabas-traduction.eu\/en\/wp-json\/wp\/v2\/types\/page"}],"author":[{"embeddable":true,"href":"https:\/\/esterhabas-traduction.eu\/en\/wp-json\/wp\/v2\/users\/1"}],"replies":[{"embeddable":true,"href":"https:\/\/esterhabas-traduction.eu\/en\/wp-json\/wp\/v2\/comments?post=1569"}],"version-history":[{"count":22,"href":"https:\/\/esterhabas-traduction.eu\/en\/wp-json\/wp\/v2\/pages\/1569\/revisions"}],"predecessor-version":[{"id":2535,"href":"https:\/\/esterhabas-traduction.eu\/en\/wp-json\/wp\/v2\/pages\/1569\/revisions\/2535"}],"wp:featuredmedia":[{"embeddable":true,"href":"https:\/\/esterhabas-traduction.eu\/en\/wp-json\/wp\/v2\/media\/96"}],"wp:attachment":[{"href":"https:\/\/esterhabas-traduction.eu\/en\/wp-json\/wp\/v2\/media?parent=1569"}],"curies":[{"name":"wp","href":"https:\/\/api.w.org\/{rel}","templated":true}]}}